{"id":152769,"date":"2025-06-03T16:04:06","date_gmt":"2025-06-03T14:04:06","guid":{"rendered":"https:\/\/secureus.se\/?post_type=product&#038;p=152769"},"modified":"2026-03-10T11:05:34","modified_gmt":"2026-03-10T10:05:34","slug":"ajax-motioncam-outdoor-highmount-phod","status":"publish","type":"product","link":"https:\/\/secureus.se\/fi\/ajax-motioncam-outdoor-highmount-phod\/","title":{"rendered":"Ajax MotionCam ulkok\u00e4ytt\u00f6\u00f6n, korkealle asennettava (PhOD)"},"content":{"rendered":"<h1 data-start=\"369\" data-end=\"800\">Ajax MotionCam ulkok\u00e4ytt\u00f6\u00f6n, korkealle asennettava (PhOD)<\/h1>\n<p data-start=\"369\" data-end=\"800\">Ajax MotionCam Outdoor HighMount (PhOD) on edistyksellinen langaton liiketunnistin ulkok\u00e4ytt\u00f6\u00f6n, joka yhdist\u00e4\u00e4 kaksi PIR-anturia ja mikroaaltoanturin liikkeen tarkkaan havaitsemiseen ilman katvealueita.<\/p>\n<p data-start=\"369\" data-end=\"800\">Sis\u00e4\u00e4nrakennettu kamera l\u00e4hett\u00e4\u00e4 kuvia h\u00e4lytyksen sattuessa, savunilmaisimien aktivoituessa ja pyynn\u00f6st\u00e4.<\/p>\n<p data-start=\"369\" data-end=\"800\">Kamerassa on infrapunavalaistus, joka aktivoituu automaattisesti y\u00f6ll\u00e4, jotta kuva olisi selke\u00e4 my\u00f6s h\u00e4m\u00e4r\u00e4ss\u00e4.<\/p>\n<p data-start=\"802\" data-end=\"1115\">Ilmaisimessa on kolme s\u00e4\u00e4dett\u00e4v\u00e4\u00e4 herkkyystasoa ja se on varustettu l\u00e4mp\u00f6tila-anturilla ymp\u00e4rist\u00f6n l\u00e4mp\u00f6tilan mittaamiseksi.<\/p>\n<p data-start=\"802\" data-end=\"1115\">Se on yhteensopiva Hub 2:n, Hub 2 Plusin, Hub Hybrid Fibran ja ReX 2:n kanssa ja se voidaan asentaa 2\u20134 metrin korkeuteen, mik\u00e4 tarjoaa jopa 15 metrin peittoalueen.<\/p>\n<p data-start=\"1117\" data-end=\"1427\">V\u00e4\u00e4rien h\u00e4lytysten minimoimiseksi k\u00e4ytet\u00e4\u00e4n edistyneit\u00e4 algoritmeja, kuten SmartDetect ja LISA, ja Fresnel-linssi mahdollistaa ihmisten erottamisen l\u00e4mm\u00f6st\u00e4 tai liike\u00e4\u00e4nest\u00e4.<\/p>\n<p data-start=\"1117\" data-end=\"1427\">Asennus on helppoa ja joustavaa mukana tulevan metallikiinnikkeen ansiosta, jonka avulla katselukulmaa voi s\u00e4\u00e4t\u00e4\u00e4 kiert\u00e4m\u00e4ll\u00e4.<\/p>\n<p data-start=\"1429\" data-end=\"1561\">Ilmaisimella on IP55-luokitus ja se toimii -25\u00b0 - +60\u00b0C:n l\u00e4mp\u00f6tiloissa, joten se sopii erinomaisesti ulkok\u00e4ytt\u00f6\u00f6n.<\/p>","protected":false},"excerpt":{"rendered":"<p>Ajax MotionCam Outdoor HighMount (PhOD) on langaton liiketunnistin ulkok\u00e4ytt\u00f6\u00f6n, jossa on sis\u00e4\u00e4nrakennettu kamera, joka mahdollistaa valokuvatunnistuksen h\u00e4lytyksen ja liikkeen sattuessa.<\/p>\n<p>Se voidaan asentaa 2\u20134 metrin korkeuteen ja sen tunnistuset\u00e4isyys on jopa 15 metri\u00e4.<\/p>","protected":false},"featured_media":152157,"template":"","meta":{"_acf_changed":false},"product_brand":[],"product_cat":[3156,3157],"product_tag":[4863],"class_list":{"0":"post-152769","1":"product","2":"type-product","3":"status-publish","4":"has-post-thumbnail","6":"product_cat-rorelse-och-kamera","7":"product_cat-utomhussakerhet","8":"product_tag-pf","9":"pa_brands-ajax-systems","10":"pa_farg-vit","11":"tm-no-options","13":"first","14":"onbackorder","15":"sale","16":"taxable","17":"shipping-taxable","18":"purchasable","19":"product-type-simple"},"acf":[],"_links":{"self":[{"href":"https:\/\/secureus.se\/fi\/wp-json\/wp\/v2\/product\/152769","targetHints":{"allow":["GET"]}}],"collection":[{"href":"https:\/\/secureus.se\/fi\/wp-json\/wp\/v2\/product"}],"about":[{"href":"https:\/\/secureus.se\/fi\/wp-json\/wp\/v2\/types\/product"}],"wp:featuredmedia":[{"embeddable":true,"href":"https:\/\/secureus.se\/fi\/wp-json\/wp\/v2\/media\/152157"}],"wp:attachment":[{"href":"https:\/\/secureus.se\/fi\/wp-json\/wp\/v2\/media?parent=152769"}],"wp:term":[{"taxonomy":"product_brand","embeddable":true,"href":"https:\/\/secureus.se\/fi\/wp-json\/wp\/v2\/product_brand?post=152769"},{"taxonomy":"product_cat","embeddable":true,"href":"https:\/\/secureus.se\/fi\/wp-json\/wp\/v2\/product_cat?post=152769"},{"taxonomy":"product_tag","embeddable":true,"href":"https:\/\/secureus.se\/fi\/wp-json\/wp\/v2\/product_tag?post=152769"}],"curies":[{"name":"wp","href":"https:\/\/api.w.org\/{rel}","templated":true}]}}