{"id":153584,"date":"2025-06-27T15:24:49","date_gmt":"2025-06-27T13:24:49","guid":{"rendered":"https:\/\/secureus.se\/?post_type=product&#038;p=153584"},"modified":"2026-03-31T13:29:49","modified_gmt":"2026-03-31T11:29:49","slug":"ajax-indoorcam-4mp-vit-wifi-kamera-for-inomhusbruk","status":"publish","type":"product","link":"https:\/\/secureus.se\/fi\/ajax-indoorcam-4mp-vit-wifi-kamera-for-inomhusbruk\/","title":{"rendered":"Ajax IndoorCam 4MP Valkoinen - WiFi-kamera sis\u00e4k\u00e4ytt\u00f6\u00f6n."},"content":{"rendered":"<p data-start=\"794\" data-end=\"1003\"><strong data-start=\"794\" data-end=\"812\">Ajax IndoorCam<\/strong> yhdist\u00e4\u00e4 kehittyneen turvallisuuden ja helpon asennuksen. Kamera kytkeytyy Ajax-sovellukseen QR-koodin avulla ja aloittaa suoratoiston v\u00e4litt\u00f6m\u00e4sti - k\u00e4ytitp\u00e4 sit\u00e4 sitten itsen\u00e4isesti tai pariliitettyn\u00e4 Ajax-keskittimen kanssa.<\/p>\n<p data-start=\"1008\" data-end=\"1369\">Sis\u00e4\u00e4nrakennettu <strong data-start=\"1021\" data-end=\"1034\">Teko\u00e4lymoottori<\/strong> ja <strong data-start=\"1039\" data-end=\"1054\">PIR-anturi<\/strong> minimoi v\u00e4\u00e4r\u00e4t h\u00e4lytykset tunnistamalla ihmiset, el\u00e4imet ja ajoneuvot. Jos kamera havaitsee henkil\u00f6n, se l\u00e4hett\u00e4\u00e4 push-ilmoituksen; napauta sit\u00e4, niin p\u00e4\u00e4set live-tilaan muutamassa sekunnissa. Jos haluat tarkastella tallenteita j\u00e4lkik\u00e4teen ja suodattaa teko\u00e4lytapahtumia, liit\u00e4 kamera seuraavaan verkkoon <strong data-start=\"1325\" data-end=\"1337\">Ajax NVR<\/strong> tai <strong data-start=\"1344\" data-end=\"1366\">Ajax Pilvivarastointi<\/strong>.<\/p>\n<p data-start=\"1371\" data-end=\"1539\">Ansiosta <strong data-start=\"1381\" data-end=\"1416\">Jalokivikauppias ja siipien p\u00f6yt\u00e4kirjat<\/strong> IndoorCam jatkaa tapahtumien, h\u00e4lytysten ja still-kuvien l\u00e4hett\u00e4mist\u00e4 Ajax-keskittimen kautta, vaikka Wi-Fi-verkko olisi poikki.<\/p>\n<hr data-start=\"1541\" data-end=\"1544\" \/>\n<h2 data-start=\"1546\" data-end=\"1574\"><strong data-start=\"1549\" data-end=\"1574\">Ominaisuudet ja edut<\/strong><\/h2>\n<div class=\"_tableContainer_16hzy_1\">\n<div class=\"_tableWrapper_16hzy_14 group flex w-fit flex-col-reverse\">\n<table class=\"w-fit min-w-(--thread-content-width)\" data-start=\"1576\" data-end=\"2442\">\n<thead data-start=\"1576\" data-end=\"1605\">\n<tr data-start=\"1576\" data-end=\"1605\">\n<th data-start=\"1576\" data-end=\"1591\" data-col-size=\"sm\"><strong data-start=\"1578\" data-end=\"1590\">Luokka<\/strong><\/th>\n<th data-start=\"1591\" data-end=\"1605\" data-col-size=\"md\"><strong data-start=\"1593\" data-end=\"1603\">Yksityiskohta<\/strong><\/th>\n<\/tr>\n<\/thead>\n<tbody data-start=\"1635\" data-end=\"2442\">\n<tr data-start=\"1635\" data-end=\"1693\">\n<td data-start=\"1635\" data-end=\"1647\" data-col-size=\"sm\"><strong data-start=\"1637\" data-end=\"1646\">Video<\/strong><\/td>\n<td data-col-size=\"md\" data-start=\"1647\" data-end=\"1693\">4 MP, 2560 \u00d7 1440 @ 25 fps, <strong data-start=\"1677\" data-end=\"1686\">H.264<\/strong>, HDR<\/td>\n<\/tr>\n<tr data-start=\"1694\" data-end=\"1731\">\n<td data-start=\"1694\" data-end=\"1711\" data-col-size=\"sm\"><strong data-start=\"1696\" data-end=\"1710\">Katselukulma<\/strong><\/td>\n<td data-col-size=\"md\" data-start=\"1711\" data-end=\"1731\">110 \u00b0 H \/ 60 \u00b0 V<\/td>\n<\/tr>\n<tr data-start=\"1732\" data-end=\"1787\">\n<td data-start=\"1732\" data-end=\"1750\" data-col-size=\"sm\"><strong data-start=\"1734\" data-end=\"1749\">IR-y\u00f6tila<\/strong><\/td>\n<td data-col-size=\"md\" data-start=\"1750\" data-end=\"1787\">Jopa 8 m, automaattinen p\u00e4iv\u00e4\/y\u00f6<\/td>\n<\/tr>\n<tr data-start=\"1788\" data-end=\"1862\">\n<td data-start=\"1788\" data-end=\"1804\" data-col-size=\"sm\"><strong data-start=\"1790\" data-end=\"1803\">AI-analyysi<\/strong><\/td>\n<td data-col-size=\"md\" data-start=\"1804\" data-end=\"1862\">Ihmiset \/ El\u00e4imet \/ Ajoneuvot - toimii my\u00f6s ilman varastointia.<\/td>\n<\/tr>\n<tr data-start=\"1863\" data-end=\"1929\">\n<td data-start=\"1863\" data-end=\"1880\" data-col-size=\"sm\"><strong data-start=\"1865\" data-end=\"1879\">PIR anturi<\/strong><\/td>\n<td data-col-size=\"md\" data-start=\"1880\" data-end=\"1929\">4 metrin kattavuus, laukaisutallennus ja push-ilmoitukset<\/td>\n<\/tr>\n<tr data-start=\"1930\" data-end=\"1996\">\n<td data-start=\"1930\" data-end=\"1941\" data-col-size=\"sm\"><strong data-start=\"1932\" data-end=\"1940\">\u00c4\u00e4ni<\/strong><\/td>\n<td data-col-size=\"md\" data-start=\"1941\" data-end=\"1996\">Kaksisuuntainen (mikrofoni + 1,5 W kaiutin), melun ja kaiun poisto<\/td>\n<\/tr>\n<tr data-start=\"1997\" data-end=\"2105\">\n<td data-start=\"1997\" data-end=\"2017\" data-col-size=\"sm\"><strong data-start=\"1999\" data-end=\"2016\">Viestint\u00e4<\/strong><\/td>\n<td data-col-size=\"md\" data-start=\"2017\" data-end=\"2105\">Wi-Fi 802.11 b\/g\/n 2,4 GHz (\u2264 3 Mbit\/s)<br \/>\nJalokivikauppa \u2264 1 700 m<br \/>\nSiivet valokuvia varten<\/td>\n<\/tr>\n<tr data-start=\"2106\" data-end=\"2176\">\n<td data-start=\"2106\" data-end=\"2121\" data-col-size=\"sm\"><strong data-start=\"2108\" data-end=\"2120\">Turvallisuus<\/strong><\/td>\n<td data-col-size=\"md\" data-start=\"2121\" data-end=\"2176\">mTLS-salaus, Secure Boot, NDAA-hyv\u00e4ksytty laitteisto<\/td>\n<\/tr>\n<tr data-start=\"2177\" data-end=\"2259\">\n<td data-start=\"2177\" data-end=\"2193\" data-col-size=\"sm\"><strong data-start=\"2179\" data-end=\"2192\">Skenaariot<\/strong><\/td>\n<td data-col-size=\"md\" data-start=\"2193\" data-end=\"2259\">Aloita tallennus h\u00e4lytyksen sattuessa, n\u00e4yt\u00e4 live-kuva h\u00e4lytyskeskukselle jne.<\/td>\n<\/tr>\n<tr data-start=\"2260\" data-end=\"2321\">\n<td data-start=\"2260\" data-end=\"2272\" data-col-size=\"sm\"><strong data-start=\"2262\" data-end=\"2271\">Nykyinen<\/strong><\/td>\n<td data-col-size=\"md\" data-start=\"2272\" data-end=\"2321\">12 V DC (adapteri, jossa 1,5 m:n kaapeli mukana), \u2264 10 W<\/td>\n<\/tr>\n<tr data-start=\"2322\" data-end=\"2369\">\n<td data-start=\"2322\" data-end=\"2334\" data-col-size=\"sm\"><strong data-start=\"2324\" data-end=\"2333\">Ymp\u00e4rist\u00f6<\/strong><\/td>\n<td data-col-size=\"md\" data-start=\"2334\" data-end=\"2369\">0 ... +40 \u00b0C, \u2264 90 % RH, <strong data-start=\"2359\" data-end=\"2367\">IP20<\/strong><\/td>\n<\/tr>\n<tr data-start=\"2370\" data-end=\"2442\">\n<td data-start=\"2370\" data-end=\"2388\" data-col-size=\"sm\"><strong data-start=\"2372\" data-end=\"2387\">Mitat \/ paino<\/strong><\/td>\n<td data-col-size=\"md\" data-start=\"2388\" data-end=\"2442\">M\u00e4\u00e4ritell\u00e4\u00e4n k\u00e4ytt\u00f6ohjeessa (\u2248 75 \u00d7 75 \u00d7 110 mm), paino n. 200 g.<\/td>\n<\/tr>\n<\/tbody>\n<\/table>\n<div class=\"sticky end-(--thread-content-margin) h-0 self-end select-none\">\n<div class=\"absolute end-0 flex items-end\"><\/div>\n<\/div>\n<\/div>\n<\/div>\n<hr data-start=\"2444\" data-end=\"2447\" \/>\n<h2 data-start=\"2449\" data-end=\"2480\"><strong data-start=\"2452\" data-end=\"2480\">Tekniset tiedot<\/strong><\/h2>\n<div class=\"_tableContainer_16hzy_1\">\n<div class=\"_tableWrapper_16hzy_14 group flex w-fit flex-col-reverse\">\n<table class=\"w-fit min-w-(--thread-content-width)\" data-start=\"2482\" data-end=\"2922\">\n<thead data-start=\"2482\" data-end=\"2503\">\n<tr data-start=\"2482\" data-end=\"2503\">\n<th data-start=\"2482\" data-end=\"2494\" data-col-size=\"sm\">Parametri<\/th>\n<th data-start=\"2494\" data-end=\"2503\" data-col-size=\"md\">Arvo<\/th>\n<\/tr>\n<\/thead>\n<tbody data-start=\"2526\" data-end=\"2922\">\n<tr data-start=\"2526\" data-end=\"2561\">\n<td data-start=\"2526\" data-end=\"2539\" data-col-size=\"sm\">Resoluutio<\/td>\n<td data-col-size=\"md\" data-start=\"2539\" data-end=\"2561\">4 MP (2560 \u00d7 1440)<\/td>\n<\/tr>\n<tr data-start=\"2562\" data-end=\"2587\">\n<td data-start=\"2562\" data-end=\"2577\" data-col-size=\"sm\">Kuvataajuus<\/td>\n<td data-col-size=\"md\" data-start=\"2577\" data-end=\"2587\">25 fps<\/td>\n<\/tr>\n<tr data-start=\"2588\" data-end=\"2612\">\n<td data-start=\"2588\" data-end=\"2603\" data-col-size=\"sm\">Puristus<\/td>\n<td data-col-size=\"md\" data-start=\"2603\" data-end=\"2612\">H.264<\/td>\n<\/tr>\n<tr data-start=\"2613\" data-end=\"2639\">\n<td data-start=\"2613\" data-end=\"2619\" data-col-size=\"sm\">FOV<\/td>\n<td data-start=\"2619\" data-end=\"2639\" data-col-size=\"md\">110 \u00b0 H \/ 60 \u00b0 V<\/td>\n<\/tr>\n<tr data-start=\"2640\" data-end=\"2656\">\n<td data-start=\"2640\" data-end=\"2649\" data-col-size=\"sm\">IR LED<\/td>\n<td data-col-size=\"md\" data-start=\"2649\" data-end=\"2656\">8 m<\/td>\n<\/tr>\n<tr data-start=\"2657\" data-end=\"2677\">\n<td data-start=\"2657\" data-end=\"2670\" data-col-size=\"sm\">PIR-alue<\/td>\n<td data-col-size=\"md\" data-start=\"2670\" data-end=\"2677\">4 m<\/td>\n<\/tr>\n<tr data-start=\"2678\" data-end=\"2741\">\n<td data-start=\"2678\" data-end=\"2693\" data-col-size=\"sm\">Laukaisintyypit<\/td>\n<td data-col-size=\"md\" data-start=\"2693\" data-end=\"2741\">Liike, teko\u00e4lyn kohteet, ilmaisimen h\u00e4lytykset, skenaariot<\/td>\n<\/tr>\n<tr data-start=\"2742\" data-end=\"2787\">\n<td data-start=\"2742\" data-end=\"2752\" data-col-size=\"sm\">Varastointi<\/td>\n<td data-start=\"2752\" data-end=\"2787\" data-col-size=\"md\">Ajax NVR (kiintolevy) tai Ajax Cloud<\/td>\n<\/tr>\n<tr data-start=\"2788\" data-end=\"2820\">\n<td data-start=\"2788\" data-end=\"2806\" data-col-size=\"sm\">Wi-Fi-nopeus<\/td>\n<td data-start=\"2806\" data-end=\"2820\" data-col-size=\"md\">\u2264 3 Mbit\/s<\/td>\n<\/tr>\n<tr data-start=\"2821\" data-end=\"2863\">\n<td data-start=\"2821\" data-end=\"2841\" data-col-size=\"sm\">Jalokivivalikoima<\/td>\n<td data-start=\"2841\" data-end=\"2863\" data-col-size=\"md\">\u2264 1 700 m vapaa n\u00e4kyvyys<\/td>\n<\/tr>\n<tr data-start=\"2864\" data-end=\"2899\">\n<td data-start=\"2864\" data-end=\"2872\" data-col-size=\"sm\">Nykyinen<\/td>\n<td data-start=\"2872\" data-end=\"2899\" data-col-size=\"md\">12 V DC (sovitin sis\u00e4ltyy)<\/td>\n<\/tr>\n<tr data-start=\"2900\" data-end=\"2922\">\n<td data-start=\"2900\" data-end=\"2914\" data-col-size=\"sm\">Suojausluokka<\/td>\n<td data-start=\"2914\" data-end=\"2922\" data-col-size=\"md\">IP20<\/td>\n<\/tr>\n<\/tbody>\n<\/table>\n<div class=\"sticky end-(--thread-content-margin) h-0 self-end select-none\">\n<div class=\"absolute end-0 flex items-end\"><\/div>\n<\/div>\n<\/div>\n<\/div>\n<hr data-start=\"2924\" data-end=\"2927\" \/>\n<h2 data-start=\"2929\" data-end=\"2956\"><strong data-start=\"2932\" data-end=\"2956\">Varaviestint\u00e4<\/strong><\/h2>\n<div class=\"_tableContainer_16hzy_1\">\n<div class=\"_tableWrapper_16hzy_14 group flex w-fit flex-col-reverse\">\n<table class=\"w-fit min-w-(--thread-content-width)\" data-start=\"2958\" data-end=\"3142\">\n<thead data-start=\"2958\" data-end=\"3011\">\n<tr data-start=\"2958\" data-end=\"3011\">\n<th data-start=\"2958\" data-end=\"2967\" data-col-size=\"sm\">Ensisijainen<\/th>\n<th data-start=\"2967\" data-end=\"2976\" data-col-size=\"sm\">Varmuuskopio<\/th>\n<th data-start=\"2976\" data-end=\"3011\" data-col-size=\"sm\">Mit\u00e4 l\u00e4hetet\u00e4\u00e4n Wi-Fi-yhteyksien katketessa?<\/th>\n<\/tr>\n<\/thead>\n<tbody data-start=\"3066\" data-end=\"3142\">\n<tr data-start=\"3066\" data-end=\"3142\">\n<td data-start=\"3066\" data-end=\"3082\" data-col-size=\"sm\">Wi-Fi 2,4 GHz<\/td>\n<td data-start=\"3082\" data-end=\"3115\" data-col-size=\"sm\">Jalokivikauppias + siivet Ajax-hubbin kautta<\/td>\n<td data-start=\"3115\" data-end=\"3142\" data-col-size=\"sm\">H\u00e4lytykset, tapahtumat ja valokuvat<\/td>\n<\/tr>\n<\/tbody>\n<\/table>\n<div class=\"sticky end-(--thread-content-margin) h-0 self-end select-none\">\n<div class=\"absolute end-0 flex items-end\"><\/div>\n<\/div>\n<\/div>\n<\/div>\n<hr data-start=\"3144\" data-end=\"3147\" \/>\n<h2 data-start=\"3149\" data-end=\"3170\"><strong data-start=\"3152\" data-end=\"3170\">Yhteensopivuus<\/strong><\/h2>\n<p data-start=\"3172\" data-end=\"3269\">Hub 2 \/ Hub 2 (4G) \/ Hub 2 Plus \/ Hub BP \/ Hub Hybrid 4G \/ ReX 2 ja muut <strong data-start=\"3247\" data-end=\"3259\">Ajax NVR<\/strong>-malleja.<\/p>\n<p data-start=\"3172\" data-end=\"3269\"><strong>Sis\u00e4lt\u00e4\u00e4:<\/strong><br \/>\nKamera<br \/>\nLiite<br \/>\nPistokemuuntaja, jossa on 1,5 m kaapeli<\/p>","protected":false},"excerpt":{"rendered":"<ul>\n<li data-start=\"100\" data-end=\"177\">\n<p data-start=\"102\" data-end=\"177\"><strong data-start=\"105\" data-end=\"131\">4 MP video (2K) + HDR<\/strong> - ter\u00e4v\u00e4t v\u00e4rit sek\u00e4 vaaleissa ett\u00e4 pimeiss\u00e4 kohtauksissa<\/p>\n<\/li>\n<li data-start=\"178\" data-end=\"259\">\n<p data-start=\"180\" data-end=\"259\"><strong data-start=\"183\" data-end=\"207\">Teko\u00e4lytunnistus + PIR<\/strong> - erottaa ihmiset, el\u00e4imet ja ajoneuvot toisistaan (kantama 4 m).<\/p>\n<\/li>\n<li data-start=\"260\" data-end=\"336\">\n<p data-start=\"262\" data-end=\"336\"><strong data-start=\"265\" data-end=\"289\">Kaksisuuntainen viestint\u00e4<\/strong> - sis\u00e4\u00e4nrakennettu mikrofoni (G.722) ja 85 dB kaiutin<\/p>\n<\/li>\n<li data-start=\"337\" data-end=\"427\">\n<p data-start=\"339\" data-end=\"427\"><strong data-start=\"342\" data-end=\"383\">Wi-Fi 2,4 GHz + korujen\/siipien varmuuskopiointi<\/strong> - s\u00e4ilytt\u00e4\u00e4 h\u00e4lytykset ja kuvat, jos Wi-Fi-yhteys katkeaa.<\/p>\n<\/li>\n<li data-start=\"428\" data-end=\"515\">\n<p data-start=\"430\" data-end=\"515\"><strong data-start=\"433\" data-end=\"453\">Joustava s\u00e4ilytystila<\/strong> - paikallisesti osoitteessa <strong data-start=\"466\" data-end=\"478\">Ajax NVR<\/strong> tai <strong data-start=\"487\" data-end=\"501\">Ajax Cloud<\/strong> (tulossa pian)<\/p>\n<\/li>\n<li data-start=\"516\" data-end=\"590\">\n<p data-start=\"518\" data-end=\"590\"><strong data-start=\"521\" data-end=\"559\">NDAA-yhteensopiva ja salattu (mTLS)<\/strong> - ei kiellettyj\u00e4 komponentteja<\/p>\n<\/li>\n<li data-start=\"591\" data-end=\"684\">\n<p data-start=\"593\" data-end=\"684\"><strong data-start=\"596\" data-end=\"625\">Skenaariot ja keskuksen ohjaus<\/strong> - tallentaa jatkuvasti tai vain silloin, kun h\u00e4lytys on kytketty p\u00e4\u00e4lle.<\/p>\n<\/li>\n<li data-start=\"685\" data-end=\"760\">\n<p data-start=\"687\" data-end=\"760\">\ud83d\udd0c <strong data-start=\"690\" data-end=\"724\">12 V DC-sovitin (sis\u00e4ltyy) + IP20<\/strong> - t\u00e4ydellinen kotiin, toimistoon ja myym\u00e4l\u00e4\u00e4n<\/p>\n<\/li>\n<\/ul>","protected":false},"featured_media":155506,"template":"","meta":{"_acf_changed":false},"product_brand":[],"product_cat":[4011,3156],"product_tag":[4863],"class_list":{"0":"post-153584","1":"product","2":"type-product","3":"status-publish","4":"has-post-thumbnail","6":"product_cat-ajax-kameror","7":"product_cat-rorelse-och-kamera","8":"product_tag-pf","9":"pa_brands-ajax-systems","10":"pa_farg-vit","11":"tm-no-options","13":"first","14":"instock","15":"sale","16":"taxable","17":"shipping-taxable","18":"purchasable","19":"product-type-simple"},"acf":[],"_links":{"self":[{"href":"https:\/\/secureus.se\/fi\/wp-json\/wp\/v2\/product\/153584","targetHints":{"allow":["GET"]}}],"collection":[{"href":"https:\/\/secureus.se\/fi\/wp-json\/wp\/v2\/product"}],"about":[{"href":"https:\/\/secureus.se\/fi\/wp-json\/wp\/v2\/types\/product"}],"wp:featuredmedia":[{"embeddable":true,"href":"https:\/\/secureus.se\/fi\/wp-json\/wp\/v2\/media\/155506"}],"wp:attachment":[{"href":"https:\/\/secureus.se\/fi\/wp-json\/wp\/v2\/media?parent=153584"}],"wp:term":[{"taxonomy":"product_brand","embeddable":true,"href":"https:\/\/secureus.se\/fi\/wp-json\/wp\/v2\/product_brand?post=153584"},{"taxonomy":"product_cat","embeddable":true,"href":"https:\/\/secureus.se\/fi\/wp-json\/wp\/v2\/product_cat?post=153584"},{"taxonomy":"product_tag","embeddable":true,"href":"https:\/\/secureus.se\/fi\/wp-json\/wp\/v2\/product_tag?post=153584"}],"curies":[{"name":"wp","href":"https:\/\/api.w.org\/{rel}","templated":true}]}}