{"id":153623,"date":"2025-06-27T16:39:55","date_gmt":"2025-06-27T14:39:55","guid":{"rendered":"https:\/\/secureus.se\/ajax-speakerphone-vit\/"},"modified":"2026-03-31T13:29:49","modified_gmt":"2026-03-31T11:29:49","slug":"ajax-speakerphone-vit","status":"publish","type":"product","link":"https:\/\/secureus.se\/fi\/ajax-speakerphone-vit\/","title":{"rendered":"Ajax SpeakerPhone White - h\u00e4lytyskeskuskaiutin, 2-suuntainen langaton kaiutin."},"content":{"rendered":"<p data-start=\"755\" data-end=\"1123\"><strong data-start=\"755\" data-end=\"776\">Ajax-kaiutinpuhelin<\/strong> tekee h\u00e4lytyksen vahvistuksen yht\u00e4 nopeasti kuin puhelu. Kun h\u00e4lytys laukeaa, sireenit sammutetaan ja h\u00e4lytyskeskuksen operaattori yhdistet\u00e4\u00e4n <strong data-start=\"912\" data-end=\"946\">selke\u00e4 kaksisuuntainen tiedonsiirto<\/strong>K\u00e4ytt\u00e4j\u00e4 voi kuunnella \u00e4\u00e4niymp\u00e4rist\u00f6\u00e4, puhua paikalla olevien ihmisten kanssa ja p\u00e4\u00e4tt\u00e4\u00e4 v\u00e4litt\u00f6m\u00e4sti, pit\u00e4isik\u00f6 vartijoita, poliisia tai pelastuspalveluita h\u00e4lytt\u00e4\u00e4 \u2013 vai onko kyseess\u00e4 v\u00e4\u00e4r\u00e4 h\u00e4lytys.<\/p>\n<p data-start=\"1125\" data-end=\"1387\">Yksikk\u00f6 toimii itsen\u00e4isesti n\u00e4pp\u00e4imen kautta <strong data-start=\"1157\" data-end=\"1172\">Wi-Fi + SIP<\/strong> tai osana Ajax-j\u00e4rjestelm\u00e4\u00e4 (Hub 2 4G \/ Hub 2 Plus \/ Hub Hybrid 4G). Keskitinyhteydell\u00e4 salattu <strong data-start=\"1294\" data-end=\"1321\">Kultasep\u00e4n\/Wingsin varahenkil\u00f6<\/strong>, joten tapahtumat ja \u00e4\u00e4niliikenne jatkuvat my\u00f6s verkkokatkosten aikana.<\/p>\n<hr data-start=\"1389\" data-end=\"1392\" \/>\n<h2 data-start=\"1394\" data-end=\"1422\"><strong data-start=\"1397\" data-end=\"1422\">Ominaisuudet ja edut<\/strong><\/h2>\n<div class=\"_tableContainer_16hzy_1\">\n<div class=\"_tableWrapper_16hzy_14 group flex w-fit flex-col-reverse\">\n<table class=\"w-fit min-w-(--thread-content-width)\" data-start=\"1424\" data-end=\"2136\">\n<thead data-start=\"1424\" data-end=\"1453\">\n<tr data-start=\"1424\" data-end=\"1453\">\n<th data-start=\"1424\" data-end=\"1439\" data-col-size=\"sm\"><strong data-start=\"1426\" data-end=\"1438\">Luokka<\/strong><\/th>\n<th data-start=\"1439\" data-end=\"1453\" data-col-size=\"md\"><strong data-start=\"1441\" data-end=\"1451\">Yksityiskohta<\/strong><\/th>\n<\/tr>\n<\/thead>\n<tbody data-start=\"1483\" data-end=\"2136\">\n<tr data-start=\"1483\" data-end=\"1555\">\n<td data-start=\"1483\" data-end=\"1494\" data-col-size=\"sm\"><strong data-start=\"1485\" data-end=\"1493\">\u00c4\u00e4ni<\/strong><\/td>\n<td data-start=\"1494\" data-end=\"1555\" data-col-size=\"md\">103 dB:n enimm\u00e4is\u00e4\u00e4nenvoimakkuus, s\u00e4\u00e4dett\u00e4v\u00e4 \u2022 G722-koodekki \u2022 Teko\u00e4lyll\u00e4 tehty kaiunvaimennus<\/td>\n<\/tr>\n<tr data-start=\"1556\" data-end=\"1647\">\n<td data-start=\"1556\" data-end=\"1576\" data-col-size=\"sm\"><strong data-start=\"1558\" data-end=\"1575\">Viestint\u00e4<\/strong><\/td>\n<td data-start=\"1576\" data-end=\"1647\" data-col-size=\"md\">Wi-Fi 2,4 GHz (\u2264 3 Mbit\/s) \u2022 Kultasep\u00e4nliike \u2264 1 700 m \u2022 Wingin valokuvauskanavat<\/td>\n<\/tr>\n<tr data-start=\"1648\" data-end=\"1741\">\n<td data-start=\"1648\" data-end=\"1664\" data-col-size=\"sm\"><strong data-start=\"1650\" data-end=\"1663\">p\u00f6yt\u00e4kirja<\/strong><\/td>\n<td data-start=\"1664\" data-end=\"1741\" data-col-size=\"md\"><strong data-start=\"1666\" data-end=\"1676\">VoRF1\u2122<\/strong> (omistettu) matalan latenssin takaamiseksi \u2022 <strong data-start=\"1708\" data-end=\"1715\">SIEMAILLA<\/strong> keskitetty\u00e4 integrointia varten<\/td>\n<\/tr>\n<tr data-start=\"1742\" data-end=\"1822\">\n<td data-start=\"1742\" data-end=\"1759\" data-col-size=\"sm\"><strong data-start=\"1744\" data-end=\"1758\">SIP-palvelin<\/strong><\/td>\n<td data-start=\"1759\" data-end=\"1822\" data-col-size=\"md\">Yhteensopiva Asteriskin, ESI:n, Evalink Talosin, Sentinelin ja muiden kanssa.<\/td>\n<\/tr>\n<tr data-start=\"1823\" data-end=\"1912\">\n<td data-start=\"1823\" data-end=\"1836\" data-col-size=\"sm\"><strong data-start=\"1825\" data-end=\"1835\">Varmuuskopio<\/strong><\/td>\n<td data-start=\"1836\" data-end=\"1912\" data-col-size=\"md\">Pariston k\u00e4ytt\u00f6aika \u2264 4 vuotta valmiustilassa \/ 12 h puheaikaa \u2022 12 V DC tulo = jatkuva k\u00e4ytt\u00f6<\/td>\n<\/tr>\n<tr data-start=\"1913\" data-end=\"1971\">\n<td data-start=\"1913\" data-end=\"1929\" data-col-size=\"sm\"><strong data-start=\"1915\" data-end=\"1928\">Kapasiteetti<\/strong><\/td>\n<td data-start=\"1929\" data-end=\"1971\" data-col-size=\"md\">Jopa <strong data-start=\"1940\" data-end=\"1969\">10 kaiutinpuhelinta keskitint\u00e4 kohden<\/strong><\/td>\n<\/tr>\n<tr data-start=\"1972\" data-end=\"2056\">\n<td data-start=\"1972\" data-end=\"1987\" data-col-size=\"sm\"><strong data-start=\"1974\" data-end=\"1986\">Turvallisuus<\/strong><\/td>\n<td data-start=\"1987\" data-end=\"2056\" data-col-size=\"md\">mTLS-salaus, Secure Boot, IP50-kotelointi, OTA-laiteohjelmistop\u00e4ivitykset<\/td>\n<\/tr>\n<tr data-start=\"2057\" data-end=\"2136\">\n<td data-start=\"2057\" data-end=\"2076\" data-col-size=\"sm\"><strong data-start=\"2059\" data-end=\"2075\">Asennus<\/strong><\/td>\n<td data-start=\"2076\" data-end=\"2136\" data-col-size=\"md\">QR-koodi sovelluksessa, suositeltu korkeus 1,6 m, sein\u00e4\/p\u00f6yt\u00e4<\/td>\n<\/tr>\n<\/tbody>\n<\/table>\n<div class=\"sticky end-(--thread-content-margin) h-0 self-end select-none\">\n<div class=\"absolute end-0 flex items-end\"><\/div>\n<\/div>\n<\/div>\n<\/div>\n<hr data-start=\"2138\" data-end=\"2141\" \/>\n<h2 data-start=\"2143\" data-end=\"2174\"><strong data-start=\"2146\" data-end=\"2174\">Tekniset tiedot<\/strong><\/h2>\n<div class=\"_tableContainer_16hzy_1\">\n<div class=\"_tableWrapper_16hzy_14 group flex w-fit flex-col-reverse\">\n<table class=\"w-fit min-w-(--thread-content-width)\" data-start=\"2176\" data-end=\"2630\">\n<thead data-start=\"2176\" data-end=\"2197\">\n<tr data-start=\"2176\" data-end=\"2197\">\n<th data-start=\"2176\" data-end=\"2188\" data-col-size=\"sm\">Parametri<\/th>\n<th data-start=\"2188\" data-end=\"2197\" data-col-size=\"sm\">Arvo<\/th>\n<\/tr>\n<\/thead>\n<tbody data-start=\"2220\" data-end=\"2630\">\n<tr data-start=\"2220\" data-end=\"2272\">\n<td data-start=\"2220\" data-end=\"2250\" data-col-size=\"sm\">Langaton kantama (kultasepp\u00e4)<\/td>\n<td data-start=\"2250\" data-end=\"2272\" data-col-size=\"sm\">\u2264 1 700 m vapaa n\u00e4kyvyys<\/td>\n<\/tr>\n<tr data-start=\"2273\" data-end=\"2313\">\n<td data-start=\"2273\" data-end=\"2285\" data-col-size=\"sm\">Paristot<\/td>\n<td data-start=\"2285\" data-end=\"2313\" data-col-size=\"sm\">4 \u00d7 CR123A (3 V) \u2013 sis\u00e4ltyy pakkaukseen<\/td>\n<\/tr>\n<tr data-start=\"2314\" data-end=\"2367\">\n<td data-start=\"2314\" data-end=\"2333\" data-col-size=\"sm\">Akun kesto<\/td>\n<td data-start=\"2333\" data-end=\"2367\" data-col-size=\"sm\">\u2264 4 vuotta valmiustilassa \/ \u2264 12 h puheaikaa<\/td>\n<\/tr>\n<tr data-start=\"2368\" data-end=\"2405\">\n<td data-start=\"2368\" data-end=\"2383\" data-col-size=\"sm\">Ulkoinen virtal\u00e4hde<\/td>\n<td data-start=\"2383\" data-end=\"2405\" data-col-size=\"sm\">12 V DC \u00b110 %, 1A<\/td>\n<\/tr>\n<tr data-start=\"2406\" data-end=\"2447\">\n<td data-start=\"2406\" data-end=\"2420\" data-col-size=\"sm\">Yksik\u00f6iden enimm\u00e4ism\u00e4\u00e4r\u00e4<\/td>\n<td data-start=\"2420\" data-end=\"2447\" data-col-size=\"sm\">10 kaiutinpuhelinta \/ keskitin<\/td>\n<\/tr>\n<tr data-start=\"2448\" data-end=\"2484\">\n<td data-start=\"2448\" data-end=\"2460\" data-col-size=\"sm\">\u00c4\u00e4nenpaine<\/td>\n<td data-start=\"2460\" data-end=\"2484\" data-col-size=\"sm\">Jopa 103 dB @ 1 m<\/td>\n<\/tr>\n<tr data-start=\"2485\" data-end=\"2523\">\n<td data-start=\"2485\" data-end=\"2497\" data-col-size=\"sm\">L\u00e4mp\u00f6tila\/RH<\/td>\n<td data-start=\"2497\" data-end=\"2523\" data-col-size=\"sm\">0 \u2026 +40 \u00b0C \u2022 \u2264 75 % RH<\/td>\n<\/tr>\n<tr data-start=\"2524\" data-end=\"2543\">\n<td data-start=\"2524\" data-end=\"2535\" data-col-size=\"sm\">IP-luokka<\/td>\n<td data-start=\"2535\" data-end=\"2543\" data-col-size=\"sm\">IP50<\/td>\n<\/tr>\n<tr data-start=\"2544\" data-end=\"2583\">\n<td data-start=\"2544\" data-end=\"2551\" data-col-size=\"sm\">Mitata<\/td>\n<td data-start=\"2551\" data-end=\"2583\" data-col-size=\"sm\">\u00d8 \u2248 110 mm \u00d7 S \u2248 40 mm (tyyppi)<\/td>\n<\/tr>\n<tr data-start=\"2584\" data-end=\"2630\">\n<td data-start=\"2584\" data-end=\"2604\" data-col-size=\"sm\">Asennuskorkeus<\/td>\n<td data-start=\"2604\" data-end=\"2630\" data-col-size=\"sm\">1,60 m (suositus)<\/td>\n<\/tr>\n<\/tbody>\n<\/table>\n<div class=\"sticky end-(--thread-content-margin) h-0 self-end select-none\">\n<div class=\"absolute end-0 flex items-end\"><\/div>\n<\/div>\n<\/div>\n<\/div>\n<hr data-start=\"2632\" data-end=\"2635\" \/>\n<h2 data-start=\"2637\" data-end=\"2662\"><strong data-start=\"2640\" data-end=\"2662\">K\u00e4ytt\u00f6alueet<\/strong><\/h2>\n<div class=\"_tableContainer_16hzy_1\">\n<div class=\"_tableWrapper_16hzy_14 group flex w-fit flex-col-reverse\">\n<table class=\"w-fit min-w-(--thread-content-width)\" data-start=\"2664\" data-end=\"3024\">\n<thead data-start=\"2664\" data-end=\"2681\">\n<tr data-start=\"2664\" data-end=\"2681\">\n<th data-start=\"2664\" data-end=\"2672\" data-col-size=\"sm\">Ymp\u00e4rist\u00f6<\/th>\n<th data-start=\"2672\" data-end=\"2681\" data-col-size=\"md\">Hy\u00f6ty<\/th>\n<\/tr>\n<\/thead>\n<tbody data-start=\"2700\" data-end=\"3024\">\n<tr data-start=\"2700\" data-end=\"2771\">\n<td data-start=\"2700\" data-end=\"2710\" data-col-size=\"sm\"><strong data-start=\"2702\" data-end=\"2709\">Kotiin<\/strong><\/td>\n<td data-start=\"2710\" data-end=\"2771\" data-col-size=\"md\">K\u00e4ytt\u00e4j\u00e4 voi v\u00e4litt\u00f6m\u00e4sti havaita v\u00e4\u00e4r\u00e4t h\u00e4lytykset tai l\u00e4hett\u00e4\u00e4 apua<\/td>\n<\/tr>\n<tr data-start=\"2772\" data-end=\"2861\">\n<td data-start=\"2772\" data-end=\"2795\" data-col-size=\"sm\"><strong data-start=\"2774\" data-end=\"2794\">Liiketoiminta ja toimisto<\/strong><\/td>\n<td data-start=\"2795\" data-end=\"2861\" data-col-size=\"md\">Nopea reagointi murtovarkauksiin, uhkaaviin tilanteisiin tai paloh\u00e4lytyksiin<\/td>\n<\/tr>\n<tr data-start=\"2862\" data-end=\"2936\">\n<td data-start=\"2862\" data-end=\"2874\" data-col-size=\"sm\"><strong data-start=\"2864\" data-end=\"2873\">Kauppa<\/strong><\/td>\n<td data-start=\"2874\" data-end=\"2936\" data-col-size=\"md\">Torju varkaat \u00e4\u00e4nivaikuttamisen avulla, suojaa henkil\u00f6kuntaa ja asiakkaita<\/td>\n<\/tr>\n<tr data-start=\"2937\" data-end=\"3024\">\n<td data-start=\"2937\" data-end=\"2966\" data-col-size=\"sm\"><strong data-start=\"2939\" data-end=\"2965\">Ik\u00e4ihmiset ja hoitokodit<\/strong><\/td>\n<td data-start=\"2966\" data-end=\"3024\" data-col-size=\"md\">Kaksisuuntainen viestint\u00e4 kaatumisen, onnettomuuden tai paniikkih\u00e4lytyksen sattuessa<\/td>\n<\/tr>\n<\/tbody>\n<\/table>\n<\/div>\n<\/div>","protected":false},"excerpt":{"rendered":"<ul>\n<li data-start=\"118\" data-end=\"211\">\n<p data-start=\"120\" data-end=\"211\"><strong data-start=\"123\" data-end=\"159\">Kaksisuuntainen t\u00e4ysduplex-\u00e4\u00e4ni (VoRF1\u2122)<\/strong> - selke\u00e4 keskustelu h\u00e4lytyskeskuksen ja kohteen v\u00e4lill\u00e4<\/p>\n<\/li>\n<li data-start=\"212\" data-end=\"306\">\n<p data-start=\"214\" data-end=\"306\"><strong data-start=\"217\" data-end=\"250\">Wi-Fi + koruntekij\u00e4\/siipien varmistus<\/strong> - tapahtumat ja puhe toimii, vaikka verkko kaatuu<\/p>\n<\/li>\n<li data-start=\"307\" data-end=\"394\">\n<p data-start=\"309\" data-end=\"394\"><strong data-start=\"312\" data-end=\"330\">SIP-palvelimen tuki<\/strong> - integroituu Asteriskin, ESI:n, Evalink Talosin, Sentinelin jne. kanssa.<\/p>\n<\/li>\n<li data-start=\"395\" data-end=\"480\">\n<p data-start=\"397\" data-end=\"480\"><strong data-start=\"400\" data-end=\"441\">4 \u00d7 CR123A paristoa (\u2264 4 vuoden valmiustila)<\/strong> + 12 V DC-tulo p\u00e4\u00e4-\/varavirtasy\u00f6tt\u00f6n\u00e4<\/p>\n<\/li>\n<li data-start=\"481\" data-end=\"572\">\n<p data-start=\"483\" data-end=\"572\"><strong data-start=\"486\" data-end=\"511\">\u00c4\u00e4nenvoimakkuus jopa 103 dB<\/strong> - kuullaan selv\u00e4sti suuremmissa tiloissa, jopa 10 yksikk\u00f6\u00e4\/keskittym\u00e4<\/p>\n<\/li>\n<li data-start=\"573\" data-end=\"630\">\n<p data-start=\"575\" data-end=\"630\"><strong data-start=\"578\" data-end=\"598\">Kantama 1 700 m<\/strong> (vapaa n\u00e4kym\u00e4) kautta Jeweller radio<\/p>\n<\/li>\n<li data-start=\"631\" data-end=\"721\">\n<p data-start=\"633\" data-end=\"721\"><strong data-start=\"637\" data-end=\"682\">NDAA-yhteensopiva, IP50- ja OTA-p\u00e4ivitykset<\/strong> - tulevaisuudenkest\u00e4v\u00e4 ja huoltovapaa<\/p>\n<\/li>\n<\/ul>","protected":false},"featured_media":155465,"template":"","meta":{"_acf_changed":false},"product_brand":[],"product_cat":[3163],"product_tag":[4863],"class_list":{"0":"post-153623","1":"product","2":"type-product","3":"status-publish","4":"has-post-thumbnail","6":"product_cat-sirener","7":"product_tag-pf","8":"pa_brands-ajax-systems","9":"pa_farg-vit","10":"tm-no-options","12":"first","13":"onbackorder","14":"taxable","15":"shipping-taxable","16":"purchasable","17":"product-type-simple"},"acf":[],"_links":{"self":[{"href":"https:\/\/secureus.se\/fi\/wp-json\/wp\/v2\/product\/153623","targetHints":{"allow":["GET"]}}],"collection":[{"href":"https:\/\/secureus.se\/fi\/wp-json\/wp\/v2\/product"}],"about":[{"href":"https:\/\/secureus.se\/fi\/wp-json\/wp\/v2\/types\/product"}],"wp:featuredmedia":[{"embeddable":true,"href":"https:\/\/secureus.se\/fi\/wp-json\/wp\/v2\/media\/155465"}],"wp:attachment":[{"href":"https:\/\/secureus.se\/fi\/wp-json\/wp\/v2\/media?parent=153623"}],"wp:term":[{"taxonomy":"product_brand","embeddable":true,"href":"https:\/\/secureus.se\/fi\/wp-json\/wp\/v2\/product_brand?post=153623"},{"taxonomy":"product_cat","embeddable":true,"href":"https:\/\/secureus.se\/fi\/wp-json\/wp\/v2\/product_cat?post=153623"},{"taxonomy":"product_tag","embeddable":true,"href":"https:\/\/secureus.se\/fi\/wp-json\/wp\/v2\/product_tag?post=153623"}],"curies":[{"name":"wp","href":"https:\/\/api.w.org\/{rel}","templated":true}]}}