{"id":153998,"date":"2023-11-23T09:56:32","date_gmt":"2023-11-23T08:56:32","guid":{"rendered":"https:\/\/secureus.se\/kombidetektor-ir-mv-dt8012f4\/"},"modified":"2026-04-08T16:40:06","modified_gmt":"2026-04-08T14:40:06","slug":"kombidetektor-ir-mv-dt8012f4","status":"publish","type":"product","link":"https:\/\/secureus.se\/fi\/kombidetektor-ir-mv-dt8012f4\/","title":{"rendered":"Honeywell yhdistetty IR\/MV-ilmaisin DT8012F4 - h\u00e4lytysluokka 2."},"content":{"rendered":"<h1>Honeywellin yhdistetty infrapuna-\/keskij\u00e4nniteilmaisin DT8012F4<\/h1>\n<p data-start=\"324\" data-end=\"1290\">Honeywellin COMBI DETECTOR IR\/MV DT8012F4 on korkealaatuinen ilmaisin, joka yhdist\u00e4\u00e4 PIR-peili- ja mikroaaltotekniikan tarjotakseen luotettavaa suojaa kaupallisissa ymp\u00e4rist\u00f6iss\u00e4, joissa luokan 2 j\u00e4rjestelm\u00e4\u00e4 saatetaan tarvita.<\/p>\n<p data-start=\"324\" data-end=\"1290\">Se tarjoaa parannetun v\u00e4\u00e4rien h\u00e4lytysten sietokyvyn patentoitujen ratkaisujen, kuten DualCore\u2122-signaalink\u00e4sittelyn, ansiosta, mik\u00e4 tekee siit\u00e4 ihanteellisen alueille, joita on vaikea suojata standardituotteilla.<br data-start=\"750\" data-end=\"753\" \/>T\u00e4m\u00e4 ilmaisin on helppo asentaa pohjan ja ilmaisimen rungon v\u00e4lisen pistoliit\u00e4nn\u00e4n ansiosta, mik\u00e4 v\u00e4hent\u00e4\u00e4 asennusaikaa ja monimutkaisuutta.<\/p>\n<p data-start=\"324\" data-end=\"1290\">DT8012F4:n kantama on 12 x 17 m, ja siin\u00e4 on X-Band-mikroaaltotekniikka 10,525 GHz:n taajuudella, mik\u00e4 varmistaa optimaalisen suorituskyvyn ja suojaa tilasi.<br data-start=\"1057\" data-end=\"1060\" \/>Lis\u00e4ksi sen valkoisen valon sietokyky on 6 500 luksia ja lemmikkien sietokyky 45 kg, joten se sopii lemmikkien kanssa k\u00e4yt\u00e4v\u00e4\u00e4n ymp\u00e4rist\u00f6\u00f6n.<\/p>\n<p data-start=\"324\" data-end=\"1290\">Ilmaisimella on my\u00f6s EN50131-2-4 Grade 2 Class II -hyv\u00e4ksynn\u00e4t turvallisen asennuksen takaamiseksi.<\/p>\n<p data-start=\"1292\" data-end=\"1322\"><strong data-start=\"1292\" data-end=\"1320\">Ominaisuudet ja edut:<\/strong><\/p>\n<ul data-start=\"1323\" data-end=\"1617\">\n<li data-start=\"1323\" data-end=\"1375\">\n<p data-start=\"1325\" data-end=\"1375\">PIR- ja mikroaaltotunnistinten yhdistelm\u00e4 takaa korkean turvallisuuden<\/p>\n<\/li>\n<li data-start=\"1376\" data-end=\"1444\">\n<p data-start=\"1378\" data-end=\"1444\">Parannettu v\u00e4\u00e4rien h\u00e4lytysten sietokyky DualCore\u2122-signaalink\u00e4sittelyn ansiosta<\/p>\n<\/li>\n<li data-start=\"1445\" data-end=\"1488\">\n<p data-start=\"1447\" data-end=\"1488\">Helppo asennus plug-in-toiminnolla<\/p>\n<\/li>\n<li data-start=\"1489\" data-end=\"1519\">\n<p data-start=\"1491\" data-end=\"1519\">Lemmikkien kantavuus 45 kg<\/p>\n<\/li>\n<li data-start=\"1520\" data-end=\"1551\">\n<p data-start=\"1522\" data-end=\"1551\">Optimaalinen kantama: 12 x 17 m<\/p>\n<\/li>\n<li data-start=\"1552\" data-end=\"1617\">\n<p data-start=\"1554\" data-end=\"1617\">6 500 luksin valkoisen valon sietokyky takaa tehokkaan suorituskyvyn kirkkaissa ymp\u00e4rist\u00f6iss\u00e4<\/p>\n<\/li>\n<\/ul>\n<p data-start=\"1619\" data-end=\"1650\"><strong data-start=\"1619\" data-end=\"1648\">Tekniset tiedot:<\/strong><\/p>\n<ul data-start=\"1651\" data-end=\"2238\">\n<li data-start=\"1651\" data-end=\"1689\">\n<p data-start=\"1653\" data-end=\"1689\">Tunnistustyyppi: PIR + Mikroaalto<\/p>\n<\/li>\n<li data-start=\"1690\" data-end=\"1713\">\n<p data-start=\"1692\" data-end=\"1713\">Tunnistusalueet: 36<\/p>\n<\/li>\n<li data-start=\"1714\" data-end=\"1737\">\n<p data-start=\"1716\" data-end=\"1737\">Kantama: 12 x 17 m<\/p>\n<\/li>\n<li data-start=\"1738\" data-end=\"1771\">\n<p data-start=\"1740\" data-end=\"1771\">Mikroaaltotaajuus: 10,525 GHz<\/p>\n<\/li>\n<li data-start=\"1772\" data-end=\"1833\">\n<p data-start=\"1774\" data-end=\"1833\">RFI-immuniteetti: 20V\/m (10-1000 MHz), 15V\/m (1000-2700 MHz)<\/p>\n<\/li>\n<li data-start=\"1834\" data-end=\"1866\">\n<p data-start=\"1836\" data-end=\"1866\">Virtal\u00e4hde: 9\u201315 V tasavirta<\/p>\n<\/li>\n<li data-start=\"1867\" data-end=\"1912\">\n<p data-start=\"1869\" data-end=\"1912\">Virrankulutus: 14 mA (enint\u00e4\u00e4n 12 V DC:ll\u00e4)<\/p>\n<\/li>\n<li data-start=\"1913\" data-end=\"1948\">\n<p data-start=\"1915\" data-end=\"1948\">Asennuskorkeus: 2,3 m (optimaalinen)<\/p>\n<\/li>\n<li data-start=\"1949\" data-end=\"1978\">\n<p data-start=\"1951\" data-end=\"1978\">H\u00e4lytysrele: 30 mA @ 25 V DC<\/p>\n<\/li>\n<li data-start=\"1979\" data-end=\"2008\">\n<p data-start=\"1981\" data-end=\"2008\">Kansisuojaus: 30 mA @ 25 V DC<\/p>\n<\/li>\n<li data-start=\"2009\" data-end=\"2037\">\n<p data-start=\"2011\" data-end=\"2037\">Lemmikkien kantavuus: 45 kg<\/p>\n<\/li>\n<li data-start=\"2038\" data-end=\"2069\">\n<p data-start=\"2040\" data-end=\"2069\">Valkoisen valon sietokyky: 6 500 luksia<\/p>\n<\/li>\n<li data-start=\"2070\" data-end=\"2106\">\n<p data-start=\"2072\" data-end=\"2106\">K\u00e4ytt\u00f6l\u00e4mp\u00f6tila: -10 - +55 \u00b0C<\/p>\n<\/li>\n<li data-start=\"2107\" data-end=\"2134\">\n<p data-start=\"2109\" data-end=\"2134\">Mitat: 98 x 57 x 43,5 mm<\/p>\n<\/li>\n<li data-start=\"2135\" data-end=\"2150\">\n<p data-start=\"2137\" data-end=\"2150\">Paino: 135 g<\/p>\n<\/li>\n<li data-start=\"2151\" data-end=\"2238\">\n<p data-start=\"2153\" data-end=\"2238\">Hyv\u00e4ksynn\u00e4t: EN50131-2-4 Grade 2 luokka II, INCERT, IMQ, SBSC, FG, F&amp;P, NCP, GOST-R<\/p>\n<\/li>\n<\/ul>","protected":false},"excerpt":{"rendered":"<p>Yhdistelm\u00e4ilmaisin, jossa on PIR- ja mikroaaltotekniikka, ihanteellinen kaupallisiin ymp\u00e4rist\u00f6ihin.<\/p>\n<p>12 x 17 metrin kantama, parannettu v\u00e4\u00e4rien h\u00e4lytysten esto ja helppo asennus.<\/p>","protected":false},"featured_media":138676,"template":"","meta":{"_acf_changed":false},"product_brand":[],"product_cat":[1324,1325],"product_tag":[2146,2465],"class_list":{"0":"post-153998","1":"product","2":"type-product","3":"status-publish","4":"has-post-thumbnail","6":"product_cat-outlet","7":"product_cat-larmgivare-skalskydd","8":"product_tag-rorelsedetektor-kombidetektorer","9":"product_tag-sbsc-larmklass2","10":"product_shipping_class-postnord-varubrev","11":"pa_brands-honeywell","12":"tm-no-options","14":"first","15":"instock","16":"sale","17":"taxable","18":"shipping-taxable","19":"purchasable","20":"product-type-simple"},"acf":[],"_links":{"self":[{"href":"https:\/\/secureus.se\/fi\/wp-json\/wp\/v2\/product\/153998","targetHints":{"allow":["GET"]}}],"collection":[{"href":"https:\/\/secureus.se\/fi\/wp-json\/wp\/v2\/product"}],"about":[{"href":"https:\/\/secureus.se\/fi\/wp-json\/wp\/v2\/types\/product"}],"wp:featuredmedia":[{"embeddable":true,"href":"https:\/\/secureus.se\/fi\/wp-json\/wp\/v2\/media\/138676"}],"wp:attachment":[{"href":"https:\/\/secureus.se\/fi\/wp-json\/wp\/v2\/media?parent=153998"}],"wp:term":[{"taxonomy":"product_brand","embeddable":true,"href":"https:\/\/secureus.se\/fi\/wp-json\/wp\/v2\/product_brand?post=153998"},{"taxonomy":"product_cat","embeddable":true,"href":"https:\/\/secureus.se\/fi\/wp-json\/wp\/v2\/product_cat?post=153998"},{"taxonomy":"product_tag","embeddable":true,"href":"https:\/\/secureus.se\/fi\/wp-json\/wp\/v2\/product_tag?post=153998"}],"curies":[{"name":"wp","href":"https:\/\/api.w.org\/{rel}","templated":true}]}}