{"id":154203,"date":"2024-03-15T09:44:29","date_gmt":"2024-03-15T08:44:29","guid":{"rendered":"https:\/\/secureus.se\/cylinderring-16mm-rokoko-nickel-3\/"},"modified":"2026-04-23T12:14:08","modified_gmt":"2026-04-23T10:14:08","slug":"cylinderring-16mm-rokoko-nickel","status":"publish","type":"product","link":"https:\/\/secureus.se\/fi\/cylinderring-16mm-rokoko-nickel\/","title":{"rendered":"Sylinterirengas 16mm rokokoo nikkeli\u00e4"},"content":{"rendered":"<p><b>Kuvaus:\u00a0<br \/><\/b><br \/>\nASSA ABLOY Sylinterirengas soikealle rokokoosylinterille (sis\u00e4ll\u00e4). Saatavana useita eri kokoja. Sylinterirenkaiden korkeus ja ruuvin pituus m\u00e4\u00e4r\u00e4ytyv\u00e4t oven paksuuden ja lukkokotelon sijainnin mukaan. ASSA ABLOY soikeat sylinterirenkaat sis\u00e4ltyv\u00e4t sylinteritarvikkeisiin 2256 ja 18256.\u00a0\u00a0<\/p>\n<div><\/div>\n<div><b>Ominaisuudet:\u00a0<\/b><\/div>\n<div>\n<ul>\n<li>Asennus soikean rokokoosylinterin kanssa<\/li>\n<li>Saatavana koot: 6, 8, 11, 13, 16, 18, 21 ja 24 mm\u00a0<\/li>\n<li>Materiaali: Messinki<\/li>\n<\/ul>\n<\/div>","protected":false},"excerpt":{"rendered":"<p>Kuvaus: ASSA ABLOY Sylinterirengas soikealle rokokoosylinterille (sis\u00e4ll\u00e4). Saatavana useita eri kokoja. Sylinterirenkaiden korkeus ja ruuvin pituus m\u00e4\u00e4r\u00e4ytyv\u00e4t oven paksuuden ja lukkokotelon sijainnin mukaan. ASSA<\/p>","protected":false},"featured_media":138032,"template":"","meta":{"_acf_changed":false},"product_brand":[],"product_cat":[3254],"product_tag":[],"class_list":{"0":"post-154203","1":"product","2":"type-product","3":"status-publish","4":"has-post-thumbnail","6":"product_cat-cylinderringar","7":"product_shipping_class-postnord-varubrev","8":"pa_brands-abloy","9":"tm-no-options","11":"first","12":"instock","13":"taxable","14":"shipping-taxable","15":"purchasable","16":"product-type-simple"},"acf":[],"_links":{"self":[{"href":"https:\/\/secureus.se\/fi\/wp-json\/wp\/v2\/product\/154203","targetHints":{"allow":["GET"]}}],"collection":[{"href":"https:\/\/secureus.se\/fi\/wp-json\/wp\/v2\/product"}],"about":[{"href":"https:\/\/secureus.se\/fi\/wp-json\/wp\/v2\/types\/product"}],"wp:featuredmedia":[{"embeddable":true,"href":"https:\/\/secureus.se\/fi\/wp-json\/wp\/v2\/media\/138032"}],"wp:attachment":[{"href":"https:\/\/secureus.se\/fi\/wp-json\/wp\/v2\/media?parent=154203"}],"wp:term":[{"taxonomy":"product_brand","embeddable":true,"href":"https:\/\/secureus.se\/fi\/wp-json\/wp\/v2\/product_brand?post=154203"},{"taxonomy":"product_cat","embeddable":true,"href":"https:\/\/secureus.se\/fi\/wp-json\/wp\/v2\/product_cat?post=154203"},{"taxonomy":"product_tag","embeddable":true,"href":"https:\/\/secureus.se\/fi\/wp-json\/wp\/v2\/product_tag?post=154203"}],"curies":[{"name":"wp","href":"https:\/\/api.w.org\/{rel}","templated":true}]}}