{"id":154639,"date":"2025-08-01T12:08:38","date_gmt":"2025-08-01T10:08:38","guid":{"rendered":"https:\/\/secureus.se\/?post_type=product&#038;p=154639"},"modified":"2026-03-10T11:06:07","modified_gmt":"2026-03-10T10:06:07","slug":"fireprotect-2-ac-varme-rok-230v","status":"publish","type":"product","link":"https:\/\/secureus.se\/fi\/fireprotect-2-ac-varme-rok-230v\/","title":{"rendered":"FireProtect 2 AC - (L\u00e4mp\u00f6\/Savu) 230 V"},"content":{"rendered":"<h3 data-start=\"124\" data-end=\"213\"><strong data-start=\"128\" data-end=\"213\">Ajax FireProtect 2 AC \u2013 Savu-\/l\u00e4mp\u00f6ilmaisin sis\u00e4\u00e4nrakennetulla sireenill\u00e4 ja valoindikaatiolla \u2013 Langaton tiedonsiirto ja verkotettu<\/strong><\/h3>\n<p data-start=\"215\" data-end=\"455\">T\u00e4m\u00e4 edistynyt savu- ja l\u00e4mp\u00f6ilmaisin on suunniteltu sis\u00e4asennukseen ja yhdist\u00e4\u00e4 langattoman tiedonsiirron verkkovirtaan (110\u2013240 VAC). Se on varustettu sis\u00e4\u00e4nrakennetulla sireenill\u00e4 ja punaisella merkkivalolla, joka aktivoituu h\u00e4lytyksen sattuessa.<\/p>\n<h4 data-start=\"457\" data-end=\"477\"><strong data-start=\"462\" data-end=\"477\">Ominaisuudet:<\/strong><\/h4>\n<ul data-start=\"478\" data-end=\"1123\">\n<li data-start=\"478\" data-end=\"569\">\n<p data-start=\"480\" data-end=\"569\"><strong data-start=\"480\" data-end=\"503\">Kaksoistunnistus:<\/strong> H\u00e4lytykset sek\u00e4 savun esiintyess\u00e4 kammiossa ett\u00e4 nopeissa l\u00e4mp\u00f6tilan muutoksissa.<\/p>\n<\/li>\n<li data-start=\"570\" data-end=\"618\">\n<p data-start=\"572\" data-end=\"618\"><strong data-start=\"572\" data-end=\"590\">Sis\u00e4\u00e4nrakennettu sireeni:<\/strong> 85 dB 3 metrin et\u00e4isyydell\u00e4.<\/p>\n<\/li>\n<li data-start=\"619\" data-end=\"682\">\n<p data-start=\"621\" data-end=\"682\"><strong data-start=\"621\" data-end=\"640\">Valoilmaisin:<\/strong> Selke\u00e4 visuaalinen h\u00e4lytysmerkkivalo (punainen valo).<\/p>\n<\/li>\n<li data-start=\"683\" data-end=\"810\">\n<p data-start=\"685\" data-end=\"810\"><strong data-start=\"685\" data-end=\"709\">Synkronoidut h\u00e4lytykset:<\/strong> Mahdollisuus konfiguroida niin, ett\u00e4 kaikki j\u00e4rjestelm\u00e4n ilmaisimet h\u00e4lytt\u00e4v\u00e4t samanaikaisesti yhden laitteen h\u00e4lytyksest\u00e4.<\/p>\n<\/li>\n<li data-start=\"811\" data-end=\"934\">\n<p data-start=\"813\" data-end=\"934\"><strong data-start=\"813\" data-end=\"827\">Itsetestaus:<\/strong> S\u00e4\u00e4nn\u00f6lliset toiminnan ja tilan testit, mukaan lukien varoitukset akun alhaisesta varaustasosta ja puhdistustarpeesta.<\/p>\n<\/li>\n<li data-start=\"935\" data-end=\"1025\">\n<p data-start=\"937\" data-end=\"1025\"><strong data-start=\"937\" data-end=\"959\">L\u00e4mp\u00f6tilan mittaus:<\/strong> Sis\u00e4\u00e4nrakennettu l\u00e4mp\u00f6tila-anturi ymp\u00e4rist\u00f6n l\u00e4mp\u00f6tilan valvontaan.<\/p>\n<\/li>\n<li data-start=\"1026\" data-end=\"1123\">\n<p data-start=\"1028\" data-end=\"1123\"><strong data-start=\"1028\" data-end=\"1049\">Itsen\u00e4inen toiminta:<\/strong> Toimii my\u00f6s perinteisen\u00e4 palovaroittimena ilman j\u00e4rjestelm\u00e4\u00e4.<\/p>\n<\/li>\n<\/ul>\n<h4 data-start=\"1125\" data-end=\"1149\"><strong data-start=\"1130\" data-end=\"1149\">Yhteensopivuus:<\/strong><\/h4>\n<ul data-start=\"1150\" data-end=\"1220\">\n<li data-start=\"1150\" data-end=\"1162\">\n<p data-start=\"1152\" data-end=\"1162\">Hub Plus<\/p>\n<\/li>\n<li data-start=\"1163\" data-end=\"1172\">\n<p data-start=\"1165\" data-end=\"1172\">Keskitin 2<\/p>\n<\/li>\n<li data-start=\"1173\" data-end=\"1187\">\n<p data-start=\"1175\" data-end=\"1187\">Hub 2 Plus<\/p>\n<\/li>\n<li data-start=\"1188\" data-end=\"1202\">\n<p data-start=\"1190\" data-end=\"1202\">Hub Hybrid<\/p>\n<\/li>\n<li data-start=\"1203\" data-end=\"1210\">\n<p data-start=\"1205\" data-end=\"1210\">ReX<\/p>\n<\/li>\n<li data-start=\"1211\" data-end=\"1220\">\n<p data-start=\"1213\" data-end=\"1220\">Rex 2<\/p>\n<\/li>\n<\/ul>\n<h4 data-start=\"1222\" data-end=\"1251\"><strong data-start=\"1227\" data-end=\"1251\">Tekniset tiedot:<\/strong><\/h4>\n<ul data-start=\"1252\" data-end=\"1558\">\n<li data-start=\"1252\" data-end=\"1307\">\n<p data-start=\"1254\" data-end=\"1307\"><strong data-start=\"1254\" data-end=\"1275\">Langaton kantama:<\/strong> Jopa 2700 kilometri\u00e4 avointa maastoa<\/p>\n<\/li>\n<li data-start=\"1308\" data-end=\"1345\">\n<p data-start=\"1310\" data-end=\"1345\"><strong data-start=\"1310\" data-end=\"1331\">Sy\u00f6tt\u00f6j\u00e4nnite:<\/strong> 110\u2013240 VAC<\/p>\n<\/li>\n<li data-start=\"1346\" data-end=\"1379\">\n<p data-start=\"1348\" data-end=\"1379\"><strong data-start=\"1348\" data-end=\"1366\">Vara-akku:<\/strong> 1 \u00d7 CR123A<\/p>\n<\/li>\n<li data-start=\"1380\" data-end=\"1420\">\n<p data-start=\"1382\" data-end=\"1420\"><strong data-start=\"1382\" data-end=\"1403\">Ty\u00f6l\u00e4mp\u00f6tila:<\/strong> 0 \u00b0C - +50 \u00b0C<\/p>\n<\/li>\n<li data-start=\"1421\" data-end=\"1476\">\n<p data-start=\"1423\" data-end=\"1476\"><strong data-start=\"1423\" data-end=\"1441\">Kosteus:<\/strong> Jopa 80 % (ei-tiivistyv\u00e4)<\/p>\n<\/li>\n<li data-start=\"1477\" data-end=\"1558\">\n<p data-start=\"1479\" data-end=\"1558\"><strong data-start=\"1479\" data-end=\"1503\">H\u00e4lytyskynnys (l\u00e4mp\u00f6):<\/strong> +64 \u00b0C tai l\u00e4mp\u00f6tilan nousu 10 \u00b0C 1 minuutin sis\u00e4ll\u00e4<\/p>\n<\/li>\n<\/ul>","protected":false},"excerpt":{"rendered":"<p><strong data-start=\"119\" data-end=\"189\">\u00c4lyk\u00e4s savu- ja l\u00e4mp\u00f6ilmaisin, jossa on sis\u00e4\u00e4nrakennettu sireeni ja valoilmaisin.<\/strong> H\u00e4lytt\u00e4\u00e4 savusta tai nopeasta l\u00e4mp\u00f6tilan noususta, ja se voidaan synkronoida j\u00e4rjestelm\u00e4n muiden ilmaisimien kanssa. Toimii 110-240 VAC:lla ja on varustettu paristovarmennuksella. Toimii sek\u00e4 itsen\u00e4isesti ett\u00e4 Ajax-laitteiden, kuten Hub 2, Hub Plus ja ReX, kanssa. Jopa 1700 metrin langaton kantama.<\/p>","protected":false},"featured_media":155444,"template":"","meta":{"_acf_changed":false},"product_brand":[],"product_cat":[3159],"product_tag":[4863],"class_list":{"0":"post-154639","1":"product","2":"type-product","3":"status-publish","4":"has-post-thumbnail","6":"product_cat-brandvarnare","7":"product_tag-pf","8":"pa_brands-ajax-systems","9":"pa_farg-vit","10":"tm-no-options","12":"first","13":"instock","14":"taxable","15":"shipping-taxable","16":"purchasable","17":"product-type-simple"},"acf":[],"_links":{"self":[{"href":"https:\/\/secureus.se\/fi\/wp-json\/wp\/v2\/product\/154639","targetHints":{"allow":["GET"]}}],"collection":[{"href":"https:\/\/secureus.se\/fi\/wp-json\/wp\/v2\/product"}],"about":[{"href":"https:\/\/secureus.se\/fi\/wp-json\/wp\/v2\/types\/product"}],"wp:featuredmedia":[{"embeddable":true,"href":"https:\/\/secureus.se\/fi\/wp-json\/wp\/v2\/media\/155444"}],"wp:attachment":[{"href":"https:\/\/secureus.se\/fi\/wp-json\/wp\/v2\/media?parent=154639"}],"wp:term":[{"taxonomy":"product_brand","embeddable":true,"href":"https:\/\/secureus.se\/fi\/wp-json\/wp\/v2\/product_brand?post=154639"},{"taxonomy":"product_cat","embeddable":true,"href":"https:\/\/secureus.se\/fi\/wp-json\/wp\/v2\/product_cat?post=154639"},{"taxonomy":"product_tag","embeddable":true,"href":"https:\/\/secureus.se\/fi\/wp-json\/wp\/v2\/product_tag?post=154639"}],"curies":[{"name":"wp","href":"https:\/\/api.w.org\/{rel}","templated":true}]}}