{"id":155337,"date":"2025-08-22T12:15:00","date_gmt":"2025-08-22T10:15:00","guid":{"rendered":"https:\/\/secureus.se\/ingen-reklam-tack-aluminiumskylt-100x25mm-borstad-etsning-sjalvhaftande\/"},"modified":"2026-04-11T16:44:31","modified_gmt":"2026-04-11T14:44:31","slug":"ingen-reklam-tack-aluminiumskylt-100x25mm-borstad-etsning-sjalvhaftande","status":"publish","type":"product","link":"https:\/\/secureus.se\/fi\/ingen-reklam-tack-aluminiumskylt-100x25mm-borstad-etsning-sjalvhaftande\/","title":{"rendered":"Ei mainontaa, kiitos - Alumiinikyltti 100x25mm Harjattu sy\u00f6vytys (itseliimautuva)"},"content":{"rendered":"<p data-start=\"346\" data-end=\"531\">Haluatko v\u00e4ltt\u00e4\u00e4 mainoksia mutta s\u00e4ilytt\u00e4\u00e4 tyylikk\u00e4\u00e4n ilmeen postilaatikossasi tai ovessasi? T\u00e4m\u00e4 <strong data-start=\"440\" data-end=\"496\">\"Ei mainontaa, kiitos\" -kyltti harjatusta, sy\u00f6vytetyst\u00e4 alumiinista.<\/strong> yhdist\u00e4\u00e4 toiminnallisuuden ja tyylikkyyden.<\/p>\n<ul data-start=\"533\" data-end=\"804\">\n<li data-start=\"533\" data-end=\"580\">\n<p data-start=\"535\" data-end=\"580\"><strong data-start=\"535\" data-end=\"547\">Koko:<\/strong> 100\u00d725 mm - huomaamaton mutta selke\u00e4<\/p>\n<\/li>\n<li data-start=\"581\" data-end=\"633\">\n<p data-start=\"583\" data-end=\"633\"><strong data-start=\"583\" data-end=\"596\">Materiaali:<\/strong> Harjattua alumiinia<\/p>\n<\/li>\n<li data-start=\"634\" data-end=\"736\">\n<p data-start=\"636\" data-end=\"736\"><strong data-start=\"636\" data-end=\"650\">Asennus:<\/strong> Vahva <strong data-start=\"657\" data-end=\"685\">3M itseliimautuva tausta<\/strong> - helppo asentaa, pysyy turvallisena vuodesta toiseen.<\/p>\n<\/li>\n<li data-start=\"737\" data-end=\"804\">\n<p data-start=\"739\" data-end=\"804\"><strong data-start=\"739\" data-end=\"756\">Ulkona kest\u00e4v\u00e4:<\/strong> Kest\u00e4\u00e4 elementtej\u00e4 laadun k\u00e4rsim\u00e4tt\u00e4<\/p>\n<\/li>\n<\/ul>\n<p data-start=\"806\" data-end=\"947\">T\u00e4m\u00e4 kyltti tekee postinkantajalle selv\u00e4ksi, ettet halua mainoksia, ja antaa samalla postilaatikolle hillityn ja eksklusiivisen ilmeen.<\/p>","protected":false},"excerpt":{"rendered":"<p data-start=\"102\" data-end=\"380\">Sano ei mainonnalle - tyylill\u00e4. T\u00e4m\u00e4 tyylik\u00e4s kyltti <strong data-start=\"157\" data-end=\"185\">harjattua, sy\u00f6vytetty\u00e4 alumiinia<\/strong> antaa hienovaraisen mutta selke\u00e4n viestin postinkantajalle. Kyltti on <strong data-start=\"251\" data-end=\"264\">100\u00d725 mm<\/strong> ja se on helppo kiinnitt\u00e4\u00e4 vahvalla <strong data-start=\"293\" data-end=\"321\">3M itseliimautuva liima<\/strong>joten se on sek\u00e4 joustava ett\u00e4 kest\u00e4v\u00e4 ulkok\u00e4ytt\u00f6\u00f6n.<\/p>\n<p data-start=\"382\" data-end=\"476\">T\u00e4ydellinen niille, jotka haluavat pit\u00e4\u00e4 postilaatikkonsa vapaana mainoksista tinkim\u00e4tt\u00e4 ulkon\u00e4\u00f6st\u00e4.<\/p>","protected":false},"featured_media":155336,"template":"","meta":{"_acf_changed":false},"product_brand":[],"product_cat":[4265],"product_tag":[],"class_list":{"0":"post-155337","1":"product","2":"type-product","3":"status-publish","4":"has-post-thumbnail","6":"product_cat-dorrskyltar-i-alumunium","7":"product_shipping_class-postnord-varubrev","8":"tm-no-options","10":"first","11":"instock","12":"sale","13":"taxable","14":"shipping-taxable","15":"purchasable","16":"product-type-simple"},"acf":[],"_links":{"self":[{"href":"https:\/\/secureus.se\/fi\/wp-json\/wp\/v2\/product\/155337","targetHints":{"allow":["GET"]}}],"collection":[{"href":"https:\/\/secureus.se\/fi\/wp-json\/wp\/v2\/product"}],"about":[{"href":"https:\/\/secureus.se\/fi\/wp-json\/wp\/v2\/types\/product"}],"wp:featuredmedia":[{"embeddable":true,"href":"https:\/\/secureus.se\/fi\/wp-json\/wp\/v2\/media\/155336"}],"wp:attachment":[{"href":"https:\/\/secureus.se\/fi\/wp-json\/wp\/v2\/media?parent=155337"}],"wp:term":[{"taxonomy":"product_brand","embeddable":true,"href":"https:\/\/secureus.se\/fi\/wp-json\/wp\/v2\/product_brand?post=155337"},{"taxonomy":"product_cat","embeddable":true,"href":"https:\/\/secureus.se\/fi\/wp-json\/wp\/v2\/product_cat?post=155337"},{"taxonomy":"product_tag","embeddable":true,"href":"https:\/\/secureus.se\/fi\/wp-json\/wp\/v2\/product_tag?post=155337"}],"curies":[{"name":"wp","href":"https:\/\/api.w.org\/{rel}","templated":true}]}}