{"id":155492,"date":"2025-08-25T15:45:45","date_gmt":"2025-08-25T13:45:45","guid":{"rendered":"https:\/\/secureus.se\/monteringsstolpe-930e\/"},"modified":"2026-03-25T15:29:52","modified_gmt":"2026-03-25T14:29:52","slug":"monteringsstolpe-930e","status":"publish","type":"product","link":"https:\/\/secureus.se\/fi\/monteringsstolpe-930e\/","title":{"rendered":"Asennustolppa 930E"},"content":{"rendered":"<div><\/div>\n<div>ASSA ABLOY 930E on ruostumattomasta ter\u00e4ksest\u00e4 valmistettu kiinnitystolppa. Sopii Assan vakiomallisiin 900-sarjan vastakappaleisiin ja yksi- tai kaksisalpaisiin lukkorunkoihin.<\/div>\n<div><b><br \/>\nOminaisuudet: <\/b><\/div>\n<div>\n<ul>\n<li>Oikea- tai vasenk\u00e4tiselle ovelle<\/li>\n<li>Leveys: 40 mm<\/li>\n<li>Pituus: 245 mm<\/li>\n<li>Kielekkeen koko: 16 mm<\/li>\n<li>Kulman syvyys: 15 mm<\/li>\n<li>Erityisesti Daloc-ter\u00e4soville suunniteltu<\/li>\n<\/ul>\n<\/div>\n<div><b><br \/>\nSopii ASSA ABLOY 900-sarjan s\u00e4hk\u00f6isiin p\u00e4\u00e4tylevyihin:<\/b><\/div>\n<div>\n<ul>\n<li>905, 905 milj<\/li>\n<li>910, 910 milj<\/li>\n<li>911, 911 milj<\/li>\n<li>920, 920M, 920C<\/li>\n<li>940 miljoonaa<\/li>\n<li>941 milj<\/li>\n<li>960M, 960C<\/li>\n<li>961M, 961C<\/li>\n<li>990 miljoonaa<\/li>\n<li>991 miljoonaa<\/li>\n<\/ul>\n<\/div>\n<div><b>\u00a0<\/b><\/div>\n<p>&nbsp;<\/p>","protected":false},"excerpt":{"rendered":"<p>ASSA ABLOY 930E \u00e4r en montagestolpe i rostfritt st\u00e5l. Passar till Assas standard slutbleck i 900-serien tillsammans med l\u00e5shus med enkelfall eller dubbelfall. Egenskaper: F\u00f6r h\u00f6ger- eller v\u00e4nsterh\u00e4ngd d\u00f6rr Bredd:<\/p>","protected":false},"featured_media":155491,"template":"","meta":{"_acf_changed":false},"product_brand":[],"product_cat":[4735],"product_tag":[],"class_list":{"0":"post-155492","1":"product","2":"type-product","3":"status-publish","4":"has-post-thumbnail","6":"product_cat-monteringsstolpe","7":"pa_brands-abloy","8":"tm-no-options","10":"first","11":"instock","12":"sale","13":"taxable","14":"shipping-taxable","15":"purchasable","16":"product-type-simple"},"acf":[],"_links":{"self":[{"href":"https:\/\/secureus.se\/fi\/wp-json\/wp\/v2\/product\/155492","targetHints":{"allow":["GET"]}}],"collection":[{"href":"https:\/\/secureus.se\/fi\/wp-json\/wp\/v2\/product"}],"about":[{"href":"https:\/\/secureus.se\/fi\/wp-json\/wp\/v2\/types\/product"}],"wp:featuredmedia":[{"embeddable":true,"href":"https:\/\/secureus.se\/fi\/wp-json\/wp\/v2\/media\/155491"}],"wp:attachment":[{"href":"https:\/\/secureus.se\/fi\/wp-json\/wp\/v2\/media?parent=155492"}],"wp:term":[{"taxonomy":"product_brand","embeddable":true,"href":"https:\/\/secureus.se\/fi\/wp-json\/wp\/v2\/product_brand?post=155492"},{"taxonomy":"product_cat","embeddable":true,"href":"https:\/\/secureus.se\/fi\/wp-json\/wp\/v2\/product_cat?post=155492"},{"taxonomy":"product_tag","embeddable":true,"href":"https:\/\/secureus.se\/fi\/wp-json\/wp\/v2\/product_tag?post=155492"}],"curies":[{"name":"wp","href":"https:\/\/api.w.org\/{rel}","templated":true}]}}