{"id":155529,"date":"2025-08-26T11:49:12","date_gmt":"2025-08-26T09:49:12","guid":{"rendered":"https:\/\/secureus.se\/testenhet-adt700-for-akustiska-glaskross-ad700-och-ad800\/"},"modified":"2025-12-31T21:50:09","modified_gmt":"2025-12-31T20:50:09","slug":"testenhet-adt700-for-akustiska-glaskross-ad700-och-ad800","status":"publish","type":"product","link":"https:\/\/secureus.se\/fi\/testenhet-adt700-for-akustiska-glaskross-ad700-och-ad800\/","title":{"rendered":"TESTAUSYKSIKK\u00d6 ADT700 akustisille lasinmurtajille AD700 ja AD800"},"content":{"rendered":"<h1>TESTAUSYKSIKK\u00d6 ADT700 akustisille lasinmurtajille AD700 ja AD800<\/h1>\n<p class=\"\" data-start=\"228\" data-end=\"825\">ADT700-testiyksikk\u00f6 on suunniteltu testaamaan ja kalibroimaan AD700- ja AD800-sarjojen akustisia lasinrikkoilmaisimia.<\/p>\n<p class=\"\" data-start=\"228\" data-end=\"825\">Testeri l\u00e4hett\u00e4\u00e4 signaalien spektrin, jonka avulla ilmaisimien herkkyytt\u00e4 voidaan s\u00e4\u00e4t\u00e4\u00e4 asennuksen mukaan.<\/p>\n<p class=\"\" data-start=\"228\" data-end=\"825\">AD700- ja AD800-sarjat tarjoavat kolme eri herkkyysasetusta, ja ADT 700 -testeri mahdollistaa sopivimman asetuksen jokaiseen tilanteeseen.<\/p>\n<p class=\"\" data-start=\"228\" data-end=\"825\">Ilmaisin l\u00e4hett\u00e4\u00e4 takaisin parhaan asetuksen nykyiseen ymp\u00e4rist\u00f6\u00f6n. Testeri\u00e4 k\u00e4ytet\u00e4\u00e4n my\u00f6s ilmaisimien huoltoon ja kunnossapitoon.<\/p>\n<p class=\"\" data-start=\"827\" data-end=\"1213\">Moderni AD700 akustinen lasinrikkotunnistin havaitsee murtautumisyritykset rikkomalla lasia ikkunoissa tai ovissa.<\/p>\n<p class=\"\" data-start=\"827\" data-end=\"1213\">ADT700 on varustettu digitaalisella huonekompensaatiolla (DRC), jonka avulla ilmaisin voi erottaa todelliset lasins\u00e4rky\u00e4\u00e4net ja muut ymp\u00e4rist\u00f6n \u00e4\u00e4net.<\/p>\n<p class=\"\" data-start=\"827\" data-end=\"1213\">Se voidaan asentaa sein\u00e4lle tai kattoon, ja sen peittoalue on 165\u00b0 useiden ikkunoiden peitt\u00e4miseksi huoneessa.<\/p>\n<p class=\"\" data-start=\"1215\" data-end=\"1246\"><strong data-start=\"1215\" data-end=\"1244\">Tekniset tiedot:<\/strong><\/p>\n<ul data-start=\"1247\" data-end=\"1996\">\n<li class=\"\" data-start=\"1247\" data-end=\"1279\">\n<p class=\"\" data-start=\"1249\" data-end=\"1279\"><strong data-start=\"1249\" data-end=\"1262\">Laajuus:<\/strong>\u00a09 m s\u00e4de\/165\u00b0<\/p>\n<\/li>\n<li class=\"\" data-start=\"1280\" data-end=\"1330\">\n<p class=\"\" data-start=\"1282\" data-end=\"1330\"><strong data-start=\"1282\" data-end=\"1315\">Suurin lasipinta-ala\/lasin paksuus:<\/strong>\u00a06 \u00d7 6 m \/ 6,5 mm<\/p>\n<\/li>\n<li class=\"\" data-start=\"1331\" data-end=\"1359\">\n<p class=\"\" data-start=\"1333\" data-end=\"1359\"><strong data-start=\"1333\" data-end=\"1348\">H\u00e4lytysl\u00e4ht\u00f6:<\/strong>\u00a0Rele, NC<\/p>\n<\/li>\n<li class=\"\" data-start=\"1360\" data-end=\"1388\">\n<p class=\"\" data-start=\"1362\" data-end=\"1388\"><strong data-start=\"1362\" data-end=\"1381\">Suojausluokka:<\/strong>\u00a0IP31<\/p>\n<\/li>\n<li class=\"\" data-start=\"1389\" data-end=\"1416\">\n<p class=\"\" data-start=\"1391\" data-end=\"1416\"><strong data-start=\"1391\" data-end=\"1404\">J\u00e4nnite:<\/strong>\u00a08\u201315 Toimitusjohtaja<\/p>\n<\/li>\n<li class=\"\" data-start=\"1417\" data-end=\"1453\">\n<p class=\"\" data-start=\"1419\" data-end=\"1453\"><strong data-start=\"1419\" data-end=\"1440\">Sy\u00f6tt\u00f6j\u00e4nnite:<\/strong>\u00a09\u201315 VDC<\/p>\n<\/li>\n<li class=\"\" data-start=\"1454\" data-end=\"1496\">\n<p class=\"\" data-start=\"1456\" data-end=\"1496\"><strong data-start=\"1456\" data-end=\"1477\">Virrankulutus:<\/strong>\u00a016 mA (h\u00e4lytyksen aikana)<\/p>\n<\/li>\n<li class=\"\" data-start=\"1497\" data-end=\"1538\">\n<p class=\"\" data-start=\"1499\" data-end=\"1538\"><strong data-start=\"1499\" data-end=\"1514\">H\u00e4lytysl\u00e4ht\u00f6:<\/strong>\u00a0NC \/ 100VDC \/ 500mA<\/p>\n<\/li>\n<li class=\"\" data-start=\"1539\" data-end=\"1582\">\n<p class=\"\" data-start=\"1541\" data-end=\"1582\"><strong data-start=\"1541\" data-end=\"1560\">Peukalointil\u00e4ht\u00f6:<\/strong>\u00a0NC \/ 50 VDC \/ 50 mA<\/p>\n<\/li>\n<li class=\"\" data-start=\"1583\" data-end=\"1614\">\n<p class=\"\" data-start=\"1585\" data-end=\"1614\"><strong data-start=\"1585\" data-end=\"1604\">H\u00e4lytysilmaisin:<\/strong>\u00a0Punainen LED<\/p>\n<\/li>\n<li class=\"\" data-start=\"1615\" data-end=\"1655\">\n<p class=\"\" data-start=\"1617\" data-end=\"1655\"><strong data-start=\"1617\" data-end=\"1644\">Herkkyysasetus:<\/strong>\u00a03 tasoa<\/p>\n<\/li>\n<li class=\"\" data-start=\"1656\" data-end=\"1692\">\n<p class=\"\" data-start=\"1658\" data-end=\"1692\"><strong data-start=\"1658\" data-end=\"1675\">Suurin kantama:<\/strong>\u00a09 m s\u00e4de\/165\u00b0<\/p>\n<\/li>\n<li class=\"\" data-start=\"1693\" data-end=\"1731\">\n<p class=\"\" data-start=\"1695\" data-end=\"1731\"><strong data-start=\"1695\" data-end=\"1718\">Minun seurattavani alueeni:<\/strong>\u00a030 x 30 cm<\/p>\n<\/li>\n<li class=\"\" data-start=\"1732\" data-end=\"1767\">\n<p class=\"\" data-start=\"1734\" data-end=\"1767\"><strong data-start=\"1734\" data-end=\"1757\">Suurin tarkkailualue:<\/strong>\u00a06 x 6 m<\/p>\n<\/li>\n<li class=\"\" data-start=\"1768\" data-end=\"1819\">\n<p class=\"\" data-start=\"1770\" data-end=\"1819\"><strong data-start=\"1770\" data-end=\"1795\">Valvotun huoneen tilavuus:<\/strong>\u00a0Minimi 20 m\u00b3, max 250 m\u00b3<\/p>\n<\/li>\n<li class=\"\" data-start=\"1820\" data-end=\"1837\">\n<p class=\"\" data-start=\"1822\" data-end=\"1837\"><strong data-start=\"1822\" data-end=\"1831\">Maali:<\/strong>\u00a0Valkoinen<\/p>\n<\/li>\n<li class=\"\" data-start=\"1838\" data-end=\"1880\">\n<p class=\"\" data-start=\"1840\" data-end=\"1880\"><strong data-start=\"1840\" data-end=\"1861\">Ty\u00f6l\u00e4mp\u00f6tila:<\/strong>\u00a0-10\u00b0C - +55\u00b0C<\/p>\n<\/li>\n<li class=\"\" data-start=\"1881\" data-end=\"1933\">\n<p class=\"\" data-start=\"1883\" data-end=\"1933\"><strong data-start=\"1883\" data-end=\"1911\">Mitat (L x K x S):<\/strong>\u00a055,8 x 94 x 22,5 mm<\/p>\n<\/li>\n<li class=\"\" data-start=\"1934\" data-end=\"1973\">\n<p class=\"\" data-start=\"1936\" data-end=\"1973\"><strong data-start=\"1936\" data-end=\"1952\">Hyv\u00e4ksyminen:<\/strong>\u00a0SBSC-todistus, 04-531<\/p>\n<\/li>\n<li class=\"\" data-start=\"1974\" data-end=\"1996\">\n<p class=\"\" data-start=\"1976\" data-end=\"1996\"><strong data-start=\"1976\" data-end=\"1985\">Paino:<\/strong>\u00a00,115 kg<\/p>\n<\/li>\n<\/ul>","protected":false},"excerpt":{"rendered":"<p>ADT 700 testiyksikk\u00f6 AD700- ja AD800-sarjojen akustisille lasinrikkoilmaisimille.<\/p>\n<p>Mahdollistaa herkkyysasetusten testaamisen ja soveltuu my\u00f6s huoltoon.<\/p>","protected":false},"featured_media":155528,"template":"","meta":{"_acf_changed":false},"product_brand":[],"product_cat":[3085],"product_tag":[],"class_list":{"0":"post-155529","1":"product","2":"type-product","3":"status-publish","4":"has-post-thumbnail","6":"product_cat-vibationsdetektorer-glaskrossdetektorer","7":"pa_brands-alarmtech","8":"pa_farg-vit","9":"tm-no-options","11":"first","12":"instock","13":"sale","14":"taxable","15":"shipping-taxable","16":"purchasable","17":"product-type-simple"},"acf":[],"_links":{"self":[{"href":"https:\/\/secureus.se\/fi\/wp-json\/wp\/v2\/product\/155529","targetHints":{"allow":["GET"]}}],"collection":[{"href":"https:\/\/secureus.se\/fi\/wp-json\/wp\/v2\/product"}],"about":[{"href":"https:\/\/secureus.se\/fi\/wp-json\/wp\/v2\/types\/product"}],"wp:featuredmedia":[{"embeddable":true,"href":"https:\/\/secureus.se\/fi\/wp-json\/wp\/v2\/media\/155528"}],"wp:attachment":[{"href":"https:\/\/secureus.se\/fi\/wp-json\/wp\/v2\/media?parent=155529"}],"wp:term":[{"taxonomy":"product_brand","embeddable":true,"href":"https:\/\/secureus.se\/fi\/wp-json\/wp\/v2\/product_brand?post=155529"},{"taxonomy":"product_cat","embeddable":true,"href":"https:\/\/secureus.se\/fi\/wp-json\/wp\/v2\/product_cat?post=155529"},{"taxonomy":"product_tag","embeddable":true,"href":"https:\/\/secureus.se\/fi\/wp-json\/wp\/v2\/product_tag?post=155529"}],"curies":[{"name":"wp","href":"https:\/\/api.w.org\/{rel}","templated":true}]}}