{"id":155737,"date":"2025-09-01T12:48:46","date_gmt":"2025-09-01T10:48:46","guid":{"rendered":"https:\/\/secureus.se\/?post_type=product&#038;p=155737"},"modified":"2026-04-23T11:23:40","modified_gmt":"2026-04-23T09:23:40","slug":"monteringsstolpe-746","status":"publish","type":"product","link":"https:\/\/secureus.se\/fi\/monteringsstolpe-746\/","title":{"rendered":"Asennustolppa 746"},"content":{"rendered":"<div>\n<div>\n<div>\n<div>\n<div>\n<div>\n<div><\/div>\n<div>Ruostumattomasta ter\u00e4ksest\u00e4 valmistettu kiinnitystolppa vakiovarusteisiin Kiinte\u00e4 s\u00e4hk\u00f6inen p\u00e4\u00e4tylevy, suunniteltu erityisesti Wicona-profiilij\u00e4rjestelm\u00e4\u00e4n Wicstyle 65\/65N.<b> <\/b><\/div>\n<div><b><br \/><\/b><\/div>\n<div><b>Ominaisuudet:<\/b><\/div>\n<div>\n<ul>\n<li>Sopii Wiconan Wicstyle 65\/65N malliin.<\/li>\n<li>Tarkoitettu alumiinirunkoon ulosp\u00e4in avautuvassa ovessa yhdess\u00e4 vakiop\u00e4\u00e4tylevyn kanssa.<\/li>\n<li>Profiilissa, joka on jyrsitty Assa\/Wicona-standardin syvennyksell\u00e4, s\u00e4hk\u00f6isen p\u00e4\u00e4tylevyn tyypin vaihto voidaan tehd\u00e4 ilman syvennyksi\u00e4 vaihtamatta.<\/li>\n<li>Assa-p\u00e4\u00e4tylevyt 546 ja 547 ovat mekaanisia p\u00e4\u00e4tylevyj\u00e4, jotka sopivat vakiosyvennykseen.<\/li>\n<\/ul>\n<\/div>\n<div><b><br \/><\/b><\/div>\n<div><b>Sopii: <\/b><\/div>\n<div>ASSA ABLOY s\u00e4hk\u00f6iset p\u00e4\u00e4tylevyt vakiosarjassa: 70, 570, 71, 571, 75, 575, 585<\/div>\n<\/div>\n<\/div>\n<\/div>\n<\/div>\n<\/div>\n<\/div>\n<div>\n<\/p>\n<\/div>","protected":false},"excerpt":{"rendered":"<p>Monteringsstolpe i rostfritt st\u00e5l f\u00f6r standard Solid elslutbleck, speciellt framtagna f\u00f6r Wicona profilsystem Wicstyle 65\/65N. Egenskaper: Passar Wiconas Wicstyle 65\/65N. Avsedd f\u00f6r aluminiumkarm i ut\u00e5tg\u00e5ende d\u00f6rr i kombination med standardslutbleck.<\/p>","protected":false},"featured_media":155736,"template":"","meta":{"_acf_changed":false},"product_brand":[],"product_cat":[4735],"product_tag":[],"class_list":{"0":"post-155737","1":"product","2":"type-product","3":"status-publish","4":"has-post-thumbnail","6":"product_cat-monteringsstolpe","7":"product_shipping_class-postnord-varubrev","8":"pa_brands-abloy","9":"tm-no-options","11":"first","12":"onbackorder","13":"sale","14":"taxable","15":"shipping-taxable","16":"purchasable","17":"product-type-simple"},"acf":[],"_links":{"self":[{"href":"https:\/\/secureus.se\/fi\/wp-json\/wp\/v2\/product\/155737","targetHints":{"allow":["GET"]}}],"collection":[{"href":"https:\/\/secureus.se\/fi\/wp-json\/wp\/v2\/product"}],"about":[{"href":"https:\/\/secureus.se\/fi\/wp-json\/wp\/v2\/types\/product"}],"wp:featuredmedia":[{"embeddable":true,"href":"https:\/\/secureus.se\/fi\/wp-json\/wp\/v2\/media\/155736"}],"wp:attachment":[{"href":"https:\/\/secureus.se\/fi\/wp-json\/wp\/v2\/media?parent=155737"}],"wp:term":[{"taxonomy":"product_brand","embeddable":true,"href":"https:\/\/secureus.se\/fi\/wp-json\/wp\/v2\/product_brand?post=155737"},{"taxonomy":"product_cat","embeddable":true,"href":"https:\/\/secureus.se\/fi\/wp-json\/wp\/v2\/product_cat?post=155737"},{"taxonomy":"product_tag","embeddable":true,"href":"https:\/\/secureus.se\/fi\/wp-json\/wp\/v2\/product_tag?post=155737"}],"curies":[{"name":"wp","href":"https:\/\/api.w.org\/{rel}","templated":true}]}}