{"id":155739,"date":"2025-09-01T12:48:46","date_gmt":"2025-09-01T10:48:46","guid":{"rendered":"https:\/\/secureus.se\/?post_type=product&#038;p=155739"},"modified":"2026-04-23T11:23:37","modified_gmt":"2026-04-23T09:23:37","slug":"monteringsstolpe-745","status":"publish","type":"product","link":"https:\/\/secureus.se\/fi\/monteringsstolpe-745\/","title":{"rendered":"Asennustolppa 745"},"content":{"rendered":"<div>\n<div>\n<div>\n<div>\n<div>\n<div><\/div>\n<div>Ruostumattomasta ter\u00e4ksest\u00e4 valmistettu kiinnitystolppa vakiovarusteisiin Kiinte\u00e4 s\u00e4hk\u00f6inen p\u00e4\u00e4tylevy, erityisesti suunniteltu Sch\u00fccon profiilij\u00e4rjestelmille Royal S65 (liukukielekkeell\u00e4) ja Royal S50N.<\/div>\n<div><\/div>\n<div><b>\u00a0<\/b><\/div>\n<div><b>Ominaisuudet:\u00a0<\/b><\/div>\n<div>\n<ul>\n<li>Sopii Sch\u00fccon Royal S65 ja Royal S50N malleihin.<\/li>\n<li>Assa\/Sch\u00fccon vakiosyvennyksill\u00e4 jyrsityiss\u00e4 profiileissa s\u00e4hk\u00f6isen p\u00e4\u00e4tylevyn tyyppi\u00e4 voidaan vaihtaa ilman syvennyksi\u00e4 vaihtamatta.<\/li>\n<li>Asennettaessa profiilij\u00e4rjestelm\u00e4\u00e4n S65 on k\u00e4ytett\u00e4v\u00e4 liukukielt\u00e4.<\/li>\n<\/ul>\n<\/div>\n<div><\/div>\n<div><b>\u00a0<\/b><\/div>\n<div><b>Sopii:\u00a0\u00a0<\/b><\/div>\n<div>ASSA ABLOY s\u00e4hk\u00f6iset p\u00e4\u00e4tylevyt vakiosarjassa: 70, 570, 71, 571, 75, 575, 585<\/div>\n<\/div>\n<div><\/div>\n<\/div>\n<\/div>\n<\/div>\n<\/div>\n<div><\/div>","protected":false},"excerpt":{"rendered":"<p>Monteringsstolpe i rostfritt st\u00e5l f\u00f6r standard Solid elslutbleck, speciellt framtagna f\u00f6r Sch\u00fcco profilsystem Royal S65 (med glidpl\u00f6s) och Royal S50N. \u00a0 Egenskaper:\u00a0 Passar Sch\u00fccos Royal S65 och Royal S50N. I<\/p>","protected":false},"featured_media":159467,"template":"","meta":{"_acf_changed":false},"product_brand":[],"product_cat":[4735],"product_tag":[],"class_list":{"0":"post-155739","1":"product","2":"type-product","3":"status-publish","4":"has-post-thumbnail","6":"product_cat-monteringsstolpe","7":"product_shipping_class-postnord-varubrev","8":"pa_brands-abloy","9":"tm-no-options","11":"first","12":"instock","13":"sale","14":"taxable","15":"shipping-taxable","16":"purchasable","17":"product-type-simple"},"acf":[],"_links":{"self":[{"href":"https:\/\/secureus.se\/fi\/wp-json\/wp\/v2\/product\/155739","targetHints":{"allow":["GET"]}}],"collection":[{"href":"https:\/\/secureus.se\/fi\/wp-json\/wp\/v2\/product"}],"about":[{"href":"https:\/\/secureus.se\/fi\/wp-json\/wp\/v2\/types\/product"}],"wp:featuredmedia":[{"embeddable":true,"href":"https:\/\/secureus.se\/fi\/wp-json\/wp\/v2\/media\/159467"}],"wp:attachment":[{"href":"https:\/\/secureus.se\/fi\/wp-json\/wp\/v2\/media?parent=155739"}],"wp:term":[{"taxonomy":"product_brand","embeddable":true,"href":"https:\/\/secureus.se\/fi\/wp-json\/wp\/v2\/product_brand?post=155739"},{"taxonomy":"product_cat","embeddable":true,"href":"https:\/\/secureus.se\/fi\/wp-json\/wp\/v2\/product_cat?post=155739"},{"taxonomy":"product_tag","embeddable":true,"href":"https:\/\/secureus.se\/fi\/wp-json\/wp\/v2\/product_tag?post=155739"}],"curies":[{"name":"wp","href":"https:\/\/api.w.org\/{rel}","templated":true}]}}