{"id":155754,"date":"2025-09-01T12:48:49","date_gmt":"2025-09-01T10:48:49","guid":{"rendered":"https:\/\/secureus.se\/monteringsstolpe-730\/"},"modified":"2026-03-25T15:29:06","modified_gmt":"2026-03-25T14:29:06","slug":"monteringsstolpe-730","status":"publish","type":"product","link":"https:\/\/secureus.se\/fi\/monteringsstolpe-730\/","title":{"rendered":"Asennustolppa 730"},"content":{"rendered":"<div>\n<div><\/div>\n<\/div>\n<div>Asennustolppa ter\u00e4st\u00e4, tavalliselle s\u00e4hk\u00f6iselle p\u00e4\u00e4tylevylle Solid-sarjassa. K\u00e4ytet\u00e4\u00e4n liitteen ja ominaisuuksien mukauttamiseen nykyiseen sovellukseen ja oviymp\u00e4rist\u00f6\u00f6n\n<\/div>\n<div><b>Ominaisuudet:\u00a0<\/b><\/div>\n<div>\n<ul>\n<li>Puu-, ter\u00e4s- tai alumiinirungoille.<\/li>\n<li>Lukitut kaksoispudotuslukot.<\/li>\n<li>Kielekkeen koko: 15 mm<b>. <\/b><\/li>\n<\/ul>\n<\/div>\n<div><b><br \/>\nSopii: <\/b><\/div>\n<div>ASSA ABLOY s\u00e4hk\u00f6iset p\u00e4\u00e4tylevyt vakiosarjassa: 70, 570, 71, 571, 75, 575, 585<\/div>\n<div><\/div>","protected":false},"excerpt":{"rendered":"<p>Monteringsstolpe i st\u00e5l, f\u00f6r standard elslutbleck i Solid-serien. Anv\u00e4nds f\u00f6r att anpassa inf\u00e4stning och egenskaper till den aktuella applikationen och d\u00f6rrmilj\u00f6n Egenskaper:\u00a0 F\u00f6r tr\u00e4-, st\u00e5l- eller aluminiumkarmar. F\u00f6rreglade dubbelfall\u00e5s. Pl\u00f6sm\u00e5tt:<\/p>","protected":false},"featured_media":159462,"template":"","meta":{"_acf_changed":false},"product_brand":[],"product_cat":[4735],"product_tag":[],"class_list":{"0":"post-155754","1":"product","2":"type-product","3":"status-publish","4":"has-post-thumbnail","6":"product_cat-monteringsstolpe","7":"product_shipping_class-postnord-varubrev","8":"pa_brands-abloy","9":"tm-no-options","11":"first","12":"instock","13":"sale","14":"taxable","15":"shipping-taxable","16":"purchasable","17":"product-type-simple"},"acf":[],"_links":{"self":[{"href":"https:\/\/secureus.se\/fi\/wp-json\/wp\/v2\/product\/155754","targetHints":{"allow":["GET"]}}],"collection":[{"href":"https:\/\/secureus.se\/fi\/wp-json\/wp\/v2\/product"}],"about":[{"href":"https:\/\/secureus.se\/fi\/wp-json\/wp\/v2\/types\/product"}],"wp:featuredmedia":[{"embeddable":true,"href":"https:\/\/secureus.se\/fi\/wp-json\/wp\/v2\/media\/159462"}],"wp:attachment":[{"href":"https:\/\/secureus.se\/fi\/wp-json\/wp\/v2\/media?parent=155754"}],"wp:term":[{"taxonomy":"product_brand","embeddable":true,"href":"https:\/\/secureus.se\/fi\/wp-json\/wp\/v2\/product_brand?post=155754"},{"taxonomy":"product_cat","embeddable":true,"href":"https:\/\/secureus.se\/fi\/wp-json\/wp\/v2\/product_cat?post=155754"},{"taxonomy":"product_tag","embeddable":true,"href":"https:\/\/secureus.se\/fi\/wp-json\/wp\/v2\/product_tag?post=155754"}],"curies":[{"name":"wp","href":"https:\/\/api.w.org\/{rel}","templated":true}]}}