{"id":155853,"date":"2025-09-03T09:08:44","date_gmt":"2025-09-03T07:08:44","guid":{"rendered":"https:\/\/secureus.se\/monteringsstolpe-543\/"},"modified":"2026-04-08T15:09:40","modified_gmt":"2026-04-08T13:09:40","slug":"monteringsstolpe-543","status":"publish","type":"product","link":"https:\/\/secureus.se\/fi\/monteringsstolpe-543\/","title":{"rendered":"Asennustolppa 543"},"content":{"rendered":"<div>\n<div>\n<div>\n<div>Ruostumattomasta ter\u00e4ksest\u00e4 valmistettu kiinnitystolppa yksinkertaisille s\u00e4hk\u00f6isille p\u00e4\u00e4tylevyille, erityisesti suunniteltu SapaFront-profiilij\u00e4rjestelm\u00e4\u00e4 varten. K\u00e4ytet\u00e4\u00e4n sovittamaan s\u00e4hk\u00f6isten p\u00e4\u00e4tylevyjen kiinnitys Sapan standardisyvennyksiin.<\/div>\n<div><\/div>\n<div>\n<p><b>Ominaisuudet:\u00a0<\/b><\/p>\n<ul>\n<li>K\u00e4ytett\u00e4ess\u00e4 kapeaprofiilisia lukkoja yhdess\u00e4 SapaFront-pylv\u00e4iden kanssa, lukot on varustettava 22 mm:n pylv\u00e4\u00e4ll\u00e4.<\/li>\n<li>Sopii SapaFront rakennusj\u00e4rjestelm\u00e4\u00e4n 2074.<\/li>\n<\/ul>\n<\/div>\n<\/div>\n<div><\/div>\n<div><b>Sopii:\u00a0<\/b><br \/>\nASSA ABLOY s\u00e4hk\u00f6inen p\u00e4\u00e4tylevy yksinkertainen sarja: 14, 114, 514, 5114<\/div>\n<\/div>\n<\/div>\n<div><\/div>","protected":false},"excerpt":{"rendered":"<p>Monteringsstolpe i rostfritt st\u00e5l f\u00f6r enkla elslutbleck, speciellt framtagna f\u00f6r SapaFront profilsystem. Anv\u00e4nds f\u00f6r att anpassa inf\u00e4stning av elslutbleck till Sapa standardurtag. Egenskaper:\u00a0 D\u00e5 smalprofill\u00e5s anv\u00e4nds tillsammans med SapaFront stolpar,<\/p>","protected":false},"featured_media":155852,"template":"","meta":{"_acf_changed":false},"product_brand":[],"product_cat":[4735],"product_tag":[],"class_list":{"0":"post-155853","1":"product","2":"type-product","3":"status-publish","4":"has-post-thumbnail","6":"product_cat-monteringsstolpe","7":"product_shipping_class-postnord-varubrev","8":"pa_brands-abloy","9":"tm-no-options","11":"first","12":"outofstock","13":"sale","14":"taxable","15":"shipping-taxable","16":"purchasable","17":"product-type-simple"},"acf":[],"_links":{"self":[{"href":"https:\/\/secureus.se\/fi\/wp-json\/wp\/v2\/product\/155853","targetHints":{"allow":["GET"]}}],"collection":[{"href":"https:\/\/secureus.se\/fi\/wp-json\/wp\/v2\/product"}],"about":[{"href":"https:\/\/secureus.se\/fi\/wp-json\/wp\/v2\/types\/product"}],"wp:featuredmedia":[{"embeddable":true,"href":"https:\/\/secureus.se\/fi\/wp-json\/wp\/v2\/media\/155852"}],"wp:attachment":[{"href":"https:\/\/secureus.se\/fi\/wp-json\/wp\/v2\/media?parent=155853"}],"wp:term":[{"taxonomy":"product_brand","embeddable":true,"href":"https:\/\/secureus.se\/fi\/wp-json\/wp\/v2\/product_brand?post=155853"},{"taxonomy":"product_cat","embeddable":true,"href":"https:\/\/secureus.se\/fi\/wp-json\/wp\/v2\/product_cat?post=155853"},{"taxonomy":"product_tag","embeddable":true,"href":"https:\/\/secureus.se\/fi\/wp-json\/wp\/v2\/product_tag?post=155853"}],"curies":[{"name":"wp","href":"https:\/\/api.w.org\/{rel}","templated":true}]}}