{"id":155865,"date":"2025-09-03T09:08:46","date_gmt":"2025-09-03T07:08:46","guid":{"rendered":"https:\/\/secureus.se\/monteringsstolpe-507-17\/"},"modified":"2026-03-25T15:28:17","modified_gmt":"2026-03-25T14:28:17","slug":"monteringsstolpe-507-17","status":"publish","type":"product","link":"https:\/\/secureus.se\/fi\/monteringsstolpe-507-17\/","title":{"rendered":"Asennustolppa 507-17"},"content":{"rendered":"<div>Asennustolppa ter\u00e4st\u00e4, yksinkertaisille s\u00e4hk\u00f6isille p\u00e4\u00e4tylevyille Solid-sarjassa. K\u00e4ytet\u00e4\u00e4n liitteen ja ominaisuuksien mukauttamiseen nykyiseen sovellukseen ja oviymp\u00e4rist\u00f6\u00f6n.<\/div>\n<div><b>\u00a0<\/b><\/div>\n<div><b>Ominaisuudet:\u00a0\u00a0<\/b><\/div>\n<div>\n<ul>\n<li><b><\/b>Puu-, ter\u00e4s- tai alumiinirungoille.<\/li>\n<li>Yksitt\u00e4inen pudotuslukko ilman lukitusta.<\/li>\n<li>Kielekkeen koko: 17 mm.<\/li>\n<\/ul>\n<p>&nbsp;<\/p>\n<\/div>\n<div><b>Sopii: <\/b><\/div>\n<div>ASSA ABLOY s\u00e4hk\u00f6inen p\u00e4\u00e4tylevy yksinkertainen sarja: 14, 114, 514, 5114<\/div>","protected":false},"excerpt":{"rendered":"<p>Monteringsstolpe i st\u00e5l, f\u00f6r enkla elslutbleck i Solid-serien. Anv\u00e4nds f\u00f6r att anpassa inf\u00e4stning och egenskaper till den aktuella applikationen och d\u00f6rrmilj\u00f6n. \u00a0 Egenskaper:\u00a0\u00a0 F\u00f6r tr\u00e4-, st\u00e5l- eller aluminiumkarmar. Enkelfall\u00e5s utan<\/p>","protected":false},"featured_media":155863,"template":"","meta":{"_acf_changed":false},"product_brand":[],"product_cat":[4735],"product_tag":[],"class_list":{"0":"post-155865","1":"product","2":"type-product","3":"status-publish","4":"has-post-thumbnail","6":"product_cat-monteringsstolpe","7":"product_shipping_class-postnord-varubrev","8":"pa_brands-abloy","9":"tm-no-options","11":"first","12":"instock","13":"sale","14":"taxable","15":"shipping-taxable","16":"purchasable","17":"product-type-simple"},"acf":[],"_links":{"self":[{"href":"https:\/\/secureus.se\/fi\/wp-json\/wp\/v2\/product\/155865","targetHints":{"allow":["GET"]}}],"collection":[{"href":"https:\/\/secureus.se\/fi\/wp-json\/wp\/v2\/product"}],"about":[{"href":"https:\/\/secureus.se\/fi\/wp-json\/wp\/v2\/types\/product"}],"wp:featuredmedia":[{"embeddable":true,"href":"https:\/\/secureus.se\/fi\/wp-json\/wp\/v2\/media\/155863"}],"wp:attachment":[{"href":"https:\/\/secureus.se\/fi\/wp-json\/wp\/v2\/media?parent=155865"}],"wp:term":[{"taxonomy":"product_brand","embeddable":true,"href":"https:\/\/secureus.se\/fi\/wp-json\/wp\/v2\/product_brand?post=155865"},{"taxonomy":"product_cat","embeddable":true,"href":"https:\/\/secureus.se\/fi\/wp-json\/wp\/v2\/product_cat?post=155865"},{"taxonomy":"product_tag","embeddable":true,"href":"https:\/\/secureus.se\/fi\/wp-json\/wp\/v2\/product_tag?post=155865"}],"curies":[{"name":"wp","href":"https:\/\/api.w.org\/{rel}","templated":true}]}}