{"id":155903,"date":"2025-09-03T09:29:40","date_gmt":"2025-09-03T07:29:40","guid":{"rendered":"https:\/\/secureus.se\/monteringsstolpe-932t\/"},"modified":"2026-04-23T11:20:42","modified_gmt":"2026-04-23T09:20:42","slug":"monteringsstolpe-932t","status":"publish","type":"product","link":"https:\/\/secureus.se\/fi\/monteringsstolpe-932t\/","title":{"rendered":"Asennustolppa 932T"},"content":{"rendered":"<p>ASSA ABLOY 932T on kulmikas, py\u00f6ristetyt kulmat omaava kiinnitystolppa ruostumattomasta ter\u00e4ksest\u00e4 puurunkoihin. Sopii Assan vakiomallisiin 900-sarjan vastakappaleisiin sek\u00e4 yksi- tai kaksisalpaisiin lukkorunkoihin.<\/p>\n<div><b><br \/>Ominaisuudet:\u00a0<\/b><\/div>\n<div>\n<ul>\n<li>Symmetrinen<\/li>\n<li>Leveys: 40 mm<\/li>\n<li>Korkeus: 245 mm<\/li>\n<li>Kielekkeen koko: 15 mm<\/li>\n<li>Kulman syvyys: 15 mm<\/li>\n<li>Py\u00f6re\u00e4t kulmat\u00a0<\/li>\n<li>Puukehyksiin\u00a0<\/li>\n<\/ul>\n<\/div>\n<div><b><br \/>Sopii ASSA ABLOY 900-sarjan s\u00e4hk\u00f6isiin p\u00e4\u00e4tylevyihin:<\/b><\/div>\n<div>\n<ul>\n<li>905, 905 milj<\/li>\n<li>910, 910 milj<\/li>\n<li>911, 911 milj<\/li>\n<li>920, 920M, 920C<\/li>\n<li>940 miljoonaa<\/li>\n<li>941 milj<\/li>\n<li>960M, 960C<\/li>\n<li>961M, 961C<\/li>\n<li>990 miljoonaa<\/li>\n<li>991 miljoonaa<\/li>\n<\/ul>\n<\/div>","protected":false},"excerpt":{"rendered":"<p>ASSA ABLOY 932T \u00e4r en vinklad monteringsstolpe med runda h\u00f6rn i rostfritt st\u00e5l, f\u00f6r tr\u00e4karmar. Passar till Assas standard slutbleck i 900-serien tillsammans med l\u00e5shus med enkelfall eller dubbelfall. Egenskaper:\u00a0<\/p>","protected":false},"featured_media":155902,"template":"","meta":{"_acf_changed":false},"product_brand":[],"product_cat":[4735],"product_tag":[],"class_list":{"0":"post-155903","1":"product","2":"type-product","3":"status-publish","4":"has-post-thumbnail","6":"product_cat-monteringsstolpe","7":"product_shipping_class-postnord-varubrev","8":"pa_brands-abloy","9":"tm-no-options","11":"first","12":"outofstock","13":"sale","14":"taxable","15":"shipping-taxable","16":"purchasable","17":"product-type-simple"},"acf":[],"_links":{"self":[{"href":"https:\/\/secureus.se\/fi\/wp-json\/wp\/v2\/product\/155903","targetHints":{"allow":["GET"]}}],"collection":[{"href":"https:\/\/secureus.se\/fi\/wp-json\/wp\/v2\/product"}],"about":[{"href":"https:\/\/secureus.se\/fi\/wp-json\/wp\/v2\/types\/product"}],"wp:featuredmedia":[{"embeddable":true,"href":"https:\/\/secureus.se\/fi\/wp-json\/wp\/v2\/media\/155902"}],"wp:attachment":[{"href":"https:\/\/secureus.se\/fi\/wp-json\/wp\/v2\/media?parent=155903"}],"wp:term":[{"taxonomy":"product_brand","embeddable":true,"href":"https:\/\/secureus.se\/fi\/wp-json\/wp\/v2\/product_brand?post=155903"},{"taxonomy":"product_cat","embeddable":true,"href":"https:\/\/secureus.se\/fi\/wp-json\/wp\/v2\/product_cat?post=155903"},{"taxonomy":"product_tag","embeddable":true,"href":"https:\/\/secureus.se\/fi\/wp-json\/wp\/v2\/product_tag?post=155903"}],"curies":[{"name":"wp","href":"https:\/\/api.w.org\/{rel}","templated":true}]}}