{"id":155909,"date":"2025-09-03T09:29:36","date_gmt":"2025-09-03T07:29:36","guid":{"rendered":"https:\/\/secureus.se\/monteringsstolpe-965-s\/"},"modified":"2026-03-25T15:27:50","modified_gmt":"2026-03-25T14:27:50","slug":"monteringsstolpe-965-s","status":"publish","type":"product","link":"https:\/\/secureus.se\/fi\/monteringsstolpe-965-s\/","title":{"rendered":"Asennustolppa 965-S"},"content":{"rendered":"<div>ASSA ABLOY 965-S on ruostumattomasta ter\u00e4ksest\u00e4 valmistettu kiinnitystolppa Sch\u00fcco ADS 65 HD -profiilij\u00e4rjestelm\u00e4\u00e4n. Sopii Assan 900-sarjan vakiop\u00e4\u00e4tylevyyn. K\u00e4ytet\u00e4\u00e4n sovittamaan s\u00e4hk\u00f6inen p\u00e4\u00e4tylevyn kiinnitys Sch\u00fccon vakiosyvennykseen.\u00a0\u00a0<\/div>\n<div><b><br \/>Ominaisuudet:<\/b><\/div>\n<div>\n<ul>\n<li>Leveys: 54,5 mm<\/li>\n<li>Pituus: 245 mm<\/li>\n<li>Kielekkeen koko: 28 mm<\/li>\n<li>Sopii profiilij\u00e4rjestelm\u00e4\u00e4n Sch\u00fcco ADS 65 HD<\/li>\n<\/ul>\n<\/div>\n<div><b>Sopii ASSA ABLOY 900-sarjan s\u00e4hk\u00f6isiin p\u00e4\u00e4tylevyihin:<\/b><\/div>\n<div>\n<ul>\n<li>905, 905 milj<\/li>\n<li>910, 910 milj<\/li>\n<li>911, 911 milj<\/li>\n<li>920, 920M, 920C<\/li>\n<li>940 miljoonaa<\/li>\n<li>941 milj<\/li>\n<li>960M, 960C<\/li>\n<li>961M, 961C<\/li>\n<li>990 miljoonaa<\/li>\n<li>991 miljoonaa<\/li>\n<\/ul>\n<\/div>\n<div><\/div>","protected":false},"excerpt":{"rendered":"<p>ASSA ABLOY 965-S \u00e4r en montagestolpe i rostfritt st\u00e5l, f\u00f6r profilsystem Sch\u00fcco ADS 65 HD. Passar till Assas standard slutbleck i 900-serien. Anv\u00e4nds f\u00f6r att anpassa inf\u00e4stning elslutbleck till Sch\u00fcco<\/p>","protected":false},"featured_media":155908,"template":"","meta":{"_acf_changed":false},"product_brand":[],"product_cat":[4735],"product_tag":[],"class_list":{"0":"post-155909","1":"product","2":"type-product","3":"status-publish","4":"has-post-thumbnail","6":"product_cat-monteringsstolpe","7":"product_shipping_class-postnord-varubrev","8":"pa_brands-abloy","9":"tm-no-options","11":"first","12":"onbackorder","13":"sale","14":"taxable","15":"shipping-taxable","16":"purchasable","17":"product-type-simple"},"acf":[],"_links":{"self":[{"href":"https:\/\/secureus.se\/fi\/wp-json\/wp\/v2\/product\/155909","targetHints":{"allow":["GET"]}}],"collection":[{"href":"https:\/\/secureus.se\/fi\/wp-json\/wp\/v2\/product"}],"about":[{"href":"https:\/\/secureus.se\/fi\/wp-json\/wp\/v2\/types\/product"}],"wp:featuredmedia":[{"embeddable":true,"href":"https:\/\/secureus.se\/fi\/wp-json\/wp\/v2\/media\/155908"}],"wp:attachment":[{"href":"https:\/\/secureus.se\/fi\/wp-json\/wp\/v2\/media?parent=155909"}],"wp:term":[{"taxonomy":"product_brand","embeddable":true,"href":"https:\/\/secureus.se\/fi\/wp-json\/wp\/v2\/product_brand?post=155909"},{"taxonomy":"product_cat","embeddable":true,"href":"https:\/\/secureus.se\/fi\/wp-json\/wp\/v2\/product_cat?post=155909"},{"taxonomy":"product_tag","embeddable":true,"href":"https:\/\/secureus.se\/fi\/wp-json\/wp\/v2\/product_tag?post=155909"}],"curies":[{"name":"wp","href":"https:\/\/api.w.org\/{rel}","templated":true}]}}