{"id":155913,"date":"2025-09-03T09:29:36","date_gmt":"2025-09-03T07:29:36","guid":{"rendered":"https:\/\/secureus.se\/monteringsstolpe-959\/"},"modified":"2026-03-25T15:27:55","modified_gmt":"2026-03-25T14:27:55","slug":"monteringsstolpe-959","status":"publish","type":"product","link":"https:\/\/secureus.se\/fi\/monteringsstolpe-959\/","title":{"rendered":"Asennustolppa 959"},"content":{"rendered":"<div>ASSA ABLOY 959 on ruostumattomasta ter\u00e4ksest\u00e4 valmistettu kiinnitystolppa profiilij\u00e4rjestelmille SP 59000 ja 79000. Sopii Assan 900-sarjan vakiovastaraudalle yhdess\u00e4 yksi- tai kaksipuolisten lukkorunkojen kanssa. K\u00e4ytet\u00e4\u00e4n s\u00e4hk\u00f6isten vastarautojen kiinnityksen mukauttamiseen St\u00e5lprofilin vakiosyvennyksiin.<\/div>\n<div><b><br \/>\nOminaisuudet:<\/b><\/div>\n<div>\n<ul>\n<li>Leveys: 80 mm<\/li>\n<li>Pituus: 200 mm<\/li>\n<li>Kielekkeen koko: 29,5 mm<\/li>\n<li>Sopii ter\u00e4sprofiileihin SP 59000 ja 79000<\/li>\n<\/ul>\n<\/div>\n<div>\n<b>Sopii ASSA ABLOY 900-sarjan s\u00e4hk\u00f6isiin p\u00e4\u00e4tylevyihin:<\/b><\/div>\n<div>\n<ul>\n<li>905, 905 milj<\/li>\n<li>910, 910 milj<\/li>\n<li>911, 911 milj<\/li>\n<li>920, 920M, 920C<\/li>\n<li>940 miljoonaa<\/li>\n<li>941 milj<\/li>\n<li>960M, 960C<\/li>\n<li>961M, 961C<\/li>\n<li>990 miljoonaa<\/li>\n<li>991 miljoonaa<\/li>\n<\/ul>\n<\/div>\n<div><\/div>","protected":false},"excerpt":{"rendered":"<p>ASSA ABLOY 959 \u00e4r en montagestolpe\u00a0i rostfritt st\u00e5l, f\u00f6r profilsystem SP 59000 och 79000. Passar till Assas standard slutbleck i 900-serien tillsammans med l\u00e5shus med enkelfall eller dubbelfall. Anv\u00e4nds f\u00f6r<\/p>","protected":false},"featured_media":155912,"template":"","meta":{"_acf_changed":false},"product_brand":[],"product_cat":[4735],"product_tag":[],"class_list":{"0":"post-155913","1":"product","2":"type-product","3":"status-publish","4":"has-post-thumbnail","6":"product_cat-monteringsstolpe","7":"product_shipping_class-postnord-varubrev","8":"pa_brands-abloy","9":"tm-no-options","11":"first","12":"onbackorder","13":"sale","14":"taxable","15":"shipping-taxable","16":"purchasable","17":"product-type-simple"},"acf":[],"_links":{"self":[{"href":"https:\/\/secureus.se\/fi\/wp-json\/wp\/v2\/product\/155913","targetHints":{"allow":["GET"]}}],"collection":[{"href":"https:\/\/secureus.se\/fi\/wp-json\/wp\/v2\/product"}],"about":[{"href":"https:\/\/secureus.se\/fi\/wp-json\/wp\/v2\/types\/product"}],"wp:featuredmedia":[{"embeddable":true,"href":"https:\/\/secureus.se\/fi\/wp-json\/wp\/v2\/media\/155912"}],"wp:attachment":[{"href":"https:\/\/secureus.se\/fi\/wp-json\/wp\/v2\/media?parent=155913"}],"wp:term":[{"taxonomy":"product_brand","embeddable":true,"href":"https:\/\/secureus.se\/fi\/wp-json\/wp\/v2\/product_brand?post=155913"},{"taxonomy":"product_cat","embeddable":true,"href":"https:\/\/secureus.se\/fi\/wp-json\/wp\/v2\/product_cat?post=155913"},{"taxonomy":"product_tag","embeddable":true,"href":"https:\/\/secureus.se\/fi\/wp-json\/wp\/v2\/product_tag?post=155913"}],"curies":[{"name":"wp","href":"https:\/\/api.w.org\/{rel}","templated":true}]}}