{"id":155935,"date":"2025-09-03T09:29:38","date_gmt":"2025-09-03T07:29:38","guid":{"rendered":"https:\/\/secureus.se\/monteringsstolpe-9487-10\/"},"modified":"2026-04-23T11:21:10","modified_gmt":"2026-04-23T09:21:10","slug":"monteringsstolpe-9487-10","status":"publish","type":"product","link":"https:\/\/secureus.se\/fi\/monteringsstolpe-9487-10\/","title":{"rendered":"Asennustolppa 9487-10"},"content":{"rendered":"<p>ASSA ABLOY 9487-10 on ruostumattomasta ter\u00e4ksest\u00e4 valmistettu litte\u00e4 kiinnitystolppa, joka on sovitettu Sapa 2074 -profiilij\u00e4rjestelm\u00e4\u00e4n. Sopii Assan vakiomallisiin 900-sarjan vastalevyihin yhdess\u00e4 yksi- tai kaksisalpaisten lukkorunkojen kanssa.<\/p>\n<div><b><br \/>Ominaisuudet:\u00a0<\/b><\/div>\n<div>\n<ul>\n<li>Symmetrinen<\/li>\n<li>Leveys: 57,6 mm<\/li>\n<li>Korkeus: 200 mm<\/li>\n<li>Kielekkeen koko: 22,3 mm<\/li>\n<li>Sopii Sapa 2074 -profiilij\u00e4rjestelm\u00e4\u00e4n<\/li>\n<li>Samat mitat kuin p\u00e4\u00e4tylevyll\u00e4 1487-10<\/li>\n<\/ul>\n<\/div>\n<div><b>Sopii ASSA ABLOY 900-sarjan s\u00e4hk\u00f6isiin p\u00e4\u00e4tylevyihin:<\/b><\/div>\n<div>\n<ul>\n<li>905, 905 milj<\/li>\n<li>910, 910 milj<\/li>\n<li>911, 911 milj<\/li>\n<li>920, 920M, 920C<\/li>\n<li>940 miljoonaa<\/li>\n<li>941 milj<\/li>\n<li>960M, 960C<\/li>\n<li>961M, 961C<\/li>\n<li>990 miljoonaa<\/li>\n<li>991 miljoonaa<\/li>\n<\/ul>\n<\/div>\n<div><\/div>","protected":false},"excerpt":{"rendered":"<p>ASSA ABLOY 9487-10 \u00e4r en plan monteringsstolpe i rostfritt st\u00e5l, anpassad f\u00f6r profilsystem Sapa 2074. Passar till Assas standard slutbleck i 900-serien tillsammans med l\u00e5shus med enkelfall eller dubbelfall. Egenskaper:\u00a0<\/p>","protected":false},"featured_media":155934,"template":"","meta":{"_acf_changed":false},"product_brand":[],"product_cat":[4735],"product_tag":[],"class_list":{"0":"post-155935","1":"product","2":"type-product","3":"status-publish","4":"has-post-thumbnail","6":"product_cat-monteringsstolpe","7":"product_shipping_class-postnord-varubrev","8":"pa_brands-abloy","9":"tm-no-options","11":"first","12":"instock","13":"sale","14":"taxable","15":"shipping-taxable","16":"purchasable","17":"product-type-simple"},"acf":[],"_links":{"self":[{"href":"https:\/\/secureus.se\/fi\/wp-json\/wp\/v2\/product\/155935","targetHints":{"allow":["GET"]}}],"collection":[{"href":"https:\/\/secureus.se\/fi\/wp-json\/wp\/v2\/product"}],"about":[{"href":"https:\/\/secureus.se\/fi\/wp-json\/wp\/v2\/types\/product"}],"wp:featuredmedia":[{"embeddable":true,"href":"https:\/\/secureus.se\/fi\/wp-json\/wp\/v2\/media\/155934"}],"wp:attachment":[{"href":"https:\/\/secureus.se\/fi\/wp-json\/wp\/v2\/media?parent=155935"}],"wp:term":[{"taxonomy":"product_brand","embeddable":true,"href":"https:\/\/secureus.se\/fi\/wp-json\/wp\/v2\/product_brand?post=155935"},{"taxonomy":"product_cat","embeddable":true,"href":"https:\/\/secureus.se\/fi\/wp-json\/wp\/v2\/product_cat?post=155935"},{"taxonomy":"product_tag","embeddable":true,"href":"https:\/\/secureus.se\/fi\/wp-json\/wp\/v2\/product_tag?post=155935"}],"curies":[{"name":"wp","href":"https:\/\/api.w.org\/{rel}","templated":true}]}}