{"id":155949,"date":"2025-09-03T09:29:43","date_gmt":"2025-09-03T07:29:43","guid":{"rendered":"https:\/\/secureus.se\/monteringsstolpe-930-13\/"},"modified":"2026-03-25T15:26:32","modified_gmt":"2026-03-25T14:26:32","slug":"monteringsstolpe-930-13","status":"publish","type":"product","link":"https:\/\/secureus.se\/fi\/monteringsstolpe-930-13\/","title":{"rendered":"Asennustolppa 930-13"},"content":{"rendered":"<div>ASSA ABLOY 930-13 on ruostumattomasta ter\u00e4ksest\u00e4 valmistettu kiinnitystolppa profiilij\u00e4rjestelmille SP 35000, 55000 ja 75000. Sopii Assan 900-sarjan vakiop\u00e4\u00e4tylevyyn. K\u00e4ytet\u00e4\u00e4n sovittamaan s\u00e4hk\u00f6inen p\u00e4\u00e4tylevykiinnitys St\u00e5lprofilin vakiosyvennykseen.<\/div>\n<div><b><br \/>\nOminaisuudet:<\/b><\/div>\n<div>\n<ul>\n<li>Leveys: 40 mm<\/li>\n<li>Pituus: 245 mm<\/li>\n<li>Kielekkeen koko: 13 mm<\/li>\n<li>Sopii ter\u00e4sprofiileihin SP 35000, 55000 ja 75000<\/li>\n<\/ul>\n<\/div>\n<div><b><br \/>\nSopii ASSA ABLOY 900-sarjan s\u00e4hk\u00f6isiin p\u00e4\u00e4tylevyihin:<\/b><\/div>\n<div>\n<ul>\n<li>905, 905 milj<\/li>\n<li>910, 910 milj<\/li>\n<li>911, 911 milj<\/li>\n<li>920, 920M, 920C<\/li>\n<li>940 miljoonaa<\/li>\n<li>941 milj<\/li>\n<li>960M, 960C<\/li>\n<li>961M, 961C<\/li>\n<li>990 miljoonaa<\/li>\n<li>991 miljoonaa<\/li>\n<\/ul>\n<\/div>","protected":false},"excerpt":{"rendered":"<p>ASSA ABLOY 930-13 \u00e4r en montagestolpe i rostfritt st\u00e5l, f\u00f6r profilsystem SP 35000, 55000 och 75000. Passar till Assas standard slutbleck i 900-serien. Anv\u00e4nds f\u00f6r att anpassa inf\u00e4stning elslutbleck till<\/p>","protected":false},"featured_media":155946,"template":"","meta":{"_acf_changed":false},"product_brand":[],"product_cat":[4735],"product_tag":[],"class_list":{"0":"post-155949","1":"product","2":"type-product","3":"status-publish","4":"has-post-thumbnail","6":"product_cat-monteringsstolpe","7":"product_shipping_class-postnord-varubrev","8":"pa_brands-abloy","9":"tm-no-options","11":"first","12":"onbackorder","13":"sale","14":"taxable","15":"shipping-taxable","16":"purchasable","17":"product-type-simple"},"acf":[],"_links":{"self":[{"href":"https:\/\/secureus.se\/fi\/wp-json\/wp\/v2\/product\/155949","targetHints":{"allow":["GET"]}}],"collection":[{"href":"https:\/\/secureus.se\/fi\/wp-json\/wp\/v2\/product"}],"about":[{"href":"https:\/\/secureus.se\/fi\/wp-json\/wp\/v2\/types\/product"}],"wp:featuredmedia":[{"embeddable":true,"href":"https:\/\/secureus.se\/fi\/wp-json\/wp\/v2\/media\/155946"}],"wp:attachment":[{"href":"https:\/\/secureus.se\/fi\/wp-json\/wp\/v2\/media?parent=155949"}],"wp:term":[{"taxonomy":"product_brand","embeddable":true,"href":"https:\/\/secureus.se\/fi\/wp-json\/wp\/v2\/product_brand?post=155949"},{"taxonomy":"product_cat","embeddable":true,"href":"https:\/\/secureus.se\/fi\/wp-json\/wp\/v2\/product_cat?post=155949"},{"taxonomy":"product_tag","embeddable":true,"href":"https:\/\/secureus.se\/fi\/wp-json\/wp\/v2\/product_tag?post=155949"}],"curies":[{"name":"wp","href":"https:\/\/api.w.org\/{rel}","templated":true}]}}