{"id":155959,"date":"2025-09-03T09:29:42","date_gmt":"2025-09-03T07:29:42","guid":{"rendered":"https:\/\/secureus.se\/monteringsstolpe-930t-15\/"},"modified":"2026-03-25T15:27:27","modified_gmt":"2026-03-25T14:27:27","slug":"monteringsstolpe-930t-15","status":"publish","type":"product","link":"https:\/\/secureus.se\/fi\/monteringsstolpe-930t-15\/","title":{"rendered":"Asennustolppa 930T-15"},"content":{"rendered":"<p>Kulmikas kiinnitystolppa py\u00f6ristetyill\u00e4 kulmilla ruostumatonta ter\u00e4st\u00e4, puukehyksiin. Sopii Assan 900-sarjan vakiop\u00e4\u00e4tylevyyn. K\u00e4ytet\u00e4\u00e4n liitteen ja ominaisuuksien mukauttamiseen nykyiseen sovellukseen ja oviymp\u00e4rist\u00f6\u00f6n.<\/p>\n<div><b><br \/>\nOminaisuudet:\u00a0<\/b><\/div>\n<div>\n<ul>\n<li>Mitat (PxLxK): 245 x 40 x 15<\/li>\n<li>Kielekkeen koko: 15 mm<\/li>\n<li>Py\u00f6re\u00e4t kulmat<\/li>\n<li>Puukehyksiin<\/li>\n<\/ul>\n<\/div>\n<div><b><br \/>\nSopii ASSA ABLOY 900-sarjan s\u00e4hk\u00f6isiin p\u00e4\u00e4tylevyihin:<\/b><\/div>\n<div>\n<ul>\n<li>905, 905 milj<\/li>\n<li>910, 910 milj<\/li>\n<li>911, 911 milj<\/li>\n<li>920, 920M, 920C<\/li>\n<li>940 miljoonaa<\/li>\n<li>941 milj<\/li>\n<li>960M, 960C<\/li>\n<li>961M, 961C<\/li>\n<li>990 miljoonaa<\/li>\n<li>991 miljoonaa<\/li>\n<\/ul>\n<\/div>\n<div>\n<div>\n<div><\/div>\n<\/div>\n<div><\/div>\n<\/div>","protected":false},"excerpt":{"rendered":"<p>Kulmikas kiinnitystolppa py\u00f6ristetyill\u00e4 kulmilla ruostumatonta ter\u00e4st\u00e4, puukehyksiin. Sopii Assan 900-sarjan vakiop\u00e4\u00e4tylevyyn. K\u00e4ytet\u00e4\u00e4n liitteen ja ominaisuuksien mukauttamiseen nykyiseen sovellukseen ja oviymp\u00e4rist\u00f6\u00f6n.<\/p>","protected":false},"featured_media":155952,"template":"","meta":{"_acf_changed":false},"product_brand":[],"product_cat":[4735],"product_tag":[],"class_list":{"0":"post-155959","1":"product","2":"type-product","3":"status-publish","4":"has-post-thumbnail","6":"product_cat-monteringsstolpe","7":"product_shipping_class-postnord-varubrev","8":"pa_brands-abloy","9":"tm-no-options","11":"first","12":"instock","13":"sale","14":"taxable","15":"shipping-taxable","16":"purchasable","17":"product-type-simple"},"acf":[],"_links":{"self":[{"href":"https:\/\/secureus.se\/fi\/wp-json\/wp\/v2\/product\/155959","targetHints":{"allow":["GET"]}}],"collection":[{"href":"https:\/\/secureus.se\/fi\/wp-json\/wp\/v2\/product"}],"about":[{"href":"https:\/\/secureus.se\/fi\/wp-json\/wp\/v2\/types\/product"}],"wp:featuredmedia":[{"embeddable":true,"href":"https:\/\/secureus.se\/fi\/wp-json\/wp\/v2\/media\/155952"}],"wp:attachment":[{"href":"https:\/\/secureus.se\/fi\/wp-json\/wp\/v2\/media?parent=155959"}],"wp:term":[{"taxonomy":"product_brand","embeddable":true,"href":"https:\/\/secureus.se\/fi\/wp-json\/wp\/v2\/product_brand?post=155959"},{"taxonomy":"product_cat","embeddable":true,"href":"https:\/\/secureus.se\/fi\/wp-json\/wp\/v2\/product_cat?post=155959"},{"taxonomy":"product_tag","embeddable":true,"href":"https:\/\/secureus.se\/fi\/wp-json\/wp\/v2\/product_tag?post=155959"}],"curies":[{"name":"wp","href":"https:\/\/api.w.org\/{rel}","templated":true}]}}