{"id":155961,"date":"2025-09-03T09:29:41","date_gmt":"2025-09-03T07:29:41","guid":{"rendered":"https:\/\/secureus.se\/monteringsstolpe-931-20\/"},"modified":"2026-04-08T15:08:01","modified_gmt":"2026-04-08T13:08:01","slug":"monteringsstolpe-931-20","status":"publish","type":"product","link":"https:\/\/secureus.se\/fi\/monteringsstolpe-931-20\/","title":{"rendered":"Asennustolppa 931-20"},"content":{"rendered":"<div>Ruostumattomasta ter\u00e4ksest\u00e4 valmistettu litte\u00e4 asennustolppa ter\u00e4s- ja alumiinirungoille. Sopii Assan 900-sarjan vakiop\u00e4\u00e4tylevyyn. K\u00e4ytet\u00e4\u00e4n liitteen ja ominaisuuksien mukauttamiseen nykyiseen sovellukseen ja oviymp\u00e4rist\u00f6\u00f6n.\u00a0<\/div>\n<div><b><br \/>Ominaisuudet:<\/b><\/div>\n<div>\n<ul>\n<li>Mitat (PxL): 245 x 45\u00a0<\/li>\n<li>Kielekkeen koko: 20 mm\u00a0<\/li>\n<li>Ter\u00e4s- ja alumiinirungoille<b><\/b><\/li>\n<\/ul>\n<\/div>\n<div><b><br \/>Sopii ASSA ABLOY 900-sarjan s\u00e4hk\u00f6isiin p\u00e4\u00e4tylevyihin:<\/b><\/div>\n<div>\n<ul>\n<li>905, 905 milj<\/li>\n<li>910, 910 milj<\/li>\n<li>911, 911 milj<\/li>\n<li>920, 920M, 920C<\/li>\n<li>940 miljoonaa<\/li>\n<li>941 milj<\/li>\n<li>960M, 960C<\/li>\n<li>961M, 961C<\/li>\n<li>990 miljoonaa<\/li>\n<li>991 miljoonaa<\/li>\n<\/ul>\n<\/div>\n<div><b><br \/><\/b><\/div>\n<div><\/div>\n<div><\/div>","protected":false},"excerpt":{"rendered":"<p>Plan monteringsstolpe i rostfritt st\u00e5l, f\u00f6r st\u00e5l- och aluminiumkarmar. Passar till Assas standard slutbleck i 900-serien. Anv\u00e4nds f\u00f6r att anpassa inf\u00e4stning och egenskaper till den aktuella applikationen och d\u00f6rrmilj\u00f6n.\u00a0 Egenskaper:<\/p>","protected":false},"featured_media":155960,"template":"","meta":{"_acf_changed":false},"product_brand":[],"product_cat":[4735],"product_tag":[],"class_list":{"0":"post-155961","1":"product","2":"type-product","3":"status-publish","4":"has-post-thumbnail","6":"product_cat-monteringsstolpe","7":"product_shipping_class-postnord-varubrev","8":"pa_brands-abloy","9":"tm-no-options","11":"first","12":"outofstock","13":"sale","14":"taxable","15":"shipping-taxable","16":"purchasable","17":"product-type-simple"},"acf":[],"_links":{"self":[{"href":"https:\/\/secureus.se\/fi\/wp-json\/wp\/v2\/product\/155961","targetHints":{"allow":["GET"]}}],"collection":[{"href":"https:\/\/secureus.se\/fi\/wp-json\/wp\/v2\/product"}],"about":[{"href":"https:\/\/secureus.se\/fi\/wp-json\/wp\/v2\/types\/product"}],"wp:featuredmedia":[{"embeddable":true,"href":"https:\/\/secureus.se\/fi\/wp-json\/wp\/v2\/media\/155960"}],"wp:attachment":[{"href":"https:\/\/secureus.se\/fi\/wp-json\/wp\/v2\/media?parent=155961"}],"wp:term":[{"taxonomy":"product_brand","embeddable":true,"href":"https:\/\/secureus.se\/fi\/wp-json\/wp\/v2\/product_brand?post=155961"},{"taxonomy":"product_cat","embeddable":true,"href":"https:\/\/secureus.se\/fi\/wp-json\/wp\/v2\/product_cat?post=155961"},{"taxonomy":"product_tag","embeddable":true,"href":"https:\/\/secureus.se\/fi\/wp-json\/wp\/v2\/product_tag?post=155961"}],"curies":[{"name":"wp","href":"https:\/\/api.w.org\/{rel}","templated":true}]}}