{"id":155967,"date":"2025-09-03T09:29:43","date_gmt":"2025-09-03T07:29:43","guid":{"rendered":"https:\/\/secureus.se\/monteringsstolpe-917-w\/"},"modified":"2026-04-08T15:06:39","modified_gmt":"2026-04-08T13:06:39","slug":"monteringsstolpe-917-w","status":"publish","type":"product","link":"https:\/\/secureus.se\/fi\/monteringsstolpe-917-w\/","title":{"rendered":"Asennustolppa 917-W"},"content":{"rendered":"<div>Ruostumattomasta ter\u00e4ksest\u00e4 valmistettu litte\u00e4 asennustolppa Wicstyle 77 FP -rakennusj\u00e4rjestelm\u00e4\u00e4n. Sopii Assan 900-sarjan vakiop\u00e4\u00e4tylevyyn. <\/div>\n<div><b><br \/>Ominaisuudet: <\/b><\/div>\n<div>\n<ul>\n<li>Mitat (PxL): 245 x 42 <\/li>\n<li>Kielekkeen koko: 17 mm <\/li>\n<li>Sopii Wicstyle 77 FP -rakennusj\u00e4rjestelm\u00e4\u00e4n<\/li>\n<\/ul>\n<\/div>\n<div><b><br \/>Sopii ASSA ABLOY 900-sarjan s\u00e4hk\u00f6isiin p\u00e4\u00e4tylevyihin:<\/b><\/div>\n<div>\n<ul>\n<li>905, 905 milj<\/li>\n<li>910, 910 milj<\/li>\n<li>911, 911 milj<\/li>\n<li>920, 920M, 920C<\/li>\n<li>940 miljoonaa<\/li>\n<li>941 milj<\/li>\n<li>960M, 960C<\/li>\n<li>961M, 961C<\/li>\n<li>990 miljoonaa<\/li>\n<li>991 miljoonaa<\/li>\n<\/ul>\n<\/div>","protected":false},"excerpt":{"rendered":"<p>Plan monteringsstolpe i rostfritt st\u00e5l, f\u00f6r Wicstyle 77 FP byggsystem. Passar till Assas standard slutbleck i 900-serien. Egenskaper: M\u00e5tt (LxB): 245 x 42 Pl\u00f6sm\u00e5tt: 17 mm Passar Wicstyle 77 FP<\/p>","protected":false},"featured_media":155966,"template":"","meta":{"_acf_changed":false},"product_brand":[],"product_cat":[4735],"product_tag":[],"class_list":{"0":"post-155967","1":"product","2":"type-product","3":"status-publish","4":"has-post-thumbnail","6":"product_cat-monteringsstolpe","7":"product_shipping_class-postnord-varubrev","8":"pa_brands-abloy","9":"tm-no-options","11":"first","12":"onbackorder","13":"sale","14":"taxable","15":"shipping-taxable","16":"purchasable","17":"product-type-simple"},"acf":[],"_links":{"self":[{"href":"https:\/\/secureus.se\/fi\/wp-json\/wp\/v2\/product\/155967","targetHints":{"allow":["GET"]}}],"collection":[{"href":"https:\/\/secureus.se\/fi\/wp-json\/wp\/v2\/product"}],"about":[{"href":"https:\/\/secureus.se\/fi\/wp-json\/wp\/v2\/types\/product"}],"wp:featuredmedia":[{"embeddable":true,"href":"https:\/\/secureus.se\/fi\/wp-json\/wp\/v2\/media\/155966"}],"wp:attachment":[{"href":"https:\/\/secureus.se\/fi\/wp-json\/wp\/v2\/media?parent=155967"}],"wp:term":[{"taxonomy":"product_brand","embeddable":true,"href":"https:\/\/secureus.se\/fi\/wp-json\/wp\/v2\/product_brand?post=155967"},{"taxonomy":"product_cat","embeddable":true,"href":"https:\/\/secureus.se\/fi\/wp-json\/wp\/v2\/product_cat?post=155967"},{"taxonomy":"product_tag","embeddable":true,"href":"https:\/\/secureus.se\/fi\/wp-json\/wp\/v2\/product_tag?post=155967"}],"curies":[{"name":"wp","href":"https:\/\/api.w.org\/{rel}","templated":true}]}}