{"id":155978,"date":"2025-09-03T10:40:34","date_gmt":"2025-09-03T08:40:34","guid":{"rendered":"https:\/\/secureus.se\/monteringsstolpe-9930t-12v-vanster\/"},"modified":"2026-04-23T11:19:55","modified_gmt":"2026-04-23T09:19:55","slug":"monteringsstolpe-9930t-12v-vanster","status":"publish","type":"product","link":"https:\/\/secureus.se\/fi\/monteringsstolpe-9930t-12v-vanster\/","title":{"rendered":"Asennustolppa 9930T-12V Vasen"},"content":{"rendered":"<div>Asennustolppa s\u00e4hk\u00f6iseen sulkulevyyn ASSA ABLOY 992. Soveltuu vasen saranoituihin oviin.<\/p>\n<\/div>\n<div><\/div>\n<div><b>Ominaisuudet:<\/b><\/div>\n<div>\n<ul>\n<li>Kielekkeen koko: 12 mm<\/li>\n<li>Pituus: 245 mm<\/li>\n<li>Leveys: 40 mm<\/li>\n<li>Kulma: 15 mm<\/li>\n<li>Vasen\n<\/li>\n<\/ul>\n<\/div>\n<div><\/div>\n<div><b>Sopii:<\/b><\/div>\n<div>S\u00e4hk\u00f6inen p\u00e4\u00e4tylevy 992.<\/div>","protected":false},"excerpt":{"rendered":"<p>Asennustolppa s\u00e4hk\u00f6iseen sulkulevyyn ASSA ABLOY 992. Soveltuu vasen saranoituihin oviin. Ominaisuudet: Kielekkeen koko: 12 mm Pituus: 245 mm Leveys: 40 mm Kulma: 15 mm Vasen Sopii: S\u00e4hk\u00f6inen p\u00e4\u00e4tylevy 992.<\/p>","protected":false},"featured_media":155977,"template":"","meta":{"_acf_changed":false},"product_brand":[],"product_cat":[4735],"product_tag":[],"class_list":{"0":"post-155978","1":"product","2":"type-product","3":"status-publish","4":"has-post-thumbnail","6":"product_cat-monteringsstolpe","7":"product_shipping_class-postnord-varubrev","8":"pa_brands-abloy","9":"tm-no-options","11":"first","12":"onbackorder","13":"sale","14":"taxable","15":"shipping-taxable","16":"purchasable","17":"product-type-simple"},"acf":[],"_links":{"self":[{"href":"https:\/\/secureus.se\/fi\/wp-json\/wp\/v2\/product\/155978","targetHints":{"allow":["GET"]}}],"collection":[{"href":"https:\/\/secureus.se\/fi\/wp-json\/wp\/v2\/product"}],"about":[{"href":"https:\/\/secureus.se\/fi\/wp-json\/wp\/v2\/types\/product"}],"wp:featuredmedia":[{"embeddable":true,"href":"https:\/\/secureus.se\/fi\/wp-json\/wp\/v2\/media\/155977"}],"wp:attachment":[{"href":"https:\/\/secureus.se\/fi\/wp-json\/wp\/v2\/media?parent=155978"}],"wp:term":[{"taxonomy":"product_brand","embeddable":true,"href":"https:\/\/secureus.se\/fi\/wp-json\/wp\/v2\/product_brand?post=155978"},{"taxonomy":"product_cat","embeddable":true,"href":"https:\/\/secureus.se\/fi\/wp-json\/wp\/v2\/product_cat?post=155978"},{"taxonomy":"product_tag","embeddable":true,"href":"https:\/\/secureus.se\/fi\/wp-json\/wp\/v2\/product_tag?post=155978"}],"curies":[{"name":"wp","href":"https:\/\/api.w.org\/{rel}","templated":true}]}}