{"id":155982,"date":"2025-09-03T10:40:36","date_gmt":"2025-09-03T08:40:36","guid":{"rendered":"https:\/\/secureus.se\/monteringsstolpe-840\/"},"modified":"2026-04-23T11:19:45","modified_gmt":"2026-04-23T09:19:45","slug":"monteringsstolpe-840","status":"publish","type":"product","link":"https:\/\/secureus.se\/fi\/monteringsstolpe-840\/","title":{"rendered":"Asennustolppa 840"},"content":{"rendered":"<div>\n<div>\n<div>\n<div>\n<div>\n<div><b>K\u00e4ytt\u00f6alue:\u00a0<\/b>Ruostumattomasta ter\u00e4ksest\u00e4 valmistettu kiinnitystolppi eritt\u00e4in vahvoille s\u00e4hk\u00f6isille p\u00e4\u00e4tylevyille, erityisesti suunniteltu SapaFront-profiilij\u00e4rjestelm\u00e4\u00e4 varten. K\u00e4ytet\u00e4\u00e4n sovittamaan s\u00e4hk\u00f6isten p\u00e4\u00e4tylevyjen kiinnitys Sapan standardisyvennyksiin.<\/div>\n<div><\/div>\n<div>\n<p><b>Ominaisuudet:\u00a0<\/b><\/p>\n<ul>\n<li>K\u00e4ytett\u00e4ess\u00e4 kapeaprofiilisia lukkoja yhdess\u00e4 SapaFront-pylv\u00e4iden kanssa, lukot on varustettava 22 mm:n pylv\u00e4\u00e4ll\u00e4.<\/li>\n<li>Sopii SapaFront rakennusj\u00e4rjestelm\u00e4\u00e4n 2050 ja 2071 sis\u00e4\u00e4np\u00e4in.<\/li>\n<li>Tarkoitettu alumiinirungolle.<\/li>\n<\/ul>\n<\/div>\n<\/div>\n<div><\/div>\n<div>\n<p><b>Teht\u00e4v\u00e4:\u00a0<\/b>Pylv\u00e4\u00e4n valintaan vaikuttavat useat eri tekij\u00e4t, jotka yhdess\u00e4 muodostavat optimaalisen ovi\/lukko\/pylv\u00e4syhdistelm\u00e4n. Yksi t\u00e4rkeimmist\u00e4 tekij\u00f6ist\u00e4 on itse oven suunnittelu. Karmin\/ovilehden materiaali voi vaihdella, esim. puuta, alumiinia tai ter\u00e4st\u00e4, ja oven profiili (taitettu\/taitettu) on otettava huomioon.<\/p>\n<div>Jotta voit valita s\u00e4hk\u00f6isen sulkulevyn ja kiinnityspylv\u00e4\u00e4n, sinun on my\u00f6s tiedett\u00e4v\u00e4 k\u00e4ytett\u00e4v\u00e4n mekaanisen lukon tyyppi, onko se yksi- vai kaksipudotuslukko ja kuinka suuri kielekkeen mitta on etureunan v\u00e4liss\u00e4. ovilehti ja lukon m\u00e4nt\u00e4.<\/div>\n<div>\n<b>Erityisstandardit palo-oville:\u00a0<\/b>Ovissa, joiden palotekninen luokka on EI\/E 60, EI\/E 30 tai EI\/E15, ei saa k\u00e4ytt\u00e4\u00e4 yksinkertaisia s\u00e4hk\u00f6isi\u00e4 sulkulevyj\u00e4 oven kiinnikkein\u00e4. Jos olet ep\u00e4varma lukko-\/s\u00e4hk\u00f6iskulevyyhdistelm\u00e4st\u00e4 paloturvallisissa ovissa, ota meihin yhteytt\u00e4 tai lue Ruotsin asuntoviraston rakennusm\u00e4\u00e4r\u00e4ys BBR 94.3 kohta 5:6214.<\/div>\n<\/div>\n<\/div>\n<\/div>\n<\/div>\n<\/div>\n<div><\/div>","protected":false},"excerpt":{"rendered":"<p>Anv\u00e4ndningsomr\u00e5de:\u00a0Monteringsstolpe i rostfritt st\u00e5l f\u00f6r extra kraftiga elslutbleck, speciellt framtagna f\u00f6r SapaFront profilsystem. Anv\u00e4nds f\u00f6r att anpassa inf\u00e4stning av elslutbleck till Sapa standardurtag. Egenskaper:\u00a0 D\u00e5 smalprofill\u00e5s anv\u00e4nds tillsammans med SapaFront<\/p>","protected":false},"featured_media":155981,"template":"","meta":{"_acf_changed":false},"product_brand":[],"product_cat":[4735],"product_tag":[],"class_list":{"0":"post-155982","1":"product","2":"type-product","3":"status-publish","4":"has-post-thumbnail","6":"product_cat-monteringsstolpe","7":"product_shipping_class-postnord-varubrev","8":"pa_brands-abloy","9":"tm-no-options","11":"first","12":"instock","13":"sale","14":"taxable","15":"shipping-taxable","16":"purchasable","17":"product-type-simple"},"acf":[],"_links":{"self":[{"href":"https:\/\/secureus.se\/fi\/wp-json\/wp\/v2\/product\/155982","targetHints":{"allow":["GET"]}}],"collection":[{"href":"https:\/\/secureus.se\/fi\/wp-json\/wp\/v2\/product"}],"about":[{"href":"https:\/\/secureus.se\/fi\/wp-json\/wp\/v2\/types\/product"}],"wp:featuredmedia":[{"embeddable":true,"href":"https:\/\/secureus.se\/fi\/wp-json\/wp\/v2\/media\/155981"}],"wp:attachment":[{"href":"https:\/\/secureus.se\/fi\/wp-json\/wp\/v2\/media?parent=155982"}],"wp:term":[{"taxonomy":"product_brand","embeddable":true,"href":"https:\/\/secureus.se\/fi\/wp-json\/wp\/v2\/product_brand?post=155982"},{"taxonomy":"product_cat","embeddable":true,"href":"https:\/\/secureus.se\/fi\/wp-json\/wp\/v2\/product_cat?post=155982"},{"taxonomy":"product_tag","embeddable":true,"href":"https:\/\/secureus.se\/fi\/wp-json\/wp\/v2\/product_tag?post=155982"}],"curies":[{"name":"wp","href":"https:\/\/api.w.org\/{rel}","templated":true}]}}