{"id":155991,"date":"2025-09-03T10:40:37","date_gmt":"2025-09-03T08:40:37","guid":{"rendered":"https:\/\/secureus.se\/monteringsstolpe-824\/"},"modified":"2025-09-25T11:21:43","modified_gmt":"2025-09-25T09:21:43","slug":"monteringsstolpe-824","status":"publish","type":"product","link":"https:\/\/secureus.se\/fi\/monteringsstolpe-824\/","title":{"rendered":"Asennustolppa 824"},"content":{"rendered":"<div>\n<div>\n<div>\n<div><\/div>\n<div>Ter\u00e4ksinen kiinnitystolppa eritt\u00e4in vahvoille s\u00e4hk\u00f6isille p\u00e4\u00e4tylevyille Solid-sarjassa. K\u00e4ytet\u00e4\u00e4n liitteen ja ominaisuuksien mukauttamiseen nykyiseen sovellukseen ja oviymp\u00e4rist\u00f6\u00f6n. <\/div>\n<div><b><br \/><\/b><\/div>\n<div><b><\/b><b>Ominaisuudet:\u00a0<\/b><\/div>\n<div>\n<ul>\n<li>Puu- tai ter\u00e4srungoille.<\/li>\n<li>Lukittu yksipuolinen pudotuslukko.<\/li>\n<li>Kielekkeen koko: 15 mm.<\/li>\n<\/ul>\n<\/div>\n<div><b><br \/><\/b><\/div>\n<div><b><\/b><b>Sopii:\u00a0<\/b><\/div>\n<div>ASSA ABLOY s\u00e4hk\u00f6inen p\u00e4\u00e4tylevy eritt\u00e4in vahva sarja: 131, 5131, 8131, 331, 8331<\/div>\n<\/div>\n<\/div>\n<\/div>\n<div>\n<\/p>\n<\/div>","protected":false},"excerpt":{"rendered":"<p>Ter\u00e4ksinen kiinnityspylv\u00e4s Solid-sarjan raskaiden s\u00e4hk\u00f6isten iskukilpien kiinnityspylv\u00e4s. K\u00e4ytet\u00e4\u00e4n kiinnityksen ja ominaisuuksien mukauttamiseen kulloiseenkin sovellukseen ja oviymp\u00e4rist\u00f6\u00f6n. Ominaisuudet: Puu- tai ter\u00e4srunkoihin. Yhteen lukittuva yksitt\u00e4inen salpa. Sauman koko: 15<\/p>","protected":false},"featured_media":155989,"template":"","meta":{"_acf_changed":false},"product_brand":[],"product_cat":[4735],"product_tag":[],"class_list":{"0":"post-155991","1":"product","2":"type-product","3":"status-publish","4":"has-post-thumbnail","6":"product_cat-monteringsstolpe","7":"product_shipping_class-postnord-varubrev","8":"pa_brands-abloy","9":"tm-no-options","11":"first","12":"instock","13":"sale","14":"taxable","15":"shipping-taxable","16":"purchasable","17":"product-type-simple"},"acf":[],"_links":{"self":[{"href":"https:\/\/secureus.se\/fi\/wp-json\/wp\/v2\/product\/155991","targetHints":{"allow":["GET"]}}],"collection":[{"href":"https:\/\/secureus.se\/fi\/wp-json\/wp\/v2\/product"}],"about":[{"href":"https:\/\/secureus.se\/fi\/wp-json\/wp\/v2\/types\/product"}],"wp:featuredmedia":[{"embeddable":true,"href":"https:\/\/secureus.se\/fi\/wp-json\/wp\/v2\/media\/155989"}],"wp:attachment":[{"href":"https:\/\/secureus.se\/fi\/wp-json\/wp\/v2\/media?parent=155991"}],"wp:term":[{"taxonomy":"product_brand","embeddable":true,"href":"https:\/\/secureus.se\/fi\/wp-json\/wp\/v2\/product_brand?post=155991"},{"taxonomy":"product_cat","embeddable":true,"href":"https:\/\/secureus.se\/fi\/wp-json\/wp\/v2\/product_cat?post=155991"},{"taxonomy":"product_tag","embeddable":true,"href":"https:\/\/secureus.se\/fi\/wp-json\/wp\/v2\/product_tag?post=155991"}],"curies":[{"name":"wp","href":"https:\/\/api.w.org\/{rel}","templated":true}]}}