{"id":155996,"date":"2025-09-03T10:49:04","date_gmt":"2025-09-03T08:49:04","guid":{"rendered":"https:\/\/secureus.se\/monteringsstolpe-843\/"},"modified":"2026-03-25T15:26:45","modified_gmt":"2026-03-25T14:26:45","slug":"monteringsstolpe-843","status":"publish","type":"product","link":"https:\/\/secureus.se\/fi\/monteringsstolpe-843\/","title":{"rendered":"Asennustolppa 843"},"content":{"rendered":"<div>\n<div>\n<div>\n<div>\n<div>\n<div><\/div>\n<div>Ruostumattomasta ter\u00e4ksest\u00e4 valmistettu kiinnitystolppa tavallisille s\u00e4hk\u00f6isille p\u00e4\u00e4tylevyille, erityisesti suunniteltu SapaFront-profiilij\u00e4rjestelm\u00e4\u00e4 varten. K\u00e4ytet\u00e4\u00e4n sovittamaan s\u00e4hk\u00f6isten p\u00e4\u00e4tylevyjen kiinnitys Sapan standardisyvennyksiin.<\/div>\n<div><b>\u00a0<\/b><\/div>\n<div><b>Ominaisuudet: <\/b><\/div>\n<div>\n<ul>\n<li>K\u00e4ytett\u00e4ess\u00e4 kapeaprofiilisia lukkoja yhdess\u00e4 SapaFront-pylv\u00e4iden kanssa, lukot on varustettava 22 mm:n pylv\u00e4\u00e4ll\u00e4.<\/li>\n<li>Sopii SapaFront rakennusj\u00e4rjestelm\u00e4\u00e4n 2074.<\/li>\n<li>Tarkoitettu alumiinirungolle.<\/li>\n<\/ul>\n<div>\n<div><b>\u00a0<\/b><\/div>\n<div><b>Sopii:<\/b><\/div>\n<div>ASSA ABLOY s\u00e4hk\u00f6iset p\u00e4\u00e4tylevyt vakiosarjassa: 70, 570, 71, 571, 75, 575, 585<\/div>\n<\/div>\n<\/div>\n<\/div>\n<\/div>\n<\/div>\n<\/div>\n<\/div>\n<div><\/div>","protected":false},"excerpt":{"rendered":"<p>Monteringsstolpe i rostfritt st\u00e5l f\u00f6r standard elslutbleck, speciellt framtagna f\u00f6r SapaFront profilsystem. Anv\u00e4nds f\u00f6r att anpassa inf\u00e4stning av elslutbleck till Sapa standardurtag. \u00a0 Egenskaper: D\u00e5 smalprofill\u00e5s anv\u00e4nds tillsammans med SapaFront<\/p>","protected":false},"featured_media":155995,"template":"","meta":{"_acf_changed":false},"product_brand":[],"product_cat":[4735],"product_tag":[],"class_list":{"0":"post-155996","1":"product","2":"type-product","3":"status-publish","4":"has-post-thumbnail","6":"product_cat-monteringsstolpe","7":"product_shipping_class-postnord-varubrev","8":"pa_brands-abloy","9":"tm-no-options","11":"first","12":"instock","13":"sale","14":"taxable","15":"shipping-taxable","16":"purchasable","17":"product-type-simple"},"acf":[],"_links":{"self":[{"href":"https:\/\/secureus.se\/fi\/wp-json\/wp\/v2\/product\/155996","targetHints":{"allow":["GET"]}}],"collection":[{"href":"https:\/\/secureus.se\/fi\/wp-json\/wp\/v2\/product"}],"about":[{"href":"https:\/\/secureus.se\/fi\/wp-json\/wp\/v2\/types\/product"}],"wp:featuredmedia":[{"embeddable":true,"href":"https:\/\/secureus.se\/fi\/wp-json\/wp\/v2\/media\/155995"}],"wp:attachment":[{"href":"https:\/\/secureus.se\/fi\/wp-json\/wp\/v2\/media?parent=155996"}],"wp:term":[{"taxonomy":"product_brand","embeddable":true,"href":"https:\/\/secureus.se\/fi\/wp-json\/wp\/v2\/product_brand?post=155996"},{"taxonomy":"product_cat","embeddable":true,"href":"https:\/\/secureus.se\/fi\/wp-json\/wp\/v2\/product_cat?post=155996"},{"taxonomy":"product_tag","embeddable":true,"href":"https:\/\/secureus.se\/fi\/wp-json\/wp\/v2\/product_tag?post=155996"}],"curies":[{"name":"wp","href":"https:\/\/api.w.org\/{rel}","templated":true}]}}