{"id":156268,"date":"2022-06-28T12:46:48","date_gmt":"2022-06-28T10:46:48","guid":{"rendered":"https:\/\/secureus.se\/mag-kontaktset-mc-270-s45\/"},"modified":"2026-04-09T10:21:46","modified_gmt":"2026-04-09T08:21:46","slug":"mag-kontaktset-mc-270-s45","status":"publish","type":"product","link":"https:\/\/secureus.se\/fi\/mag-kontaktset-mc-270-s45\/","title":{"rendered":"Magneettinen kosketin ter\u00e4soviin tai vaativiin olosuhteisiin alumiinissa"},"content":{"rendered":"<p>Korkean turvallisuuden kosketinsarja, jossa on metallia ja massiivialumiinia kest\u00e4m\u00e4\u00e4n vaativia ymp\u00e4rist\u00f6j\u00e4 ja ymp\u00e4rist\u00f6rasitusta, kuten kosteutta ja kaasuja, sek\u00e4 voimakasta painetta pitk\u00e4\u00e4n ilman korroosiota.<\/p>\n<p>Sopii esimerkiksi portteihin ja oviin. Molemmat osat ovat suorakaiteen muotoisia, mitoiltaan 74x25x15 mm.<\/p>\n<p>Sarja sis\u00e4lt\u00e4\u00e4 MC 270-C:n, MC 200-4 Al -kotelon ja magneettiosan MC 200-5 sek\u00e4 MC T4:n ja 1 metrin vahvistetun letkun.<\/p>\n<p>&nbsp;<\/p>","protected":false},"excerpt":{"rendered":"<p>Mag.Connector setti MC270-S45<\/p>","protected":false},"featured_media":143015,"template":"","meta":{"_acf_changed":false},"product_brand":[],"product_cat":[3086],"product_tag":[2466],"class_list":{"0":"post-156268","1":"product","2":"type-product","3":"status-publish","4":"has-post-thumbnail","6":"product_cat-magnetkontakter","7":"product_tag-sbsc-larmklass3","8":"product_shipping_class-postnord-varubrev","9":"pa_brands-alarmtech","10":"pa_farg-ovrigt","11":"tm-no-options","13":"first","14":"instock","15":"sale","16":"taxable","17":"shipping-taxable","18":"purchasable","19":"product-type-simple"},"acf":[],"_links":{"self":[{"href":"https:\/\/secureus.se\/fi\/wp-json\/wp\/v2\/product\/156268","targetHints":{"allow":["GET"]}}],"collection":[{"href":"https:\/\/secureus.se\/fi\/wp-json\/wp\/v2\/product"}],"about":[{"href":"https:\/\/secureus.se\/fi\/wp-json\/wp\/v2\/types\/product"}],"wp:featuredmedia":[{"embeddable":true,"href":"https:\/\/secureus.se\/fi\/wp-json\/wp\/v2\/media\/143015"}],"wp:attachment":[{"href":"https:\/\/secureus.se\/fi\/wp-json\/wp\/v2\/media?parent=156268"}],"wp:term":[{"taxonomy":"product_brand","embeddable":true,"href":"https:\/\/secureus.se\/fi\/wp-json\/wp\/v2\/product_brand?post=156268"},{"taxonomy":"product_cat","embeddable":true,"href":"https:\/\/secureus.se\/fi\/wp-json\/wp\/v2\/product_cat?post=156268"},{"taxonomy":"product_tag","embeddable":true,"href":"https:\/\/secureus.se\/fi\/wp-json\/wp\/v2\/product_tag?post=156268"}],"curies":[{"name":"wp","href":"https:\/\/api.w.org\/{rel}","templated":true}]}}