{"id":156341,"date":"2025-09-11T15:41:30","date_gmt":"2025-09-11T13:41:30","guid":{"rendered":"https:\/\/secureus.se\/evolis-n5h204e100-easy4pro-ymcko-half-panel-colour-ribbon-400-prints\/"},"modified":"2026-04-23T12:35:54","modified_gmt":"2026-04-23T10:35:54","slug":"evolis-n5h204e100-easy4pro-ymcko-half-panel-colour-ribbon-400-prints","status":"publish","type":"product","link":"https:\/\/secureus.se\/fi\/evolis-n5h204e100-easy4pro-ymcko-half-panel-colour-ribbon-400-prints\/","title":{"rendered":"Evolis Easy4Pro YMCKO -v\u00e4rinauha \u2013 N5H204E100, puolikas paneeli (400 tulostetta)"},"content":{"rendered":"<h1>Nauha<br \/>\n  Evolis Easy4Pro YMCKO \u2013 N5H204E100, puolikas paneeli (400 tulostetta)<\/h1>\n<p>Evolis Easy4Pro YMCKO -nauha \u2013 N5H204E100, puolikaspaneeli (400<br \/>\n  tulosteet) on v\u00e4rinauha muovikorttien tulostamiseen ter\u00e4vill\u00e4 v\u00e4reill\u00e4, kirkkailla<br \/>\n  tekstin ja hyv\u00e4n yksityiskohtien toiston. YMCKO-v\u00e4rinauha tarjoaa oikean yhdistelm\u00e4n<br \/>\n  v\u00e4ripaneelit ja suojap\u00e4\u00e4llyste ammattilaisille<br \/>\n  korttien painatus.<\/p>\n<p>Sopii henkil\u00f6korteille, kulkukorteille, j\u00e4senkorteille ja muille<br \/>\n  muovikortteja, joissa vaaditaan korkeaa tulostuslaatua ja luotettavuutta<br \/>\n  t\u00e4rke\u00e4.<\/p>\n<ul>\n<li>Kapasiteetti: jopa 400 tulostetta<\/li>\n<li>Nauhan tyyppi: YMCKO<\/li>\n<li>Tuotenumero: N5H204E100<\/li>\n<\/ul>\n<p><strong>Yhteensopiva Evolis Primacy 2- ja Zenius 2 -korttien kanssa<br \/>\n  vain tulostimia.<\/strong><\/p>\n<p><strong>Tuotteen paino:<\/strong> 0,20 kg<\/p>","protected":false},"excerpt":{"rendered":"<p>F\u00e4rgband Evolis Easy4Pro YMCKO &#8211; N5H204E100, halvpanel (400 utskrifter) F\u00e4rgband Evolis Easy4Pro YMCKO &#8211; N5H204E100, halvpanel (400 utskrifter) \u00e4r ett f\u00e4rgband f\u00f6r utskrift av plastkort med skarpa f\u00e4rger, tydlig text<\/p>","protected":false},"featured_media":156340,"template":"","meta":{"_acf_changed":false},"product_brand":[],"product_cat":[4856,4859],"product_tag":[4863],"class_list":{"0":"post-156341","1":"product","2":"type-product","3":"status-publish","4":"has-post-thumbnail","6":"product_cat-easy4-pro","7":"product_cat-primacy-2","8":"product_tag-pf","9":"pa_brands-evolis","10":"tm-no-options","12":"first","13":"outofstock","14":"sale","15":"taxable","16":"shipping-taxable","17":"purchasable","18":"product-type-simple"},"acf":[],"_links":{"self":[{"href":"https:\/\/secureus.se\/fi\/wp-json\/wp\/v2\/product\/156341","targetHints":{"allow":["GET"]}}],"collection":[{"href":"https:\/\/secureus.se\/fi\/wp-json\/wp\/v2\/product"}],"about":[{"href":"https:\/\/secureus.se\/fi\/wp-json\/wp\/v2\/types\/product"}],"wp:featuredmedia":[{"embeddable":true,"href":"https:\/\/secureus.se\/fi\/wp-json\/wp\/v2\/media\/156340"}],"wp:attachment":[{"href":"https:\/\/secureus.se\/fi\/wp-json\/wp\/v2\/media?parent=156341"}],"wp:term":[{"taxonomy":"product_brand","embeddable":true,"href":"https:\/\/secureus.se\/fi\/wp-json\/wp\/v2\/product_brand?post=156341"},{"taxonomy":"product_cat","embeddable":true,"href":"https:\/\/secureus.se\/fi\/wp-json\/wp\/v2\/product_cat?post=156341"},{"taxonomy":"product_tag","embeddable":true,"href":"https:\/\/secureus.se\/fi\/wp-json\/wp\/v2\/product_tag?post=156341"}],"curies":[{"name":"wp","href":"https:\/\/api.w.org\/{rel}","templated":true}]}}