{"id":156343,"date":"2025-09-11T15:41:26","date_gmt":"2025-09-11T13:41:26","guid":{"rendered":"https:\/\/secureus.se\/evolis-rct218naaa-scratch-off-monochrome-ribbon-1000-prints\/"},"modified":"2026-04-08T16:59:48","modified_gmt":"2026-04-08T14:59:48","slug":"evolis-rct218naaa-scratch-off-monochrome-ribbon-1000-prints","status":"publish","type":"product","link":"https:\/\/secureus.se\/fi\/evolis-rct218naaa-scratch-off-monochrome-ribbon-1000-prints\/","title":{"rendered":"F\u00e4rgband Evolis &#8211;\n  RCT218NAAA (1000 utskrifter)"},"content":{"rendered":"<h1>F\u00e4rgband<br \/>\n  Evolis &#8211; RCT218NAAA (1000 utskrifter)<\/h1>\n<p>F\u00e4rgband Evolis &#8211; RCT218NAAA (1000 utskrifter) \u00e4r ett<br \/>\n  scratch-off-band som anv\u00e4nds f\u00f6r att d\u00f6lja koder, presentkortsinformation och<br \/>\n  annan konfidentiell information p\u00e5 plastkort. Ytan kan enkelt skrapas bort av<br \/>\n  slutanv\u00e4ndaren vid behov.<\/p>\n<p>Passar s\u00e4rskilt bra f\u00f6r presentkort, kuponger och kort d\u00e4r viss<br \/>\n  information ska vara dold tills den anv\u00e4nds.<\/p>\n<ul>\n<li>Kapacitet: upp till 1 000 utskrifter<\/li>\n<li>Artikelnummer: RCT218NAAA<\/li>\n<\/ul>\n<p><strong>Kompatibel med Evolis Primacy 2 card printer<br \/>\n  endast.<\/strong><\/p>\n<p><strong>Tuotteen paino:<\/strong> 0,20 kg<\/p>","protected":false},"excerpt":{"rendered":"<p>F\u00e4rgband Evolis &#8211; RCT218NAAA (1000 utskrifter) F\u00e4rgband Evolis &#8211; RCT218NAAA (1000 utskrifter) \u00e4r ett scratch-off-band som anv\u00e4nds f\u00f6r att d\u00f6lja koder, presentkortsinformation och annan konfidentiell information p\u00e5 plastkort. Ytan kan<\/p>","protected":false},"featured_media":156342,"template":"","meta":{"_acf_changed":false},"product_brand":[],"product_cat":[4859],"product_tag":[4863],"class_list":{"0":"post-156343","1":"product","2":"type-product","3":"status-publish","4":"has-post-thumbnail","6":"product_cat-primacy-2","7":"product_tag-pf","8":"pa_brands-evolis","9":"tm-no-options","11":"first","12":"instock","13":"sale","14":"taxable","15":"shipping-taxable","16":"purchasable","17":"product-type-simple"},"acf":[],"_links":{"self":[{"href":"https:\/\/secureus.se\/fi\/wp-json\/wp\/v2\/product\/156343","targetHints":{"allow":["GET"]}}],"collection":[{"href":"https:\/\/secureus.se\/fi\/wp-json\/wp\/v2\/product"}],"about":[{"href":"https:\/\/secureus.se\/fi\/wp-json\/wp\/v2\/types\/product"}],"wp:featuredmedia":[{"embeddable":true,"href":"https:\/\/secureus.se\/fi\/wp-json\/wp\/v2\/media\/156342"}],"wp:attachment":[{"href":"https:\/\/secureus.se\/fi\/wp-json\/wp\/v2\/media?parent=156343"}],"wp:term":[{"taxonomy":"product_brand","embeddable":true,"href":"https:\/\/secureus.se\/fi\/wp-json\/wp\/v2\/product_brand?post=156343"},{"taxonomy":"product_cat","embeddable":true,"href":"https:\/\/secureus.se\/fi\/wp-json\/wp\/v2\/product_cat?post=156343"},{"taxonomy":"product_tag","embeddable":true,"href":"https:\/\/secureus.se\/fi\/wp-json\/wp\/v2\/product_tag?post=156343"}],"curies":[{"name":"wp","href":"https:\/\/api.w.org\/{rel}","templated":true}]}}