{"id":156345,"date":"2025-09-11T15:41:35","date_gmt":"2025-09-11T13:41:35","guid":{"rendered":"https:\/\/secureus.se\/evolis-lva038naa-clear-continuous-varnish-ribbon-1200-prints\/"},"modified":"2026-04-23T12:39:34","modified_gmt":"2026-04-23T10:39:34","slug":"evolis-lva038naa-clear-continuous-varnish-ribbon-1200-prints","status":"publish","type":"product","link":"https:\/\/secureus.se\/fi\/evolis-lva038naa-clear-continuous-varnish-ribbon-1200-prints\/","title":{"rendered":"Lakkanauha Evolis \u2013 LVA038NAA, jatkuva kirkas lakka (1200 tulostetta)"},"content":{"rendered":"<h1>Maalausteippi<br \/>\n  Evolis &#8211; LVA038NAA, kontinuerlig klar lack (1200 utskrifter)<\/h1>\n<p>Lackband Evolis &#8211; LVA038NAA, kontinuerlig klar lack (1200<br \/>\n  tulosteet) on KO-teippi, jossa on musta paneeli ja suojakalvo. Se on hyv\u00e4<br \/>\n  valinta, kun tarvitset selke\u00e4\u00e4 teksti\u00e4, viivakoodeja ja lis\u00e4suojaa kortille<br \/>\n  pinta.<\/p>\n<p>Sopii henkil\u00f6korteille, kulkukorteille, j\u00e4senkorteille ja muille<br \/>\n  muovikortteja, joissa vaaditaan korkeaa tulostuslaatua ja luotettavuutta<br \/>\n  t\u00e4rke\u00e4.<\/p>\n<ul>\n<li>Kapasiteetti: jopa 1 200 tulostetta<\/li>\n<li>B\u00e4ndityyppi: KO<\/li>\n<li>Tuotenumero: LVA038NAA<\/li>\n<\/ul>\n<p><strong>Yhteensopiva Evolis LVA038NAA jatkuvatoimisen l\u00e4mmittimen kanssa<br \/>\n  lakkanauha on yhteensopiva PVC- tai komposiittikorttien kanssa ja tulostaa<br \/>\n  suojalakka painettujen korttien p\u00e4\u00e4ll\u00e4. T\u00e4m\u00e4 lakka suojaa kortteja<br \/>\n  roiskeet, kuluminen ja ulkoiset \u00f6ljyvauriot korttien k\u00e4ytt\u00f6i\u00e4n pident\u00e4miseksi ja<br \/>\n  v\u00e4hent\u00e4\u00e4 uudelleentulostuksen tarvetta.<\/strong><\/p>\n<p><strong>Tuotteen paino:<\/strong> 0,20 kg<\/p>","protected":false},"excerpt":{"rendered":"<p>Lackband Evolis &#8211; LVA038NAA, kontinuerlig klar lack (1200 utskrifter) Lackband Evolis &#8211; LVA038NAA, kontinuerlig klar lack (1200 utskrifter) \u00e4r ett KO-band med svart panel och skyddande overlay. Det \u00e4r ett<\/p>","protected":false},"featured_media":156344,"template":"","meta":{"_acf_changed":false},"product_brand":[],"product_cat":[4855,4858,4859],"product_tag":[4863],"class_list":{"0":"post-156345","1":"product","2":"type-product","3":"status-publish","4":"has-post-thumbnail","6":"product_cat-avansia","7":"product_cat-primacy","8":"product_cat-primacy-2","9":"product_tag-pf","10":"pa_brands-evolis","11":"tm-no-options","13":"first","14":"outofstock","15":"sale","16":"taxable","17":"shipping-taxable","18":"purchasable","19":"product-type-simple"},"acf":[],"_links":{"self":[{"href":"https:\/\/secureus.se\/fi\/wp-json\/wp\/v2\/product\/156345","targetHints":{"allow":["GET"]}}],"collection":[{"href":"https:\/\/secureus.se\/fi\/wp-json\/wp\/v2\/product"}],"about":[{"href":"https:\/\/secureus.se\/fi\/wp-json\/wp\/v2\/types\/product"}],"wp:featuredmedia":[{"embeddable":true,"href":"https:\/\/secureus.se\/fi\/wp-json\/wp\/v2\/media\/156344"}],"wp:attachment":[{"href":"https:\/\/secureus.se\/fi\/wp-json\/wp\/v2\/media?parent=156345"}],"wp:term":[{"taxonomy":"product_brand","embeddable":true,"href":"https:\/\/secureus.se\/fi\/wp-json\/wp\/v2\/product_brand?post=156345"},{"taxonomy":"product_cat","embeddable":true,"href":"https:\/\/secureus.se\/fi\/wp-json\/wp\/v2\/product_cat?post=156345"},{"taxonomy":"product_tag","embeddable":true,"href":"https:\/\/secureus.se\/fi\/wp-json\/wp\/v2\/product_tag?post=156345"}],"curies":[{"name":"wp","href":"https:\/\/api.w.org\/{rel}","templated":true}]}}