{"id":156357,"date":"2025-09-11T15:41:36","date_gmt":"2025-09-11T13:41:36","guid":{"rendered":"https:\/\/secureus.se\/evolis-lvr037naa-hologram-varnish-ribbon-1200-prints\/"},"modified":"2026-04-23T12:29:10","modified_gmt":"2026-04-23T10:29:10","slug":"evolis-lvr037naa-hologram-varnish-ribbon-1200-prints","status":"publish","type":"product","link":"https:\/\/secureus.se\/fi\/evolis-lvr037naa-hologram-varnish-ribbon-1200-prints\/","title":{"rendered":"Evolis-maalausnauha \u2013 LVR037NAA (1200 tulostetta)"},"content":{"rendered":"<h1>Maalausteippi<br \/>\n  Evolis &#8211; LVR037NAA (1200 utskrifter)<\/h1>\n<p>Lackband Evolis &#8211; LVR037NAA (1200 utskrifter) \u00e4r en overlayfilm<br \/>\n  joka suojaa kortin pintaa naarmuilta, kosteudelta ja p\u00e4ivitt\u00e4iselt\u00e4 kulumiselta.<\/p>\n<p>Hyv\u00e4 valinta, kun haluat pident\u00e4\u00e4 korttiesi k\u00e4ytt\u00f6ik\u00e4\u00e4, parantaa<br \/>\n  kest\u00e4vyytt\u00e4 ja ammattimaisemman lopputuloksen.<\/p>\n<ul>\n<li>Kapasiteetti: jopa 1 200 tulostetta rullaa kohden<\/li>\n<li>Tarjoaa lis\u00e4\u00e4 visuaalista turvallisuutta holografisella efektill\u00e4<\/li>\n<li>Globe-hologrammi paremman suojan takaamiseksi v\u00e4\u00e4rent\u00e4mist\u00e4 vastaan<\/li>\n<li>Tuotenumero: LVR037NAA<\/li>\n<\/ul>\n<p><strong>Yhteensopiva Evolis Primacyn, Primacy 2:n ja<br \/>\n  Ennakko.<\/strong><\/p>\n<p><strong>Tuotteen paino:<\/strong> 0,20 kg<\/p>","protected":false},"excerpt":{"rendered":"<p>Lackband Evolis &#8211; LVR037NAA (1200 utskrifter) Lackband Evolis &#8211; LVR037NAA (1200 utskrifter) \u00e4r en overlayfilm som skyddar kortets yta mot repor, fukt och dagligt slitage. Ett bra val n\u00e4r du<\/p>","protected":false},"featured_media":156356,"template":"","meta":{"_acf_changed":false},"product_brand":[],"product_cat":[4855,4858,4859],"product_tag":[4863],"class_list":{"0":"post-156357","1":"product","2":"type-product","3":"status-publish","4":"has-post-thumbnail","6":"product_cat-avansia","7":"product_cat-primacy","8":"product_cat-primacy-2","9":"product_tag-pf","10":"pa_brands-evolis","11":"tm-no-options","13":"first","14":"outofstock","15":"sale","16":"taxable","17":"shipping-taxable","18":"purchasable","19":"product-type-simple"},"acf":[],"_links":{"self":[{"href":"https:\/\/secureus.se\/fi\/wp-json\/wp\/v2\/product\/156357","targetHints":{"allow":["GET"]}}],"collection":[{"href":"https:\/\/secureus.se\/fi\/wp-json\/wp\/v2\/product"}],"about":[{"href":"https:\/\/secureus.se\/fi\/wp-json\/wp\/v2\/types\/product"}],"wp:featuredmedia":[{"embeddable":true,"href":"https:\/\/secureus.se\/fi\/wp-json\/wp\/v2\/media\/156356"}],"wp:attachment":[{"href":"https:\/\/secureus.se\/fi\/wp-json\/wp\/v2\/media?parent=156357"}],"wp:term":[{"taxonomy":"product_brand","embeddable":true,"href":"https:\/\/secureus.se\/fi\/wp-json\/wp\/v2\/product_brand?post=156357"},{"taxonomy":"product_cat","embeddable":true,"href":"https:\/\/secureus.se\/fi\/wp-json\/wp\/v2\/product_cat?post=156357"},{"taxonomy":"product_tag","embeddable":true,"href":"https:\/\/secureus.se\/fi\/wp-json\/wp\/v2\/product_tag?post=156357"}],"curies":[{"name":"wp","href":"https:\/\/api.w.org\/{rel}","templated":true}]}}