{"id":156367,"date":"2025-09-11T15:41:31","date_gmt":"2025-09-11T13:41:31","guid":{"rendered":"https:\/\/secureus.se\/evolis-r3012-ko-black-ribbon-with-overlay-500-prints\/"},"modified":"2026-04-23T12:29:43","modified_gmt":"2026-04-23T10:29:43","slug":"evolis-r3012-ko-black-ribbon-with-overlay-500-prints","status":"publish","type":"product","link":"https:\/\/secureus.se\/fi\/evolis-r3012-ko-black-ribbon-with-overlay-500-prints\/","title":{"rendered":"Evolis KO \u2013 R3012 v\u00e4rinauha, p\u00e4\u00e4llystettyn\u00e4 (500 tulostetta)"},"content":{"rendered":"<h1>Nauha<br \/>\n  Evolis KO \u2013 R3012, p\u00e4\u00e4llekk\u00e4ismateriaalilla (500 tulostetta)<\/h1>\n<p>Evolis KO \u2013 R3012 -v\u00e4rinauha, jossa on p\u00e4\u00e4llekk\u00e4isp\u00e4\u00e4llys (500 tulostetta) on<br \/>\n  KO-teippi mustalla paneelilla ja suojap\u00e4\u00e4llysteell\u00e4. Se on hyv\u00e4 valinta, kun<br \/>\n  tarvitsee selke\u00e4n tekstin, viivakoodit ja lis\u00e4suojaa kortin pinnalle.<\/p>\n<p>Sopii henkil\u00f6korteille, kulkukorteille, j\u00e4senkorteille ja muille<br \/>\n  muovikortteja, joissa vaaditaan korkeaa tulostuslaatua ja luotettavuutta<br \/>\n  t\u00e4rke\u00e4.<\/p>\n<ul>\n<li>Kapasiteetti: jopa 500 tulostetta<\/li>\n<li>B\u00e4ndityyppi: KO<\/li>\n<li>Tuotenumero: R3012<\/li>\n<\/ul>\n<p><strong>Yhteensopiva Evolis Pebblen, Dualysin, Quantumin ja Kioskin kanssa<br \/>\n  ja Securion.<\/strong><\/p>\n<p><strong>Tuotteen paino:<\/strong> 0,10 kg<\/p>","protected":false},"excerpt":{"rendered":"<p>F\u00e4rgband Evolis KO &#8211; R3012, med overlay (500 utskrifter) F\u00e4rgband Evolis KO &#8211; R3012, med overlay (500 utskrifter) \u00e4r ett KO-band med svart panel och skyddande overlay. Det \u00e4r ett<\/p>","protected":false},"featured_media":156366,"template":"","meta":{"_acf_changed":false},"product_brand":[],"product_cat":[4857,4860],"product_tag":[4863],"class_list":{"0":"post-156367","1":"product","2":"type-product","3":"status-publish","4":"has-post-thumbnail","6":"product_cat-pebble","7":"product_cat-quantum","8":"product_tag-pf","9":"pa_brands-evolis","10":"tm-no-options","12":"first","13":"outofstock","14":"sale","15":"taxable","16":"shipping-taxable","17":"purchasable","18":"product-type-simple"},"acf":[],"_links":{"self":[{"href":"https:\/\/secureus.se\/fi\/wp-json\/wp\/v2\/product\/156367","targetHints":{"allow":["GET"]}}],"collection":[{"href":"https:\/\/secureus.se\/fi\/wp-json\/wp\/v2\/product"}],"about":[{"href":"https:\/\/secureus.se\/fi\/wp-json\/wp\/v2\/types\/product"}],"wp:featuredmedia":[{"embeddable":true,"href":"https:\/\/secureus.se\/fi\/wp-json\/wp\/v2\/media\/156366"}],"wp:attachment":[{"href":"https:\/\/secureus.se\/fi\/wp-json\/wp\/v2\/media?parent=156367"}],"wp:term":[{"taxonomy":"product_brand","embeddable":true,"href":"https:\/\/secureus.se\/fi\/wp-json\/wp\/v2\/product_brand?post=156367"},{"taxonomy":"product_cat","embeddable":true,"href":"https:\/\/secureus.se\/fi\/wp-json\/wp\/v2\/product_cat?post=156367"},{"taxonomy":"product_tag","embeddable":true,"href":"https:\/\/secureus.se\/fi\/wp-json\/wp\/v2\/product_tag?post=156367"}],"curies":[{"name":"wp","href":"https:\/\/api.w.org\/{rel}","templated":true}]}}