{"id":156368,"date":"2025-09-11T15:41:36","date_gmt":"2025-09-11T13:41:36","guid":{"rendered":"https:\/\/secureus.se\/evolis-lps032naa-0-5mil-clear-patch-laminate-600-prints\/"},"modified":"2026-04-08T16:51:50","modified_gmt":"2026-04-08T14:51:50","slug":"evolis-lps032naa-0-5mil-clear-patch-laminate-600-prints","status":"publish","type":"product","link":"https:\/\/secureus.se\/fi\/evolis-lps032naa-0-5mil-clear-patch-laminate-600-prints\/","title":{"rendered":"Evolis-laminointikalvo \u2013 LPS032NAA, kirkas paikka (600 tulostetta)"},"content":{"rendered":"<h1>Laminointikalvo<br \/>\n  Evolis &#8211; LPS032NAA, klar patch (600 utskrifter)<\/h1>\n<p>Lamineringsfilm Evolis &#8211; LPS032NAA, klar patch (600 utskrifter) \u00e4r<br \/>\n  en lamineringsfilm som ger ett extra skyddslager till plastkort och hj\u00e4lper<br \/>\n  till att minska repor, blekning och vanligt slitage.<\/p>\n<p>Hyv\u00e4 valinta, kun haluat pident\u00e4\u00e4 korttiesi k\u00e4ytt\u00f6ik\u00e4\u00e4, parantaa<br \/>\n  kest\u00e4vyytt\u00e4 ja ammattimaisemman lopputuloksen.<\/p>\n<ul>\n<li>Kapasiteetti: jopa 600 tulostetta rullaa kohden<\/li>\n<li>Sopii kaksipuoliseen korttitulostukseen<\/li>\n<li>L\u00e4pin\u00e4kyv\u00e4 laastarilaminaatti<\/li>\n<li>0,5 mil tjocklek<\/li>\n<\/ul>\n<p><strong>Kompatibel med Evolis Primacy och Primacy 2<br \/>\n  laminating printers.<\/strong><\/p>\n<p><strong>Tuotteen paino:<\/strong> 0,15 kg<\/p>","protected":false},"excerpt":{"rendered":"<p>Lamineringsfilm Evolis &#8211; LPS032NAA, klar patch (600 utskrifter) Lamineringsfilm Evolis &#8211; LPS032NAA, klar patch (600 utskrifter) \u00e4r en lamineringsfilm som ger ett extra skyddslager till plastkort och hj\u00e4lper till att<\/p>","protected":false},"featured_media":156365,"template":"","meta":{"_acf_changed":false},"product_brand":[],"product_cat":[4858,4859],"product_tag":[4863],"class_list":{"0":"post-156368","1":"product","2":"type-product","3":"status-publish","4":"has-post-thumbnail","6":"product_cat-primacy","7":"product_cat-primacy-2","8":"product_tag-pf","9":"pa_brands-evolis","10":"tm-no-options","12":"first","13":"instock","14":"sale","15":"taxable","16":"shipping-taxable","17":"purchasable","18":"product-type-simple"},"acf":[],"_links":{"self":[{"href":"https:\/\/secureus.se\/fi\/wp-json\/wp\/v2\/product\/156368","targetHints":{"allow":["GET"]}}],"collection":[{"href":"https:\/\/secureus.se\/fi\/wp-json\/wp\/v2\/product"}],"about":[{"href":"https:\/\/secureus.se\/fi\/wp-json\/wp\/v2\/types\/product"}],"wp:featuredmedia":[{"embeddable":true,"href":"https:\/\/secureus.se\/fi\/wp-json\/wp\/v2\/media\/156365"}],"wp:attachment":[{"href":"https:\/\/secureus.se\/fi\/wp-json\/wp\/v2\/media?parent=156368"}],"wp:term":[{"taxonomy":"product_brand","embeddable":true,"href":"https:\/\/secureus.se\/fi\/wp-json\/wp\/v2\/product_brand?post=156368"},{"taxonomy":"product_cat","embeddable":true,"href":"https:\/\/secureus.se\/fi\/wp-json\/wp\/v2\/product_cat?post=156368"},{"taxonomy":"product_tag","embeddable":true,"href":"https:\/\/secureus.se\/fi\/wp-json\/wp\/v2\/product_tag?post=156368"}],"curies":[{"name":"wp","href":"https:\/\/api.w.org\/{rel}","templated":true}]}}