{"id":156373,"date":"2025-09-11T15:41:36","date_gmt":"2025-09-11T13:41:36","guid":{"rendered":"https:\/\/secureus.se\/evolis-lps028naa-1-0mil-clear-patch-laminate-600-prints\/"},"modified":"2026-03-26T10:02:50","modified_gmt":"2026-03-26T09:02:50","slug":"evolis-lps028naa-1-0mil-clear-patch-laminate-600-prints","status":"publish","type":"product","link":"https:\/\/secureus.se\/fi\/evolis-lps028naa-1-0mil-clear-patch-laminate-600-prints\/","title":{"rendered":"Evolis LPS028NAA 1.0mil kirkas paikkalaminaatti (600 tulostetta)"},"content":{"rendered":"<p>Evolisin LPS028NAA kirkas laminaatti lis\u00e4\u00e4 suojakerroksen asiakkaidesi esipainettuihin henkil\u00f6kortteihin. 1,0 mm:n p\u00e4\u00e4llyslaminaatti parantaa kortin kest\u00e4vyytt\u00e4 naarmuuntumista, haalistumista ja jokap\u00e4iv\u00e4ist\u00e4 hankausta vastaan, varmistaen, ett\u00e4 asiakkaidesi kortit kest\u00e4v\u00e4t pidemp\u00e4\u00e4n ja ovat vastustuskykyisempi\u00e4 peukalointia vastaan.<\/p>\n<ul>\n<li>600 tulosta per rulla<\/li>\n<li>1,0 milin kirkas paikkalaminaatti<\/li>\n<li>Valmistajan osanumero: LPS028NAA<\/li>\n<\/ul>\n<p><strong>Ennen tilauksen tekemist\u00e4 tarkista, ett\u00e4 t\u00e4m\u00e4 on oikea v\u00e4rinauha tulostimeesi. T\u00e4m\u00e4 v\u00e4rinauha on yhteensopiva Evolis Primacy- ja Primacy 2 -laminointitulostimien kanssa.<\/strong><\/p>\n<p>\n <strong><br \/>\n Tuotteen paino:<br \/>\n 0,15 kg<br \/>\n <\/strong>\n <\/p>","protected":false},"excerpt":{"rendered":"<p>The Evolis LPS028NAA clear patch laminate adds a layer of protection to your customers pre-printed ID cards. The 1.0 mil overlaminate increases card durability against scratching, fading and everyday abrasions,<\/p>","protected":false},"featured_media":156372,"template":"","meta":{"_acf_changed":false},"product_brand":[],"product_cat":[4858,4859],"product_tag":[4863],"class_list":{"0":"post-156373","1":"product","2":"type-product","3":"status-publish","4":"has-post-thumbnail","6":"product_cat-primacy","7":"product_cat-primacy-2","8":"product_tag-pf","9":"pa_brands-evolis","10":"tm-no-options","12":"first","13":"instock","14":"sale","15":"taxable","16":"shipping-taxable","17":"purchasable","18":"product-type-simple"},"acf":[],"_links":{"self":[{"href":"https:\/\/secureus.se\/fi\/wp-json\/wp\/v2\/product\/156373","targetHints":{"allow":["GET"]}}],"collection":[{"href":"https:\/\/secureus.se\/fi\/wp-json\/wp\/v2\/product"}],"about":[{"href":"https:\/\/secureus.se\/fi\/wp-json\/wp\/v2\/types\/product"}],"wp:featuredmedia":[{"embeddable":true,"href":"https:\/\/secureus.se\/fi\/wp-json\/wp\/v2\/media\/156372"}],"wp:attachment":[{"href":"https:\/\/secureus.se\/fi\/wp-json\/wp\/v2\/media?parent=156373"}],"wp:term":[{"taxonomy":"product_brand","embeddable":true,"href":"https:\/\/secureus.se\/fi\/wp-json\/wp\/v2\/product_brand?post=156373"},{"taxonomy":"product_cat","embeddable":true,"href":"https:\/\/secureus.se\/fi\/wp-json\/wp\/v2\/product_cat?post=156373"},{"taxonomy":"product_tag","embeddable":true,"href":"https:\/\/secureus.se\/fi\/wp-json\/wp\/v2\/product_tag?post=156373"}],"curies":[{"name":"wp","href":"https:\/\/api.w.org\/{rel}","templated":true}]}}