{"id":156374,"date":"2025-09-11T15:41:32","date_gmt":"2025-09-11T13:41:32","guid":{"rendered":"https:\/\/secureus.se\/evolis-rt5f014naa-ymcfk-retransfer-colour-ribbon-with-uv-panel-400-prints\/"},"modified":"2026-04-23T12:32:12","modified_gmt":"2026-04-23T10:32:12","slug":"evolis-rt5f014naa-ymcfk-retransfer-colour-ribbon-with-uv-panel-400-prints","status":"publish","type":"product","link":"https:\/\/secureus.se\/fi\/evolis-rt5f014naa-ymcfk-retransfer-colour-ribbon-with-uv-panel-400-prints\/","title":{"rendered":"Evolis YMCFK -v\u00e4rinauha \u2013 RT5F014NAA, UV-paneelilla (400 tulostetta)"},"content":{"rendered":"<h1>Nauha<br \/>\n  Evolis YMCFK &#8211; RT5F014NAA, med UV-panel (400 utskrifter)<\/h1>\n<p>Evolis YMCFK -v\u00e4rinauha \u2013 RT5F014NAA, UV-paneelilla (400 tulostetta)<br \/>\n  on mustenauha muovikorttien tulostamiseen ter\u00e4vill\u00e4 v\u00e4reill\u00e4, selke\u00e4ll\u00e4 tekstill\u00e4 ja<br \/>\n  hyv\u00e4 yksityiskohtien toisto. YMCFK-v\u00e4rinauha tarjoaa oikean v\u00e4ripaneelien yhdistelm\u00e4n<br \/>\n  ammattimaiseen korttien painatukseen.<\/p>\n<p>Sopii henkil\u00f6korteille, kulkukorteille, j\u00e4senkorteille ja muille<br \/>\n  muovikortteja, joissa vaaditaan korkeaa tulostuslaatua ja luotettavuutta<br \/>\n  t\u00e4rke\u00e4.<\/p>\n<ul>\n<li>Kapasiteetti: jopa 400 tulostetta<\/li>\n<li>Nauhatyyppi: YMCFK<\/li>\n<li>UV-suojattu<\/li>\n<li>Tuotenumero: RT5F014NAA<\/li>\n<\/ul>\n<p><strong>Yhteensopiva Evolisin kanssa<br \/>\n  Ennakko.<\/strong><\/p>\n<p><strong>Tuotteen paino:<\/strong> 0,40 kg<\/p>","protected":false},"excerpt":{"rendered":"<p>F\u00e4rgband Evolis YMCFK &#8211; RT5F014NAA, med UV-panel (400 utskrifter) F\u00e4rgband Evolis YMCFK &#8211; RT5F014NAA, med UV-panel (400 utskrifter) \u00e4r ett f\u00e4rgband f\u00f6r utskrift av plastkort med skarpa f\u00e4rger, tydlig text<\/p>","protected":false},"featured_media":156371,"template":"","meta":{"_acf_changed":false},"product_brand":[],"product_cat":[4855],"product_tag":[4863],"class_list":{"0":"post-156374","1":"product","2":"type-product","3":"status-publish","4":"has-post-thumbnail","6":"product_cat-avansia","7":"product_tag-pf","8":"pa_brands-evolis","9":"tm-no-options","11":"first","12":"outofstock","13":"sale","14":"taxable","15":"shipping-taxable","16":"purchasable","17":"product-type-simple"},"acf":[],"_links":{"self":[{"href":"https:\/\/secureus.se\/fi\/wp-json\/wp\/v2\/product\/156374","targetHints":{"allow":["GET"]}}],"collection":[{"href":"https:\/\/secureus.se\/fi\/wp-json\/wp\/v2\/product"}],"about":[{"href":"https:\/\/secureus.se\/fi\/wp-json\/wp\/v2\/types\/product"}],"wp:featuredmedia":[{"embeddable":true,"href":"https:\/\/secureus.se\/fi\/wp-json\/wp\/v2\/media\/156371"}],"wp:attachment":[{"href":"https:\/\/secureus.se\/fi\/wp-json\/wp\/v2\/media?parent=156374"}],"wp:term":[{"taxonomy":"product_brand","embeddable":true,"href":"https:\/\/secureus.se\/fi\/wp-json\/wp\/v2\/product_brand?post=156374"},{"taxonomy":"product_cat","embeddable":true,"href":"https:\/\/secureus.se\/fi\/wp-json\/wp\/v2\/product_cat?post=156374"},{"taxonomy":"product_tag","embeddable":true,"href":"https:\/\/secureus.se\/fi\/wp-json\/wp\/v2\/product_tag?post=156374"}],"curies":[{"name":"wp","href":"https:\/\/api.w.org\/{rel}","templated":true}]}}