{"id":156395,"date":"2025-09-11T15:41:38","date_gmt":"2025-09-11T13:41:38","guid":{"rendered":"https:\/\/secureus.se\/evolis-lps033naa-0-6mil-generic-hologram-patch-laminate-600-prints\/"},"modified":"2026-04-23T12:38:32","modified_gmt":"2026-04-23T10:38:32","slug":"evolis-lps033naa-0-6mil-generic-hologram-patch-laminate-600-prints","status":"publish","type":"product","link":"https:\/\/secureus.se\/fi\/evolis-lps033naa-0-6mil-generic-hologram-patch-laminate-600-prints\/","title":{"rendered":"Laminointikalvo Evolis - LPS033NAA, hologrammipaikka, yleinen (600 tulostetta)"},"content":{"rendered":"<h1>Laminointikalvo<br \/>\n  Evolis &#8211; LPS033NAA, hologrampatch, generisk (600 utskrifter)<\/h1>\n<p>Lamineringsfilm Evolis &#8211; LPS033NAA, hologrampatch, generisk (600<br \/>\n  tulosteet) on laminointikalvo, joka tarjoaa ylim\u00e4\u00e4r\u00e4isen suojakerroksen<br \/>\n  muovikortteja ja auttaa v\u00e4hent\u00e4m\u00e4\u00e4n naarmuja, haalistumista ja yleisi\u00e4<br \/>\n  kuluminen.<\/p>\n<p>Hyv\u00e4 valinta, kun haluat pident\u00e4\u00e4 korttiesi k\u00e4ytt\u00f6ik\u00e4\u00e4, parantaa<br \/>\n  kest\u00e4vyytt\u00e4 ja ammattimaisemman lopputuloksen.<\/p>\n<ul>\n<li>Kapasiteetti: jopa 600 tulostetta rullaa kohden<\/li>\n<li>Tarjoaa lis\u00e4\u00e4 visuaalista turvallisuutta holografisella efektill\u00e4<\/li>\n<li>0,6 milin paksuus<\/li>\n<li>Tuotenumero: LPS033NAA<\/li>\n<\/ul>\n<p><strong>Yhteensopiva Evolis Primacyn ja Primacy 2:n kanssa<br \/>\n  laminointitulostimet.<\/strong><\/p>\n<p><strong>Tuotteen paino:<\/strong> 0,12 kg<\/p>","protected":false},"excerpt":{"rendered":"<p>Lamineringsfilm Evolis &#8211; LPS033NAA, hologrampatch, generisk (600 utskrifter) Lamineringsfilm Evolis &#8211; LPS033NAA, hologrampatch, generisk (600 utskrifter) \u00e4r en lamineringsfilm som ger ett extra skyddslager till plastkort och hj\u00e4lper till att<\/p>","protected":false},"featured_media":156393,"template":"","meta":{"_acf_changed":false},"product_brand":[],"product_cat":[4858,4859],"product_tag":[4863],"class_list":{"0":"post-156395","1":"product","2":"type-product","3":"status-publish","4":"has-post-thumbnail","6":"product_cat-primacy","7":"product_cat-primacy-2","8":"product_tag-pf","9":"pa_brands-evolis","10":"tm-no-options","12":"first","13":"instock","14":"sale","15":"taxable","16":"shipping-taxable","17":"purchasable","18":"product-type-simple"},"acf":[],"_links":{"self":[{"href":"https:\/\/secureus.se\/fi\/wp-json\/wp\/v2\/product\/156395","targetHints":{"allow":["GET"]}}],"collection":[{"href":"https:\/\/secureus.se\/fi\/wp-json\/wp\/v2\/product"}],"about":[{"href":"https:\/\/secureus.se\/fi\/wp-json\/wp\/v2\/types\/product"}],"wp:featuredmedia":[{"embeddable":true,"href":"https:\/\/secureus.se\/fi\/wp-json\/wp\/v2\/media\/156393"}],"wp:attachment":[{"href":"https:\/\/secureus.se\/fi\/wp-json\/wp\/v2\/media?parent=156395"}],"wp:term":[{"taxonomy":"product_brand","embeddable":true,"href":"https:\/\/secureus.se\/fi\/wp-json\/wp\/v2\/product_brand?post=156395"},{"taxonomy":"product_cat","embeddable":true,"href":"https:\/\/secureus.se\/fi\/wp-json\/wp\/v2\/product_cat?post=156395"},{"taxonomy":"product_tag","embeddable":true,"href":"https:\/\/secureus.se\/fi\/wp-json\/wp\/v2\/product_tag?post=156395"}],"curies":[{"name":"wp","href":"https:\/\/api.w.org\/{rel}","templated":true}]}}