{"id":156396,"date":"2025-09-11T15:41:33","date_gmt":"2025-09-11T13:41:33","guid":{"rendered":"https:\/\/secureus.se\/evolis-lpa048naa-1-0mil-alternate-clear-patch-smart-mag-cut-ribbon-600-prints\/"},"modified":"2026-05-06T09:46:47","modified_gmt":"2026-05-06T07:46:47","slug":"evolis-lpa048naa-1-0mil-alternate-clear-patch-smart-mag-cut-ribbon-600-prints","status":"publish","type":"product","link":"https:\/\/secureus.se\/fi\/evolis-lpa048naa-1-0mil-alternate-clear-patch-smart-mag-cut-ribbon-600-prints\/","title":{"rendered":"Evolis LPA048NAA 1.0 mil vaihtoehtoinen l\u00e4pin\u00e4kyv\u00e4 patch Smart\/Mag Cut -nauha (600 tulostetta)"},"content":{"rendered":"<h1>Nauha<br \/>\n  Evolis - LPA048NAA, kirkas merkki, \u00e4lyk\u00e4s\/magneettileikkaus (600 tulosta)<\/h1>\n<p>V\u00e4rillinen teippi Evolis \u2013 LPA048NAA, kirkas paikka, \u00e4lyk\u00e4s\/magneettileikkaus (600<br \/>\n  tulosteet) on laminointikalvo, joka tarjoaa muovikorteille lis\u00e4suojakerroksen<br \/>\n  ja auttaa v\u00e4hent\u00e4m\u00e4\u00e4n naarmuja, haalistumista ja normaalia kulumista.<\/p>\n<p>Hyv\u00e4 valinta, kun haluat pident\u00e4\u00e4 korttiesi k\u00e4ytt\u00f6ik\u00e4\u00e4, parantaa<br \/>\n  kest\u00e4vyytt\u00e4 ja ammattimaisemman lopputuloksen.<\/p>\n<ul>\n<li>Kapasiteetti: jopa 600 tulostetta rullaa kohden<\/li>\n<li>Sopii kaksipuoliseen korttitulostukseen<\/li>\n<li>L\u00e4pin\u00e4kyv\u00e4 laastarilaminaatti<\/li>\n<li>Tuotenumero: LPA048NAA<\/li>\n<\/ul>\n<p><strong>Yhteensopiva Evolis Primacyn ja Primacyn kanssa<br \/>\n  2.<\/strong><\/p>\n<p><strong>Tuotteen paino:<\/strong> 0,40 kg<\/p>","protected":false},"excerpt":{"rendered":"<p>F\u00e4rgband Evolis &#8211; LPA048NAA, klar patch, smart\/mag cut (600 utskrifter) F\u00e4rgband Evolis &#8211; LPA048NAA, klar patch, smart\/mag cut (600 utskrifter) \u00e4r en lamineringsfilm som ger ett extra skyddslager till plastkort<\/p>","protected":false},"featured_media":156394,"template":"","meta":{"_acf_changed":false},"product_brand":[],"product_cat":[4858,4859],"product_tag":[4863],"class_list":{"0":"post-156396","1":"product","2":"type-product","3":"status-publish","4":"has-post-thumbnail","6":"product_cat-primacy","7":"product_cat-primacy-2","8":"product_tag-pf","9":"pa_brands-evolis","10":"tm-no-options","12":"first","13":"outofstock","14":"sale","15":"taxable","16":"shipping-taxable","17":"purchasable","18":"product-type-simple"},"acf":[],"_links":{"self":[{"href":"https:\/\/secureus.se\/fi\/wp-json\/wp\/v2\/product\/156396","targetHints":{"allow":["GET"]}}],"collection":[{"href":"https:\/\/secureus.se\/fi\/wp-json\/wp\/v2\/product"}],"about":[{"href":"https:\/\/secureus.se\/fi\/wp-json\/wp\/v2\/types\/product"}],"wp:featuredmedia":[{"embeddable":true,"href":"https:\/\/secureus.se\/fi\/wp-json\/wp\/v2\/media\/156394"}],"wp:attachment":[{"href":"https:\/\/secureus.se\/fi\/wp-json\/wp\/v2\/media?parent=156396"}],"wp:term":[{"taxonomy":"product_brand","embeddable":true,"href":"https:\/\/secureus.se\/fi\/wp-json\/wp\/v2\/product_brand?post=156396"},{"taxonomy":"product_cat","embeddable":true,"href":"https:\/\/secureus.se\/fi\/wp-json\/wp\/v2\/product_cat?post=156396"},{"taxonomy":"product_tag","embeddable":true,"href":"https:\/\/secureus.se\/fi\/wp-json\/wp\/v2\/product_tag?post=156396"}],"curies":[{"name":"wp","href":"https:\/\/api.w.org\/{rel}","templated":true}]}}