{"id":156399,"date":"2025-09-11T15:41:40","date_gmt":"2025-09-11T13:41:40","guid":{"rendered":"https:\/\/secureus.se\/evolis-rct015naa-white-monochrome-ribbon-1000-prints\/"},"modified":"2026-05-06T09:44:30","modified_gmt":"2026-05-06T07:44:30","slug":"evolis-rct015naa-white-monochrome-ribbon-1000-prints","status":"publish","type":"product","link":"https:\/\/secureus.se\/fi\/evolis-rct015naa-white-monochrome-ribbon-1000-prints\/","title":{"rendered":"Evolis RCT015NAA valkoinen yksiv\u00e4rinen v\u00e4rinauha (1000 tulostetta)"},"content":{"rendered":"<h1>Nauha<br \/>\n  Evolis - RCT015NAA, valkoinen mustavalkoinen (1000 tulostetta)<\/h1>\n<p>Evolis-v\u00e4rinauha \u2013 RCT015NAA, valkoinen yksiv\u00e4rinen (1000 tulostetta) on<br \/>\n  valkoinen yksiv\u00e4rinen v\u00e4rinauha, joka sopii kirkkaaseen tulostukseen tummille tai<br \/>\n  r\u00e4\u00e4t\u00e4l\u00f6ityj\u00e4 kortteja, kuten esittelykortteja ja etikettej\u00e4.<\/p>\n<p>Sopii henkil\u00f6korteille, kulkukorteille, j\u00e4senkorteille ja muille<br \/>\n  muovikortteja, joissa vaaditaan korkeaa tulostuslaatua ja luotettavuutta<br \/>\n  t\u00e4rke\u00e4.<\/p>\n<ul>\n<li>Kapasiteetti: jopa 1 000 tulostetta<\/li>\n<li>Rannekkeen tyyppi: Valkoinen yksiv\u00e4rinen<\/li>\n<li>Tuotenumero: RCT015NAA<\/li>\n<\/ul>\n<p><strong>Yhteensopiva Evolis Primacyn ja Evolisin kanssa<br \/>\n  Zenius.<\/strong><\/p>\n<p><strong>Tuotteen paino:<\/strong> 0,20 kg<\/p>","protected":false},"excerpt":{"rendered":"<p>F\u00e4rgband Evolis &#8211; RCT015NAA, vit monokrom (1000 utskrifter) F\u00e4rgband Evolis &#8211; RCT015NAA, vit monokrom (1000 utskrifter) \u00e4r ett vitt monokromt f\u00e4rgband som l\u00e4mpar sig f\u00f6r tydliga utskrifter p\u00e5 m\u00f6rka eller<\/p>","protected":false},"featured_media":156397,"template":"","meta":{"_acf_changed":false},"product_brand":[],"product_cat":[4858,4862],"product_tag":[4863],"class_list":{"0":"post-156399","1":"product","2":"type-product","3":"status-publish","4":"has-post-thumbnail","6":"product_cat-primacy","7":"product_cat-zenius","8":"product_tag-pf","9":"pa_brands-evolis","10":"tm-no-options","12":"first","13":"instock","14":"sale","15":"taxable","16":"shipping-taxable","17":"purchasable","18":"product-type-simple"},"acf":[],"_links":{"self":[{"href":"https:\/\/secureus.se\/fi\/wp-json\/wp\/v2\/product\/156399","targetHints":{"allow":["GET"]}}],"collection":[{"href":"https:\/\/secureus.se\/fi\/wp-json\/wp\/v2\/product"}],"about":[{"href":"https:\/\/secureus.se\/fi\/wp-json\/wp\/v2\/types\/product"}],"wp:featuredmedia":[{"embeddable":true,"href":"https:\/\/secureus.se\/fi\/wp-json\/wp\/v2\/media\/156397"}],"wp:attachment":[{"href":"https:\/\/secureus.se\/fi\/wp-json\/wp\/v2\/media?parent=156399"}],"wp:term":[{"taxonomy":"product_brand","embeddable":true,"href":"https:\/\/secureus.se\/fi\/wp-json\/wp\/v2\/product_brand?post=156399"},{"taxonomy":"product_cat","embeddable":true,"href":"https:\/\/secureus.se\/fi\/wp-json\/wp\/v2\/product_cat?post=156399"},{"taxonomy":"product_tag","embeddable":true,"href":"https:\/\/secureus.se\/fi\/wp-json\/wp\/v2\/product_tag?post=156399"}],"curies":[{"name":"wp","href":"https:\/\/api.w.org\/{rel}","templated":true}]}}