{"id":156415,"date":"2025-09-11T15:41:33","date_gmt":"2025-09-11T13:41:33","guid":{"rendered":"https:\/\/secureus.se\/evolis-lps029naa-1-0mil-generic-holo-patch-ribbon-600-prints\/"},"modified":"2026-04-08T16:54:03","modified_gmt":"2026-04-08T14:54:03","slug":"evolis-lps029naa-1-0mil-generic-holo-patch-ribbon-600-prints","status":"publish","type":"product","link":"https:\/\/secureus.se\/fi\/evolis-lps029naa-1-0mil-generic-holo-patch-ribbon-600-prints\/","title":{"rendered":"Evolis-mustenauha \u2013 LPS029NAA, geneerinen (600 tulostetta)"},"content":{"rendered":"<h1>Nauha<br \/>\n  Evolis &#8211; LPS029NAA, generisk (600 utskrifter)<\/h1>\n<p>F\u00e4rgband Evolis &#8211; LPS029NAA, generisk (600 utskrifter) \u00e4r en<br \/>\n  overlayfilm som skyddar kortets yta mot repor, fukt och dagligt<br \/>\n  slitage.<\/p>\n<p>Hyv\u00e4 valinta, kun haluat pident\u00e4\u00e4 korttiesi k\u00e4ytt\u00f6ik\u00e4\u00e4, parantaa<br \/>\n  kest\u00e4vyytt\u00e4 ja ammattimaisemman lopputuloksen.<\/p>\n<ul>\n<li>Kapasiteetti: jopa 600 tulostetta rullaa kohden<\/li>\n<li>Ger extra visuell s\u00e4kerhet med holografisk effekt<\/li>\n<li>Artikelnummer: LPS029NAA<\/li>\n<\/ul>\n<p><strong>Kompatibel med Evolis Primacy och Primacy 2.<\/strong><\/p>\n<p><strong>Tuotteen paino:<\/strong> 0,40 kg<\/p>","protected":false},"excerpt":{"rendered":"<p>F\u00e4rgband Evolis &#8211; LPS029NAA, generisk (600 utskrifter) F\u00e4rgband Evolis &#8211; LPS029NAA, generisk (600 utskrifter) \u00e4r en overlayfilm som skyddar kortets yta mot repor, fukt och dagligt slitage. Ett bra val<\/p>","protected":false},"featured_media":156414,"template":"","meta":{"_acf_changed":false},"product_brand":[],"product_cat":[4858,4859],"product_tag":[4863],"class_list":{"0":"post-156415","1":"product","2":"type-product","3":"status-publish","4":"has-post-thumbnail","6":"product_cat-primacy","7":"product_cat-primacy-2","8":"product_tag-pf","9":"pa_brands-evolis","10":"tm-no-options","12":"first","13":"instock","14":"sale","15":"taxable","16":"shipping-taxable","17":"purchasable","18":"product-type-simple"},"acf":[],"_links":{"self":[{"href":"https:\/\/secureus.se\/fi\/wp-json\/wp\/v2\/product\/156415","targetHints":{"allow":["GET"]}}],"collection":[{"href":"https:\/\/secureus.se\/fi\/wp-json\/wp\/v2\/product"}],"about":[{"href":"https:\/\/secureus.se\/fi\/wp-json\/wp\/v2\/types\/product"}],"wp:featuredmedia":[{"embeddable":true,"href":"https:\/\/secureus.se\/fi\/wp-json\/wp\/v2\/media\/156414"}],"wp:attachment":[{"href":"https:\/\/secureus.se\/fi\/wp-json\/wp\/v2\/media?parent=156415"}],"wp:term":[{"taxonomy":"product_brand","embeddable":true,"href":"https:\/\/secureus.se\/fi\/wp-json\/wp\/v2\/product_brand?post=156415"},{"taxonomy":"product_cat","embeddable":true,"href":"https:\/\/secureus.se\/fi\/wp-json\/wp\/v2\/product_cat?post=156415"},{"taxonomy":"product_tag","embeddable":true,"href":"https:\/\/secureus.se\/fi\/wp-json\/wp\/v2\/product_tag?post=156415"}],"curies":[{"name":"wp","href":"https:\/\/api.w.org\/{rel}","templated":true}]}}