{"id":156418,"date":"2025-09-11T15:41:37","date_gmt":"2025-09-11T13:41:37","guid":{"rendered":"https:\/\/secureus.se\/evolis-rva022naa-globe-hologram-overlay-ribbon-400-prints\/"},"modified":"2026-04-23T12:38:47","modified_gmt":"2026-04-23T10:38:47","slug":"evolis-rva022naa-globe-hologram-overlay-ribbon-400-prints","status":"publish","type":"product","link":"https:\/\/secureus.se\/fi\/evolis-rva022naa-globe-hologram-overlay-ribbon-400-prints\/","title":{"rendered":"Evolis-nauha \u2013 RVA022NAA, pallomainen hologrammi (400 tulostetta)"},"content":{"rendered":"<h1>Nauha<br \/>\n  Evolis &#8211; RVA022NAA, Globe hologram (400 utskrifter)<\/h1>\n<p>F\u00e4rgband Evolis &#8211; RVA022NAA, Globe hologram (400 utskrifter) \u00e4r en<br \/>\n  laminointikalvo, joka tarjoaa ylim\u00e4\u00e4r\u00e4isen suojakerroksen muovikorteille ja auttaa<br \/>\n  naarmujen, haalistumisen ja normaalin kulumisen v\u00e4hent\u00e4miseksi.<\/p>\n<p>Hyv\u00e4 valinta, kun haluat pident\u00e4\u00e4 korttiesi k\u00e4ytt\u00f6ik\u00e4\u00e4, parantaa<br \/>\n  kest\u00e4vyytt\u00e4 ja ammattimaisemman lopputuloksen.<\/p>\n<ul>\n<li>Kapasiteetti: jopa 400 tulostetta rullaa kohden<\/li>\n<li>Tarjoaa lis\u00e4\u00e4 visuaalista turvallisuutta holografisella efektill\u00e4<\/li>\n<li>Tuotenumero: RVA022NAA<\/li>\n<\/ul>\n<p><strong>Yhteensopiva Evolis Primacyn ja Evolisin kanssa<br \/>\n  Zenius.<\/strong><\/p>\n<p><strong>Tuotteen paino:<\/strong> 0,02 kg<\/p>","protected":false},"excerpt":{"rendered":"<p>F\u00e4rgband Evolis &#8211; RVA022NAA, Globe hologram (400 utskrifter) F\u00e4rgband Evolis &#8211; RVA022NAA, Globe hologram (400 utskrifter) \u00e4r en lamineringsfilm som ger ett extra skyddslager till plastkort och hj\u00e4lper till att<\/p>","protected":false},"featured_media":156416,"template":"","meta":{"_acf_changed":false},"product_brand":[],"product_cat":[4858,4862],"product_tag":[4863],"class_list":{"0":"post-156418","1":"product","2":"type-product","3":"status-publish","4":"has-post-thumbnail","6":"product_cat-primacy","7":"product_cat-zenius","8":"product_tag-pf","9":"pa_brands-evolis","10":"tm-no-options","12":"first","13":"instock","14":"sale","15":"taxable","16":"shipping-taxable","17":"purchasable","18":"product-type-simple"},"acf":[],"_links":{"self":[{"href":"https:\/\/secureus.se\/fi\/wp-json\/wp\/v2\/product\/156418","targetHints":{"allow":["GET"]}}],"collection":[{"href":"https:\/\/secureus.se\/fi\/wp-json\/wp\/v2\/product"}],"about":[{"href":"https:\/\/secureus.se\/fi\/wp-json\/wp\/v2\/types\/product"}],"wp:featuredmedia":[{"embeddable":true,"href":"https:\/\/secureus.se\/fi\/wp-json\/wp\/v2\/media\/156416"}],"wp:attachment":[{"href":"https:\/\/secureus.se\/fi\/wp-json\/wp\/v2\/media?parent=156418"}],"wp:term":[{"taxonomy":"product_brand","embeddable":true,"href":"https:\/\/secureus.se\/fi\/wp-json\/wp\/v2\/product_brand?post=156418"},{"taxonomy":"product_cat","embeddable":true,"href":"https:\/\/secureus.se\/fi\/wp-json\/wp\/v2\/product_cat?post=156418"},{"taxonomy":"product_tag","embeddable":true,"href":"https:\/\/secureus.se\/fi\/wp-json\/wp\/v2\/product_tag?post=156418"}],"curies":[{"name":"wp","href":"https:\/\/api.w.org\/{rel}","templated":true}]}}