{"id":156420,"date":"2025-09-11T15:41:27","date_gmt":"2025-09-11T13:41:27","guid":{"rendered":"https:\/\/secureus.se\/evolis-rct219naaa-blackflex-monochrome-ribbon-1000-prints\/"},"modified":"2026-04-08T16:58:11","modified_gmt":"2026-04-08T14:58:11","slug":"evolis-rct219naaa-blackflex-monochrome-ribbon-1000-prints","status":"publish","type":"product","link":"https:\/\/secureus.se\/fi\/evolis-rct219naaa-blackflex-monochrome-ribbon-1000-prints\/","title":{"rendered":"Evolis-v\u00e4rinauha \u2013 RCT219NAAA, BlackFlex (1000 tulostetta)"},"content":{"rendered":"<h1>Nauha<br \/>\n  Evolis &#8211; RCT219NAAA, BlackFlex (1000 utskrifter)<\/h1>\n<p>F\u00e4rgband Evolis &#8211; RCT219NAAA, BlackFlex (1000 utskrifter) \u00e4r ett<br \/>\n  musta yksiv\u00e4rinen v\u00e4rinauha, joka sopii selke\u00e4lle tekstille, yksinkertaiselle viivagrafiikalle ja<br \/>\n  luettavat viivakoodit muovikorteissa.<\/p>\n<p>Sopii henkil\u00f6korteille, kulkukorteille, j\u00e4senkorteille ja muille<br \/>\n  muovikortteja, joissa vaaditaan korkeaa tulostuslaatua ja luotettavuutta<br \/>\n  t\u00e4rke\u00e4.<\/p>\n<ul>\n<li>Kapasiteetti: jopa 1 000 tulostetta<\/li>\n<li>Artikelnummer: RCT219NAAA<\/li>\n<\/ul>\n<p><strong>Yhteensopiva Evolis Primacy 2 -korttitulostimen kanssa<br \/>\n  vain.<\/strong><\/p>\n<p><strong>Tuotteen paino:<\/strong> 0,20 kg<\/p>","protected":false},"excerpt":{"rendered":"<p>F\u00e4rgband Evolis &#8211; RCT219NAAA, BlackFlex (1000 utskrifter) F\u00e4rgband Evolis &#8211; RCT219NAAA, BlackFlex (1000 utskrifter) \u00e4r ett svart monokromt f\u00e4rgband som passar f\u00f6r tydlig text, enkla linjegrafiker och l\u00e4sbara streckkoder p\u00e5<\/p>","protected":false},"featured_media":156419,"template":"","meta":{"_acf_changed":false},"product_brand":[],"product_cat":[4859],"product_tag":[4863],"class_list":{"0":"post-156420","1":"product","2":"type-product","3":"status-publish","4":"has-post-thumbnail","6":"product_cat-primacy-2","7":"product_tag-pf","8":"pa_brands-evolis","9":"tm-no-options","11":"first","12":"instock","13":"sale","14":"taxable","15":"shipping-taxable","16":"purchasable","17":"product-type-simple"},"acf":[],"_links":{"self":[{"href":"https:\/\/secureus.se\/fi\/wp-json\/wp\/v2\/product\/156420","targetHints":{"allow":["GET"]}}],"collection":[{"href":"https:\/\/secureus.se\/fi\/wp-json\/wp\/v2\/product"}],"about":[{"href":"https:\/\/secureus.se\/fi\/wp-json\/wp\/v2\/types\/product"}],"wp:featuredmedia":[{"embeddable":true,"href":"https:\/\/secureus.se\/fi\/wp-json\/wp\/v2\/media\/156419"}],"wp:attachment":[{"href":"https:\/\/secureus.se\/fi\/wp-json\/wp\/v2\/media?parent=156420"}],"wp:term":[{"taxonomy":"product_brand","embeddable":true,"href":"https:\/\/secureus.se\/fi\/wp-json\/wp\/v2\/product_brand?post=156420"},{"taxonomy":"product_cat","embeddable":true,"href":"https:\/\/secureus.se\/fi\/wp-json\/wp\/v2\/product_cat?post=156420"},{"taxonomy":"product_tag","embeddable":true,"href":"https:\/\/secureus.se\/fi\/wp-json\/wp\/v2\/product_tag?post=156420"}],"curies":[{"name":"wp","href":"https:\/\/api.w.org\/{rel}","templated":true}]}}