{"id":156434,"date":"2025-09-11T15:41:27","date_gmt":"2025-09-11T13:41:27","guid":{"rendered":"https:\/\/secureus.se\/evolis-nct223naaa-easy4pro-black-monochrome-ribbon-2000-prints\/"},"modified":"2026-04-08T16:58:18","modified_gmt":"2026-04-08T14:58:18","slug":"evolis-nct223naaa-easy4pro-black-monochrome-ribbon-2000-prints","status":"publish","type":"product","link":"https:\/\/secureus.se\/fi\/evolis-nct223naaa-easy4pro-black-monochrome-ribbon-2000-prints\/","title":{"rendered":"V\u00e4rinauha Evolis Easy4Pro - NCT223NAAA, musta yksiv\u00e4rinen (2000 tulostetta)"},"content":{"rendered":"<h1>Nauha<br \/>\n  Evolis Easy4Pro &#8211; NCT223NAAA, svart monokrom (2000 utskrifter)<\/h1>\n<p>F\u00e4rgband Evolis Easy4Pro &#8211; NCT223NAAA, svart monokrom (2000<br \/>\n  utskrifter) \u00e4r ett svart monokromt f\u00e4rgband som passar f\u00f6r tydlig text, enkla<br \/>\n  linjegrafiker och l\u00e4sbara streckkoder p\u00e5 plastkort.<\/p>\n<p>Sopii henkil\u00f6korteille, kulkukorteille, j\u00e4senkorteille ja muille<br \/>\n  muovikortteja, joissa vaaditaan korkeaa tulostuslaatua ja luotettavuutta<br \/>\n  t\u00e4rke\u00e4.<\/p>\n<ul>\n<li>Kapasiteetti: jopa 2 000 tulostetta<\/li>\n<li>Rannekkeen tyyppi: Musta yksiv\u00e4rinen<\/li>\n<li>Artikelnummer: NCT223NAAA<\/li>\n<\/ul>\n<p><strong>Yhteensopiva Evolis Primacy 2- ja Zenius 2 -korttien kanssa<br \/>\n  vain tulostimia.<\/strong><\/p>\n<p><strong>Tuotteen paino:<\/strong> 0,20 kg<\/p>","protected":false},"excerpt":{"rendered":"<p>F\u00e4rgband Evolis Easy4Pro &#8211; NCT223NAAA, svart monokrom (2000 utskrifter) F\u00e4rgband Evolis Easy4Pro &#8211; NCT223NAAA, svart monokrom (2000 utskrifter) \u00e4r ett svart monokromt f\u00e4rgband som passar f\u00f6r tydlig text, enkla linjegrafiker<\/p>","protected":false},"featured_media":156432,"template":"","meta":{"_acf_changed":false},"product_brand":[],"product_cat":[4856,4859],"product_tag":[4863],"class_list":{"0":"post-156434","1":"product","2":"type-product","3":"status-publish","4":"has-post-thumbnail","6":"product_cat-easy4-pro","7":"product_cat-primacy-2","8":"product_tag-pf","9":"pa_brands-evolis","10":"tm-no-options","12":"first","13":"instock","14":"sale","15":"taxable","16":"shipping-taxable","17":"purchasable","18":"product-type-simple"},"acf":[],"_links":{"self":[{"href":"https:\/\/secureus.se\/fi\/wp-json\/wp\/v2\/product\/156434","targetHints":{"allow":["GET"]}}],"collection":[{"href":"https:\/\/secureus.se\/fi\/wp-json\/wp\/v2\/product"}],"about":[{"href":"https:\/\/secureus.se\/fi\/wp-json\/wp\/v2\/types\/product"}],"wp:featuredmedia":[{"embeddable":true,"href":"https:\/\/secureus.se\/fi\/wp-json\/wp\/v2\/media\/156432"}],"wp:attachment":[{"href":"https:\/\/secureus.se\/fi\/wp-json\/wp\/v2\/media?parent=156434"}],"wp:term":[{"taxonomy":"product_brand","embeddable":true,"href":"https:\/\/secureus.se\/fi\/wp-json\/wp\/v2\/product_brand?post=156434"},{"taxonomy":"product_cat","embeddable":true,"href":"https:\/\/secureus.se\/fi\/wp-json\/wp\/v2\/product_cat?post=156434"},{"taxonomy":"product_tag","embeddable":true,"href":"https:\/\/secureus.se\/fi\/wp-json\/wp\/v2\/product_tag?post=156434"}],"curies":[{"name":"wp","href":"https:\/\/api.w.org\/{rel}","templated":true}]}}