{"id":156453,"date":"2025-09-11T15:41:28","date_gmt":"2025-09-11T13:41:28","guid":{"rendered":"https:\/\/secureus.se\/evolis-r4f227naaa-so-ko-silver-overlay-black-overlay-250-prints\/"},"modified":"2026-04-23T12:33:42","modified_gmt":"2026-04-23T10:33:42","slug":"evolis-r4f227naaa-so-ko-silver-overlay-black-overlay-250-prints","status":"publish","type":"product","link":"https:\/\/secureus.se\/fi\/evolis-r4f227naaa-so-ko-silver-overlay-black-overlay-250-prints\/","title":{"rendered":"Evolis \u2013 R4F227NAAA (250 tulostetta)"},"content":{"rendered":"<h1>Evolis<br \/>\n  &#8211; R4F227NAAA (250 utskrifter)<\/h1>\n<p>Evolis &#8211; R4F227NAAA (250 utskrifter) \u00e4r ett specialband i silver<br \/>\n  ja mustaa tummien esipainettujen korttien personointiin. Se tarjoaa selke\u00e4n<br \/>\n  kontrastia ja ammattimaista lopputulosta.<\/p>\n<p>Sopii henkil\u00f6korteille, kulkukorteille, j\u00e4senkorteille ja muille<br \/>\n  muovikortteja, joissa vaaditaan korkeaa tulostuslaatua ja luotettavuutta<br \/>\n  t\u00e4rke\u00e4.<\/p>\n<ul>\n<li>Kapasiteetti: jopa 250 tulostetta<\/li>\n<li>Kaistan tyyppi: SO-KO<\/li>\n<li>Sopii kaksipuoliseen korttitulostukseen<\/li>\n<li>Tuotenumero: R4F227NAAA<\/li>\n<\/ul>\n<p><strong>Yhteensopiva Evolis Primacy 2 -korttitulostimen kanssa<br \/>\n  vain.<\/strong><\/p>\n<p><strong>Tuotteen paino:<\/strong> 0,20 kg<\/p>","protected":false},"excerpt":{"rendered":"<p>Evolis &#8211; R4F227NAAA (250 utskrifter) Evolis &#8211; R4F227NAAA (250 utskrifter) \u00e4r ett specialband i silver och svart f\u00f6r personalisering av m\u00f6rka f\u00f6rtryckta kort. Det ger en tydlig kontrast och ett<\/p>","protected":false},"featured_media":156452,"template":"","meta":{"_acf_changed":false},"product_brand":[],"product_cat":[4859],"product_tag":[4863],"class_list":{"0":"post-156453","1":"product","2":"type-product","3":"status-publish","4":"has-post-thumbnail","6":"product_cat-primacy-2","7":"product_tag-pf","8":"pa_brands-evolis","9":"tm-no-options","11":"first","12":"outofstock","13":"sale","14":"taxable","15":"shipping-taxable","16":"purchasable","17":"product-type-simple"},"acf":[],"_links":{"self":[{"href":"https:\/\/secureus.se\/fi\/wp-json\/wp\/v2\/product\/156453","targetHints":{"allow":["GET"]}}],"collection":[{"href":"https:\/\/secureus.se\/fi\/wp-json\/wp\/v2\/product"}],"about":[{"href":"https:\/\/secureus.se\/fi\/wp-json\/wp\/v2\/types\/product"}],"wp:featuredmedia":[{"embeddable":true,"href":"https:\/\/secureus.se\/fi\/wp-json\/wp\/v2\/media\/156452"}],"wp:attachment":[{"href":"https:\/\/secureus.se\/fi\/wp-json\/wp\/v2\/media?parent=156453"}],"wp:term":[{"taxonomy":"product_brand","embeddable":true,"href":"https:\/\/secureus.se\/fi\/wp-json\/wp\/v2\/product_brand?post=156453"},{"taxonomy":"product_cat","embeddable":true,"href":"https:\/\/secureus.se\/fi\/wp-json\/wp\/v2\/product_cat?post=156453"},{"taxonomy":"product_tag","embeddable":true,"href":"https:\/\/secureus.se\/fi\/wp-json\/wp\/v2\/product_tag?post=156453"}],"curies":[{"name":"wp","href":"https:\/\/api.w.org\/{rel}","templated":true}]}}