{"id":156559,"date":"2025-09-11T16:15:46","date_gmt":"2025-09-11T14:15:46","guid":{"rendered":"https:\/\/secureus.se\/magicard-ma450ymcko-half-panel-colour-ribbon-450-prints\/"},"modified":"2026-04-08T17:00:37","modified_gmt":"2026-04-08T15:00:37","slug":"magicard-ma450ymcko-half-panel-colour-ribbon-450-prints","status":"publish","type":"product","link":"https:\/\/secureus.se\/fi\/magicard-ma450ymcko-half-panel-colour-ribbon-450-prints\/","title":{"rendered":"F\u00e4rgband Magicard &#8211; MA450YMCKO, halvpanel (450 utskrifter)"},"content":{"rendered":"<h1>Nauha<br \/>\n  Magicard &#8211; MA450YMCKO, halvpanel (450 utskrifter)<\/h1>\n<p>F\u00e4rgband Magicard &#8211; MA450YMCKO, halvpanel (450 utskrifter) \u00e4r ett<br \/>\n  V\u00e4rinauha muovikorttien tulostamiseen ter\u00e4vill\u00e4 v\u00e4reill\u00e4, selke\u00e4ll\u00e4 tekstill\u00e4 ja hyv\u00e4ll\u00e4 laadulla<br \/>\n  yksityiskohtien toisto. YMCKO-v\u00e4rinauha tarjoaa oikean yhdistelm\u00e4n v\u00e4ripaneeleja ja<br \/>\n  Suojaava pinnoite ammattimaiseen korttitulostukseen.<\/p>\n<p>Sopii henkil\u00f6korteille, kulkukorteille, j\u00e4senkorteille ja muille<br \/>\n  muovikortteja, joissa vaaditaan korkeaa tulostuslaatua ja luotettavuutta<br \/>\n  t\u00e4rke\u00e4.<\/p>\n<ul>\n<li>Kapacitet: upp till 450 utskrifter<\/li>\n<li>Nauhan tyyppi: YMCKO<\/li>\n<li>Artikelnummer: ENHP<\/li>\n<\/ul>\n<p><strong>Kompatibel med Magicard Rio Pro, Rio Pro 360, Enduro<br \/>\n  och Pronto.<\/strong><\/p>\n<p><strong>Tuotteen paino:<\/strong> 0,10 kg<\/p>","protected":false},"excerpt":{"rendered":"<p>F\u00e4rgband Magicard &#8211; MA450YMCKO, halvpanel (450 utskrifter) F\u00e4rgband Magicard &#8211; MA450YMCKO, halvpanel (450 utskrifter) \u00e4r ett f\u00e4rgband f\u00f6r utskrift av plastkort med skarpa f\u00e4rger, tydlig text och bra detalj\u00e5tergivning. Bandtypen<\/p>","protected":false},"featured_media":156558,"template":"","meta":{"_acf_changed":false},"product_brand":[],"product_cat":[3216,4839,4837,4833,4834],"product_tag":[4863],"class_list":{"0":"post-156559","1":"product","2":"type-product","3":"status-publish","4":"has-post-thumbnail","6":"product_cat-magicard-fargband-retransfer","7":"product_cat-magicard-enduro-band","8":"product_cat-magicard-pronto-band","9":"product_cat-magicard-rio-pro-360-band","10":"product_cat-magicard-rio-pro-ribbons","11":"product_tag-pf","12":"pa_brands-magicard","13":"tm-has-options","15":"first","16":"instock","17":"sale","18":"taxable","19":"shipping-taxable","20":"purchasable","21":"product-type-simple"},"acf":[],"_links":{"self":[{"href":"https:\/\/secureus.se\/fi\/wp-json\/wp\/v2\/product\/156559","targetHints":{"allow":["GET"]}}],"collection":[{"href":"https:\/\/secureus.se\/fi\/wp-json\/wp\/v2\/product"}],"about":[{"href":"https:\/\/secureus.se\/fi\/wp-json\/wp\/v2\/types\/product"}],"wp:featuredmedia":[{"embeddable":true,"href":"https:\/\/secureus.se\/fi\/wp-json\/wp\/v2\/media\/156558"}],"wp:attachment":[{"href":"https:\/\/secureus.se\/fi\/wp-json\/wp\/v2\/media?parent=156559"}],"wp:term":[{"taxonomy":"product_brand","embeddable":true,"href":"https:\/\/secureus.se\/fi\/wp-json\/wp\/v2\/product_brand?post=156559"},{"taxonomy":"product_cat","embeddable":true,"href":"https:\/\/secureus.se\/fi\/wp-json\/wp\/v2\/product_cat?post=156559"},{"taxonomy":"product_tag","embeddable":true,"href":"https:\/\/secureus.se\/fi\/wp-json\/wp\/v2\/product_tag?post=156559"}],"curies":[{"name":"wp","href":"https:\/\/api.w.org\/{rel}","templated":true}]}}