{"id":156563,"date":"2025-09-11T16:15:46","date_gmt":"2025-09-11T14:15:46","guid":{"rendered":"https:\/\/secureus.se\/magicard-mb250ymckok-colour-ribbon-250-prints\/"},"modified":"2026-04-23T12:34:22","modified_gmt":"2026-04-23T10:34:22","slug":"magicard-mb250ymckok-colour-ribbon-250-prints","status":"publish","type":"product","link":"https:\/\/secureus.se\/fi\/magicard-mb250ymckok-colour-ribbon-250-prints\/","title":{"rendered":"Magicard-nauha \u2013 MB250YMCKOK (250 tulostetta)"},"content":{"rendered":"<h1>Nauha<br \/>\n  Magicard &#8211; MB250YMCKOK (250 utskrifter)<\/h1>\n<p>F\u00e4rgband Magicard &#8211; MB250YMCKOK (250 utskrifter) \u00e4r ett f\u00e4rgband<br \/>\n  muovikorttien tulostamiseen ter\u00e4vill\u00e4 v\u00e4reill\u00e4, selke\u00e4ll\u00e4 tekstill\u00e4 ja hyv\u00e4ll\u00e4<br \/>\n  yksityiskohtien toisto. YMCKOK-v\u00e4rinauha tarjoaa oikean yhdistelm\u00e4n v\u00e4ripaneeleja ja<br \/>\n  Suojaava pinnoite ammattimaiseen korttitulostukseen.<\/p>\n<p>Sopii henkil\u00f6korteille, kulkukorteille, j\u00e4senkorteille ja muille<br \/>\n  muovikortteja, joissa vaaditaan korkeaa tulostuslaatua ja luotettavuutta<br \/>\n  t\u00e4rke\u00e4.<\/p>\n<ul>\n<li>Kapasiteetti: jopa 250 tulostetta<\/li>\n<li>Rannekkeen tyyppi: YMCKOK<\/li>\n<li>Sopii kaksipuoliseen korttitulostukseen<\/li>\n<li>Tuotenumero: MB250YMCKOK<\/li>\n<\/ul>\n<p><strong>Yhteensopiva Magicardin kanssa<br \/>\n  600.<\/strong><\/p>\n<p><strong>Tuotteen paino:<\/strong> 0,18 kg<\/p>","protected":false},"excerpt":{"rendered":"<p>F\u00e4rgband Magicard &#8211; MB250YMCKOK (250 utskrifter) F\u00e4rgband Magicard &#8211; MB250YMCKOK (250 utskrifter) \u00e4r ett f\u00e4rgband f\u00f6r utskrift av plastkort med skarpa f\u00e4rger, tydlig text och bra detalj\u00e5tergivning. Bandtypen YMCKOK ger<\/p>","protected":false},"featured_media":156562,"template":"","meta":{"_acf_changed":false},"product_brand":[],"product_cat":[4830,3216],"product_tag":[4863],"class_list":{"0":"post-156563","1":"product","2":"type-product","3":"status-publish","4":"has-post-thumbnail","6":"product_cat-magicard-600-band","7":"product_cat-magicard-fargband-retransfer","8":"product_tag-pf","9":"pa_brands-magicard","10":"tm-has-options","12":"first","13":"instock","14":"sale","15":"taxable","16":"shipping-taxable","17":"purchasable","18":"product-type-simple"},"acf":[],"_links":{"self":[{"href":"https:\/\/secureus.se\/fi\/wp-json\/wp\/v2\/product\/156563","targetHints":{"allow":["GET"]}}],"collection":[{"href":"https:\/\/secureus.se\/fi\/wp-json\/wp\/v2\/product"}],"about":[{"href":"https:\/\/secureus.se\/fi\/wp-json\/wp\/v2\/types\/product"}],"wp:featuredmedia":[{"embeddable":true,"href":"https:\/\/secureus.se\/fi\/wp-json\/wp\/v2\/media\/156562"}],"wp:attachment":[{"href":"https:\/\/secureus.se\/fi\/wp-json\/wp\/v2\/media?parent=156563"}],"wp:term":[{"taxonomy":"product_brand","embeddable":true,"href":"https:\/\/secureus.se\/fi\/wp-json\/wp\/v2\/product_brand?post=156563"},{"taxonomy":"product_cat","embeddable":true,"href":"https:\/\/secureus.se\/fi\/wp-json\/wp\/v2\/product_cat?post=156563"},{"taxonomy":"product_tag","embeddable":true,"href":"https:\/\/secureus.se\/fi\/wp-json\/wp\/v2\/product_tag?post=156563"}],"curies":[{"name":"wp","href":"https:\/\/api.w.org\/{rel}","templated":true}]}}