{"id":156585,"date":"2025-09-11T16:15:45","date_gmt":"2025-09-11T14:15:45","guid":{"rendered":"https:\/\/secureus.se\/magicard-464-clear-patch-laminate-600-prints\/"},"modified":"2026-03-26T09:56:01","modified_gmt":"2026-03-26T08:56:01","slug":"magicard-464-clear-patch-laminate-600-prints","status":"publish","type":"product","link":"https:\/\/secureus.se\/fi\/magicard-464-clear-patch-laminate-600-prints\/","title":{"rendered":"Magicard 464 kirkas paikkalaminaatti (600 tulostetta)"},"content":{"rendered":"<p>Magicard 464 on 1,0 milin paksuinen kirkas paikkalaminaatti, joka auttaa suojaamaan muovikortteja jokap\u00e4iv\u00e4isilt\u00e4 hankaumilta. Laminaatti auttaa my\u00f6s pident\u00e4m\u00e4\u00e4n muovikorttien k\u00e4ytt\u00f6ik\u00e4\u00e4 suojaamalla niit\u00e4 naarmuilta ja v\u00e4riaineiden siirtymiselt\u00e4.<\/p>\n<ul>\n<li>\n<p>600 vedosta<\/p>\n<\/li>\n<li>\n<p>Kirkas laminaatti<\/p>\n<\/li>\n<li>\n<p>Yhteensopiva Magicard Prima -korttitulostimen kanssa<\/p>\n<\/li>\n<\/ul>\n<p>\n <strong><br \/>\n Tuotteen paino:<br \/>\n 0,29 kg<br \/>\n <\/strong>\n <\/p>","protected":false},"excerpt":{"rendered":"<p>The Magicard 464 is a 1.0 mil clear patch laminate that helps protects plastic cards from everyday abrasions. The laminate also helps enhanced the life of plastic cards by protecting<\/p>","protected":false},"featured_media":156583,"template":"","meta":{"_acf_changed":false},"product_brand":[],"product_cat":[4838,3216],"product_tag":[4863],"class_list":{"0":"post-156585","1":"product","2":"type-product","3":"status-publish","4":"has-post-thumbnail","6":"product_cat-magicard-prima-band","7":"product_cat-magicard-fargband-retransfer","8":"product_tag-pf","9":"pa_brands-magicard","10":"tm-has-options","12":"first","13":"instock","14":"sale","15":"taxable","16":"shipping-taxable","17":"purchasable","18":"product-type-simple"},"acf":[],"_links":{"self":[{"href":"https:\/\/secureus.se\/fi\/wp-json\/wp\/v2\/product\/156585","targetHints":{"allow":["GET"]}}],"collection":[{"href":"https:\/\/secureus.se\/fi\/wp-json\/wp\/v2\/product"}],"about":[{"href":"https:\/\/secureus.se\/fi\/wp-json\/wp\/v2\/types\/product"}],"wp:featuredmedia":[{"embeddable":true,"href":"https:\/\/secureus.se\/fi\/wp-json\/wp\/v2\/media\/156583"}],"wp:attachment":[{"href":"https:\/\/secureus.se\/fi\/wp-json\/wp\/v2\/media?parent=156585"}],"wp:term":[{"taxonomy":"product_brand","embeddable":true,"href":"https:\/\/secureus.se\/fi\/wp-json\/wp\/v2\/product_brand?post=156585"},{"taxonomy":"product_cat","embeddable":true,"href":"https:\/\/secureus.se\/fi\/wp-json\/wp\/v2\/product_cat?post=156585"},{"taxonomy":"product_tag","embeddable":true,"href":"https:\/\/secureus.se\/fi\/wp-json\/wp\/v2\/product_tag?post=156585"}],"curies":[{"name":"wp","href":"https:\/\/api.w.org\/{rel}","templated":true}]}}