{"id":156618,"date":"2025-09-11T16:35:45","date_gmt":"2025-09-11T14:35:45","guid":{"rendered":"https:\/\/secureus.se\/fargo-45111-ez-ko-ribbon-500-prints\/"},"modified":"2026-05-06T09:42:40","modified_gmt":"2026-05-06T07:42:40","slug":"fargo-45111-ez-ko-ribbon-500-prints","status":"publish","type":"product","link":"https:\/\/secureus.se\/fi\/fargo-45111-ez-ko-ribbon-500-prints\/","title":{"rendered":"Fargo 45111 EZ KO -nauha (500 tulostetta)"},"content":{"rendered":"<h1>Nauha<br \/>\n  Fargo KO \u2013 45111 (500 tulostetta)<\/h1>\n<p>Fargo KO \u2013 45111 (500 tulostetta) -v\u00e4rinauha on KO-v\u00e4rinauha, jossa on<br \/>\n  musta paneeli ja suojap\u00e4\u00e4llyste. Se on hyv\u00e4 valinta, kun tarvitset selke\u00e4n<br \/>\n  teksti\u00e4, viivakoodeja ja lis\u00e4suojaa kortin pinnalla.<\/p>\n<p>Sopii henkil\u00f6korteille, kulkukorteille, j\u00e4senkorteille ja muille<br \/>\n  muovikortteja, joissa vaaditaan korkeaa tulostuslaatua ja luotettavuutta<br \/>\n  t\u00e4rke\u00e4.<\/p>\n<ul>\n<li>Kapasiteetti: jopa 500 tulostetta<\/li>\n<li>B\u00e4ndityyppi: KO<\/li>\n<li>Sopii kaksipuoliseen korttitulostukseen<\/li>\n<li>Tuotenumero: 45111<\/li>\n<\/ul>\n<p><strong>Yhteensopiva Fargo DTC1000:n, DTC1250e:n, DTC4000:n kanssa.,<br \/>\n  DTC4250e, DTC4500e ja C50.<\/strong><\/p>\n<p><strong>Tuotteen paino:<\/strong> 0,20 kg<\/p>","protected":false},"excerpt":{"rendered":"<p>F\u00e4rgband Fargo KO &#8211; 45111 (500 utskrifter) F\u00e4rgband Fargo KO &#8211; 45111 (500 utskrifter) \u00e4r ett KO-band med svart panel och skyddande overlay. Det \u00e4r ett bra val n\u00e4r du<\/p>","protected":false},"featured_media":156617,"template":"","meta":{"_acf_changed":false},"product_brand":[],"product_cat":[4849,4841,4842,4844,4845,4846],"product_tag":[4863],"class_list":{"0":"post-156618","1":"product","2":"type-product","3":"status-publish","4":"has-post-thumbnail","6":"product_cat-c50-band","7":"product_cat-dtc1000-band","8":"product_cat-dtc1250-band","9":"product_cat-dtc4000-band","10":"product_cat-dtc4250-band","11":"product_cat-dtc4500-band","12":"product_tag-pf","13":"pa_brands-fargo","14":"tm-no-options","16":"first","17":"outofstock","18":"sale","19":"taxable","20":"shipping-taxable","21":"purchasable","22":"product-type-simple"},"acf":[],"_links":{"self":[{"href":"https:\/\/secureus.se\/fi\/wp-json\/wp\/v2\/product\/156618","targetHints":{"allow":["GET"]}}],"collection":[{"href":"https:\/\/secureus.se\/fi\/wp-json\/wp\/v2\/product"}],"about":[{"href":"https:\/\/secureus.se\/fi\/wp-json\/wp\/v2\/types\/product"}],"wp:featuredmedia":[{"embeddable":true,"href":"https:\/\/secureus.se\/fi\/wp-json\/wp\/v2\/media\/156617"}],"wp:attachment":[{"href":"https:\/\/secureus.se\/fi\/wp-json\/wp\/v2\/media?parent=156618"}],"wp:term":[{"taxonomy":"product_brand","embeddable":true,"href":"https:\/\/secureus.se\/fi\/wp-json\/wp\/v2\/product_brand?post=156618"},{"taxonomy":"product_cat","embeddable":true,"href":"https:\/\/secureus.se\/fi\/wp-json\/wp\/v2\/product_cat?post=156618"},{"taxonomy":"product_tag","embeddable":true,"href":"https:\/\/secureus.se\/fi\/wp-json\/wp\/v2\/product_tag?post=156618"}],"curies":[{"name":"wp","href":"https:\/\/api.w.org\/{rel}","templated":true}]}}