{"id":156620,"date":"2025-09-11T16:35:41","date_gmt":"2025-09-11T14:35:41","guid":{"rendered":"https:\/\/secureus.se\/fargo-84810-ymc-colour-ribbon-750-prints\/"},"modified":"2026-04-23T12:33:47","modified_gmt":"2026-04-23T10:33:47","slug":"fargo-84810-ymc-colour-ribbon-750-prints","status":"publish","type":"product","link":"https:\/\/secureus.se\/fi\/fargo-84810-ymc-colour-ribbon-750-prints\/","title":{"rendered":"Fargo YMC -nauha \u2013 84810 (750 tulostetta)"},"content":{"rendered":"<h1>Nauha<br \/>\n  Fargo YMC &#8211; 84810 (750 utskrifter)<\/h1>\n<p>F\u00e4rgband Fargo YMC &#8211; 84810 (750 utskrifter) \u00e4r ett f\u00e4rgband f\u00f6r<br \/>\n  muovikorttien tulostaminen ter\u00e4vill\u00e4 v\u00e4reill\u00e4, selke\u00e4ll\u00e4 tekstill\u00e4 ja hyv\u00e4ll\u00e4<br \/>\n  YMC-nauhatyyppi tarjoaa oikean v\u00e4ripaneelien yhdistelm\u00e4n<br \/>\n  ammattimainen korttien painatus.<\/p>\n<p>Sopii henkil\u00f6korteille, kulkukorteille, j\u00e4senkorteille ja muille<br \/>\n  muovikortteja, joissa vaaditaan korkeaa tulostuslaatua ja luotettavuutta<br \/>\n  t\u00e4rke\u00e4.<\/p>\n<ul>\n<li>Kapasiteetti: jopa 750 tulostetta<\/li>\n<li>Nauhatyyppi: YMC<\/li>\n<li>Tuotenumero: 84810<\/li>\n<\/ul>\n<p><strong>Yhteensopiva Fargon kanssa<br \/>\n  HDP8500.<\/strong><\/p>\n<p><strong>Tuotteen paino:<\/strong> 0,25 kg<\/p>","protected":false},"excerpt":{"rendered":"<p>F\u00e4rgband Fargo YMC &#8211; 84810 (750 utskrifter) F\u00e4rgband Fargo YMC &#8211; 84810 (750 utskrifter) \u00e4r ett f\u00e4rgband f\u00f6r utskrift av plastkort med skarpa f\u00e4rger, tydlig text och bra detalj\u00e5tergivning. Bandtypen<\/p>","protected":false},"featured_media":156619,"template":"","meta":{"_acf_changed":false},"product_brand":[],"product_cat":[4853],"product_tag":[4863],"class_list":{"0":"post-156620","1":"product","2":"type-product","3":"status-publish","4":"has-post-thumbnail","6":"product_cat-hdp8500-band","7":"product_tag-pf","8":"pa_brands-fargo","9":"tm-no-options","11":"first","12":"outofstock","13":"sale","14":"taxable","15":"shipping-taxable","16":"purchasable","17":"product-type-simple"},"acf":[],"_links":{"self":[{"href":"https:\/\/secureus.se\/fi\/wp-json\/wp\/v2\/product\/156620","targetHints":{"allow":["GET"]}}],"collection":[{"href":"https:\/\/secureus.se\/fi\/wp-json\/wp\/v2\/product"}],"about":[{"href":"https:\/\/secureus.se\/fi\/wp-json\/wp\/v2\/types\/product"}],"wp:featuredmedia":[{"embeddable":true,"href":"https:\/\/secureus.se\/fi\/wp-json\/wp\/v2\/media\/156619"}],"wp:attachment":[{"href":"https:\/\/secureus.se\/fi\/wp-json\/wp\/v2\/media?parent=156620"}],"wp:term":[{"taxonomy":"product_brand","embeddable":true,"href":"https:\/\/secureus.se\/fi\/wp-json\/wp\/v2\/product_brand?post=156620"},{"taxonomy":"product_cat","embeddable":true,"href":"https:\/\/secureus.se\/fi\/wp-json\/wp\/v2\/product_cat?post=156620"},{"taxonomy":"product_tag","embeddable":true,"href":"https:\/\/secureus.se\/fi\/wp-json\/wp\/v2\/product_tag?post=156620"}],"curies":[{"name":"wp","href":"https:\/\/api.w.org\/{rel}","templated":true}]}}