{"id":156624,"date":"2025-09-11T16:35:46","date_gmt":"2025-09-11T14:35:46","guid":{"rendered":"https:\/\/secureus.se\/fargo-82603-polyguard-overlaminate-250-prints\/"},"modified":"2026-04-08T16:27:26","modified_gmt":"2026-04-08T14:27:26","slug":"fargo-82603-polyguard-overlaminate-250-prints","status":"publish","type":"product","link":"https:\/\/secureus.se\/fi\/fargo-82603-polyguard-overlaminate-250-prints\/","title":{"rendered":"Lamineringsfilm Fargo &#8211; 82603 (250 utskrifter)"},"content":{"rendered":"<h1>Lamineringsfilm<br \/>\n  Fargo &#8211; 82603 (250 utskrifter)<\/h1>\n<p>Lamineringsfilm Fargo &#8211; 82603 (250 utskrifter) \u00e4r ett svart<br \/>\n  monokromt f\u00e4rgband som passar f\u00f6r tydlig text, enkla linjegrafiker och<br \/>\n  l\u00e4sbara streckkoder p\u00e5 plastkort.<\/p>\n<p>Passar bra f\u00f6r ID-kort, passerkort, medlemskort och andra<br \/>\n  plastkort d\u00e4r h\u00f6g utskriftskvalitet och tillf\u00f6rlitlighet \u00e4r<br \/>\n  viktigt.<\/p>\n<ul>\n<li>Kapacitet: upp till 250 utskrifter<\/li>\n<li>Bandtyp: Svart monokrom<\/li>\n<li>Ger extra visuell s\u00e4kerhet med holografisk effekt<\/li>\n<li>Orbit-design f\u00f6r \u00f6kad s\u00e4kerhet<\/li>\n<\/ul>\n<p><strong>Kompatibel med Fargo DTC4500, HDP5000 och<br \/>\n  HDP8500.<\/strong><\/p>\n<p><strong>Tuotteen paino:<\/strong> 0,20 kg<\/p>","protected":false},"excerpt":{"rendered":"<p>Lamineringsfilm Fargo &#8211; 82603 (250 utskrifter) Lamineringsfilm Fargo &#8211; 82603 (250 utskrifter) \u00e4r ett svart monokromt f\u00e4rgband som passar f\u00f6r tydlig text, enkla linjegrafiker och l\u00e4sbara streckkoder p\u00e5 plastkort. Passar<\/p>","protected":false},"featured_media":156623,"template":"","meta":{"_acf_changed":false},"product_brand":[],"product_cat":[4846,4851,4853],"product_tag":[4863],"class_list":{"0":"post-156624","1":"product","2":"type-product","3":"status-publish","4":"has-post-thumbnail","6":"product_cat-dtc4500-band","7":"product_cat-hdp5000e-band","8":"product_cat-hdp8500-band","9":"product_tag-pf","10":"pa_brands-fargo","11":"tm-no-options","13":"first","14":"outofstock","15":"sale","16":"taxable","17":"shipping-taxable","18":"purchasable","19":"product-type-simple"},"acf":[],"_links":{"self":[{"href":"https:\/\/secureus.se\/fi\/wp-json\/wp\/v2\/product\/156624","targetHints":{"allow":["GET"]}}],"collection":[{"href":"https:\/\/secureus.se\/fi\/wp-json\/wp\/v2\/product"}],"about":[{"href":"https:\/\/secureus.se\/fi\/wp-json\/wp\/v2\/types\/product"}],"wp:featuredmedia":[{"embeddable":true,"href":"https:\/\/secureus.se\/fi\/wp-json\/wp\/v2\/media\/156623"}],"wp:attachment":[{"href":"https:\/\/secureus.se\/fi\/wp-json\/wp\/v2\/media?parent=156624"}],"wp:term":[{"taxonomy":"product_brand","embeddable":true,"href":"https:\/\/secureus.se\/fi\/wp-json\/wp\/v2\/product_brand?post=156624"},{"taxonomy":"product_cat","embeddable":true,"href":"https:\/\/secureus.se\/fi\/wp-json\/wp\/v2\/product_cat?post=156624"},{"taxonomy":"product_tag","embeddable":true,"href":"https:\/\/secureus.se\/fi\/wp-json\/wp\/v2\/product_tag?post=156624"}],"curies":[{"name":"wp","href":"https:\/\/api.w.org\/{rel}","templated":true}]}}