{"id":156638,"date":"2025-09-11T16:35:42","date_gmt":"2025-09-11T14:35:42","guid":{"rendered":"https:\/\/secureus.se\/fargo-84922-ymckk-colour-ribbon-600-prints\/"},"modified":"2026-03-26T10:00:28","modified_gmt":"2026-03-26T09:00:28","slug":"fargo-84922-ymckk-colour-ribbon-600-prints","status":"publish","type":"product","link":"https:\/\/secureus.se\/fi\/fargo-84922-ymckk-colour-ribbon-600-prints\/","title":{"rendered":"Fargo 84922 YMCKK v\u00e4rinauha (600 tulostetta)"},"content":{"rendered":"<p>Fargo 84922 YMCKK -v\u00e4rinauha tuottaa jopa 600 erinomaisen laadukasta tulostetta. T\u00e4ysv\u00e4riset paneelit luovat eloisia, korkearesoluutioisia kuvia, kun taas kaksi mustaa hartsipaneelia mahdollistavat ter\u00e4v\u00e4n, selke\u00e4n tekstin ja tarkkojen viivakoodien kaksipuolisen tulostuksen.<\/p>\n<ul>\n<li>600 tulosta per rulla<\/li>\n<li>Normaali kirkas uudelleensiirtokalvo<\/li>\n<li>Valmistajan osanumero \u2013 84922<\/li>\n<\/ul>\n<p><strong>Yhteensopiva Fargo HDP6600 -korttitulostimen kanssa.<\/strong><\/p>\n<p>\n <strong><br \/>\n Tuotteen paino:<br \/>\n 0,20 kg<br \/>\n <\/strong>\n <\/p>","protected":false},"excerpt":{"rendered":"<p>The Fargo 84922 YMCKK full-colour ribbon produces up to 600, outstanding quality prints. The full-colour panels create vibrant, high-resolution images while the two black resin panels allow dual-sided printing of<\/p>","protected":false},"featured_media":156637,"template":"","meta":{"_acf_changed":false},"product_brand":[],"product_cat":[4852],"product_tag":[4863],"class_list":{"0":"post-156638","1":"product","2":"type-product","3":"status-publish","4":"has-post-thumbnail","6":"product_cat-hdp6600-band","7":"product_tag-pf","8":"pa_brands-fargo","9":"tm-no-options","11":"first","12":"instock","13":"sale","14":"taxable","15":"shipping-taxable","16":"purchasable","17":"product-type-simple"},"acf":[],"_links":{"self":[{"href":"https:\/\/secureus.se\/fi\/wp-json\/wp\/v2\/product\/156638","targetHints":{"allow":["GET"]}}],"collection":[{"href":"https:\/\/secureus.se\/fi\/wp-json\/wp\/v2\/product"}],"about":[{"href":"https:\/\/secureus.se\/fi\/wp-json\/wp\/v2\/types\/product"}],"wp:featuredmedia":[{"embeddable":true,"href":"https:\/\/secureus.se\/fi\/wp-json\/wp\/v2\/media\/156637"}],"wp:attachment":[{"href":"https:\/\/secureus.se\/fi\/wp-json\/wp\/v2\/media?parent=156638"}],"wp:term":[{"taxonomy":"product_brand","embeddable":true,"href":"https:\/\/secureus.se\/fi\/wp-json\/wp\/v2\/product_brand?post=156638"},{"taxonomy":"product_cat","embeddable":true,"href":"https:\/\/secureus.se\/fi\/wp-json\/wp\/v2\/product_cat?post=156638"},{"taxonomy":"product_tag","embeddable":true,"href":"https:\/\/secureus.se\/fi\/wp-json\/wp\/v2\/product_tag?post=156638"}],"curies":[{"name":"wp","href":"https:\/\/api.w.org\/{rel}","templated":true}]}}